{"id":19404,"date":"2026-03-11T18:20:47","date_gmt":"2026-03-11T17:20:47","guid":{"rendered":"https:\/\/lawash.es\/?page_id=19404"},"modified":"2026-03-24T12:06:51","modified_gmt":"2026-03-24T11:06:51","slug":"parlem","status":"publish","type":"page","link":"https:\/\/lawash.es\/ca\/parlem\/","title":{"rendered":"Parlem"},"content":{"rendered":"\t\t<div data-elementor-type=\"wp-page\" data-elementor-id=\"19404\" class=\"elementor elementor-19404 elementor-19384\" data-elementor-post-type=\"page\">\n\t\t\t\t\t\t<section class=\"elementor-section elementor-top-section elementor-element elementor-element-2d769aa7 elementor-section-boxed elementor-section-height-default elementor-section-height-default\" data-id=\"2d769aa7\" data-element_type=\"section\">\n\t\t\t\t\t\t<div class=\"elementor-container elementor-column-gap-default\">\n\t\t\t\t\t<div class=\"elementor-column elementor-col-100 elementor-top-column elementor-element elementor-element-6adf48a0\" data-id=\"6adf48a0\" data-element_type=\"column\">\n\t\t\t<div class=\"elementor-widget-wrap elementor-element-populated\">\n\t\t\t\t\t\t<div class=\"elementor-element elementor-element-1e982560 elementor-widget elementor-widget-header_widget\" data-id=\"1e982560\" data-element_type=\"widget\" data-widget_type=\"header_widget.default\">\n\t\t\t\t<div class=\"elementor-widget-container\">\n\t\t\t\t\t<section class=\"hero-section js-hero-section home hero-section--small noSize \">\n    <img decoding=\"async\" alt=\"\" class=\"background-image\" src=\"https:\/\/lawash.es\/wp-content\/uploads\/2024\/10\/LaWash_Call_Center_Dedicado.a8feaf.png\" \/>\n    <div class=\"background-gradient\"><\/div>\n        <div class=\"lawash-container hero-container\">\n        <div class=\"hero-info \">\n\n                            <div class=\"hero-info__breadcrumbs breadcrumbs\">\n    <a href=\"https:\/\/lawash.es\/ca\/\" title=\"Inici\" class=\"hero-info__breadcrumb-link breadcrumb-link\">Inici<\/a>\n    <span class=\"hero-info__breadcrumb-divider breadcrumb-divider\">&nbsp;-&nbsp;<\/span>\n                        \n                <a title=\"Parlem\" href=\"https:\/\/lawash.es\/contacto\/\" class=\"hero-info__breadcrumb-link breadcrumb-link\">Parlem<\/a>\n            <\/div>\n            \n                            <h1 class=\"hero-info__pretitle title-4\">Contactar amb La Wash<\/h1>\n                <h2 class=\"hero-info__title title-1\">\n                    En qu\u00e8 et podem ajudar?\n                <\/h2>\n            \n\n            \n\n            \n                            <div class=\"section-2-cols__buttons\">\n                                                                    <a title=\"Suport al client\" class=\"hero-info__button button-1\"\n                            href=\"https:\/\/lawash.es\/ca\/contacte-la-wash\/\">Suport al client<\/a>\n                                                                    <a title=\"muntar la meva bugaderia\" class=\"hero-info__button button-1\"\n                            href=\"https:\/\/lawash.es\/ca\/contacte\/\">muntar la meva bugaderia<\/a>\n                                    <\/div>\n                    <\/div>\n    <\/div>\n<\/section>\n\t\t\t\t<\/div>\n\t\t\t\t<\/div>\n\t\t\t\t<div class=\"elementor-element elementor-element-54cd1d1a elementor-widget elementor-widget-image_with_text_widget\" data-id=\"54cd1d1a\" data-element_type=\"widget\" data-widget_type=\"image_with_text_widget.default\">\n\t\t\t\t<div class=\"elementor-widget-container\">\n\t\t\t\t\t<section class=\"section-2-cols section-2-cols--full lawash-modulos-section \">\n\t<img decoding=\"async\" alt=\"\" class=\"section-2-cols__img-background\" src=\"https:\/\/lawash.es\/wp-content\/uploads\/2024\/10\/hacer-la-colada-lavanderia-la-wash-avda-ciudad-de-barcelona-93-madrid-2.jpg\" \/>\n\t<div class=\"lawash-container\">\n\t\t<div class=\"lawash-row\">\n\t\t\t<div class=\"lawash-col-6\">\n\t\t\t\t<div class=\"section-2-cols__info\">\n\n\t\t\t\t\t\t\t\t\t\t\t\t\t\t\t\t\t<h3 class=\"section-2-cols__pretitle title-4\">\n\t\t\t\t\t\t\tContacte usuaris\n\t\t\t\t\t\t<\/h3>\n\t\t\t\t\t\t\t\t\t\t\t\n\t\t\t\t\t<h2 class=\"section-2-cols__title title-2\">Clientes de las lavander\u00edas <\/h2>\n\t\t\t\t\t<div class=\"w-100\"><\/div>\n\n\t\t\t\t\t\t\t\t\t\t<p class=\"section-2-cols__paragraph\">Incid\u00e8ncies, dubtes sobre el servei, suggeriments o suport.<\/p>\n\t\t\t\t\t\n\t\t\t\t\t\t\t\t\t\t<div class=\"section-2-cols__buttons\">\n\t\t\t\t\t\t\t\t\t\t\t\t\t\t\t\t\t\t\t\t<a title=\"\" href=\"https:\/\/lawash.es\/ca\/contacte-la-wash\/\" class=\"button-1\" >\n  Contacte per a usuaris\n<\/a>\n\t\t\t\t\t\t\t\t\t\t\t<\/div>\n\t\t\t\t\t\t\t\t\t<\/div>\n\t\t\t<\/div>\n\t\t<\/div>\n\t<\/div>\n<\/section>\t\t\t\t<\/div>\n\t\t\t\t<\/div>\n\t\t\t\t<div class=\"elementor-element elementor-element-4d873e5 elementor-widget elementor-widget-image_with_text_widget\" data-id=\"4d873e5\" data-element_type=\"widget\" data-widget_type=\"image_with_text_widget.default\">\n\t\t\t\t<div class=\"elementor-widget-container\">\n\t\t\t\t\t<section class=\"section-2-cols section-2-cols--full lawash-modulos-section section-2-cols--inverse\">\n\t<img decoding=\"async\" alt=\"\" class=\"section-2-cols__img-background\" src=\"https:\/\/lawash.es\/wp-content\/uploads\/2024\/10\/Oportunidades-de-inversion-en-Franquicias-de-Lavanderias-Autoservicio.jpg\" \/>\n\t<div class=\"lawash-container\">\n\t\t<div class=\"lawash-row\">\n\t\t\t<div class=\"lawash-col-6\">\n\t\t\t\t<div class=\"section-2-cols__info\">\n\n\t\t\t\t\t\t\t\t\t\t\t\t\t\t\t\t\t<h3 class=\"section-2-cols__pretitle title-4\">\n\t\t\t\t\t\t\tContacte Franqu\u00edcia\n\t\t\t\t\t\t<\/h3>\n\t\t\t\t\t\t\t\t\t\t\t\n\t\t\t\t\t<h2 class=\"section-2-cols__title title-2\">Interessats a muntar una bugaderia<\/h2>\n\t\t\t\t\t<div class=\"w-100\"><\/div>\n\n\t\t\t\t\t\t\t\t\t\t<p class=\"section-2-cols__paragraph\">Informaci\u00f3 de franqu\u00edcia, inversi\u00f3, zones disponibles i proc\u00e9s.<\/p>\n\t\t\t\t\t\n\t\t\t\t\t\t\t\t\t\t<div class=\"section-2-cols__buttons\">\n\t\t\t\t\t\t\t\t\t\t\t\t\t\t\t\t\t\t\t\t<a title=\"\" href=\"\" class=\"button-1\" >\n  Informaci\u00f3 de franqu\u00edcia\n<\/a>\n\t\t\t\t\t\t\t\t\t\t\t<\/div>\n\t\t\t\t\t\t\t\t\t<\/div>\n\t\t\t<\/div>\n\t\t<\/div>\n\t<\/div>\n<\/section>\t\t\t\t<\/div>\n\t\t\t\t<\/div>\n\t\t\t\t<div class=\"elementor-element elementor-element-e49175c elementor-widget elementor-widget-global elementor-global-7622 elementor-widget-map_widget\" data-id=\"e49175c\" data-element_type=\"widget\" data-widget_type=\"map_widget.default\">\n\t\t\t\t<div class=\"elementor-widget-container\">\n\t\t\t\t\t<section class=\"section-2-cols section-2-cols--full map-cols-2-section\">\n    <div class=\"lawash-row fullback-row\">\n        <div class=\"lawash-col-6\">\n            <div class=\"background-1\"><\/div>\n        <\/div>\n        <div class=\"lawash-col-6 pl-0\">\n            <div class=\"section-2-cols__map map\">\n                <iframe \n                class=\"map-iframe\"\n                width=\"100%\" \n                height=\"100%\" \n                style=\"border:0\" \n                loading=\"lazy\",\n                allowfullscreen,\n                title=\"Oficina Central\" \n                aria-label=\"C\/ FREDERIC MOMPOU, 4a, 3\u00ba 2\u00aa\" \n                referrerpolicy=\"no-referrer-when-downgrade\",\n                src=\"https:\/\/www.google.com\/maps\/embed?pb=!1m18!1m12!1m3!1d5987.909035721029!2d2.072439112450698!3d41.375072871181814!2m3!1f0!2f0!3f0!3m2!1i1024!2i768!4f13.1!3m3!1m2!1s0x12a4a3100d126c73%3A0x29012f1603dd2096!2sLa%20Wash%20-%20Oficinas%20centrales!5e0!3m2!1ses!2sie!4v1724397275889!5m2!1ses!2sie\"><\/iframe>\n            <\/div>\n        <\/div>\n    <\/div>        \n    <div class=\"lawash-container background-1-mobile\">\n        <div class=\"lawash-row\">\n            <div class=\"lawash-col-6\">\n                <div class=\"section-2-cols__info\">\n                    <h2 class=\"section-2-cols__title section-2-cols__title-mb-1 title-2\">Oficina Central<\/h2>\n                    <div class=\"w-100\"><\/div>\n                    <h3 class=\"section-2-cols__subtitle title-4\">\n                        C\/ FREDERIC MOMPOU, 4a, 3\u00ba 2\u00aa<br>\n                        08960 Sant Just Desvern<br>\n                        Barcelona\n                    <\/h3>\n                <\/div>\n            <\/div>\n        <\/div>\n    <\/div>\n<\/section>\t\t\t\t<\/div>\n\t\t\t\t<\/div>\n\t\t\t\t\t<\/div>\n\t\t<\/div>\n\t\t\t\t\t<\/div>\n\t\t<\/section>\n\t\t\t\t<\/div>\n\t\t","protected":false},"excerpt":{"rendered":"<p>Inici &nbsp;&#8211;&nbsp; Parlem Contactar amb La Wash En qu\u00e8 et podem ajudar? Suport al client muntar la meva bugaderia Contacte usuaris Clientes de las lavander\u00edas Incid\u00e8ncies, dubtes sobre el servei, suggeriments o suport. Contacte per a usuaris Contacte Franqu\u00edcia Interessats a muntar una bugaderia Informaci\u00f3 de franqu\u00edcia, inversi\u00f3, zones disponibles i proc\u00e9s. Informaci\u00f3 de franqu\u00edcia &hellip; <a href=\"https:\/\/lawash.es\/ca\/parlem\/\">Continued<\/a><\/p>\n","protected":false},"author":1,"featured_media":0,"parent":0,"menu_order":0,"comment_status":"closed","ping_status":"closed","template":"template-elementor.blade.php","meta":{"_acf_changed":false,"inline_featured_image":false,"footnotes":""},"class_list":["post-19404","page","type-page","status-publish","hentry"],"acf":[],"yoast_head":"<!-- This site is optimized with the Yoast SEO plugin v24.4 - https:\/\/yoast.com\/wordpress\/plugins\/seo\/ -->\n<title>Parlem | La Wash<\/title>\n<meta name=\"description\" content=\"Parla amb La Wash i contacta segons la teva necessitat: suport per a usuaris o informaci\u00f3 per obrir la teva pr\u00f2pia bugaderia autoservei.\" \/>\n<meta name=\"robots\" content=\"index, follow, max-snippet:-1, max-image-preview:large, max-video-preview:-1\" \/>\n<link rel=\"canonical\" href=\"https:\/\/lawash.es\/ca\/parlem\/\" \/>\n<meta property=\"og:locale\" content=\"ca_ES\" \/>\n<meta property=\"og:type\" content=\"article\" \/>\n<meta property=\"og:title\" content=\"Parlem | La Wash\" \/>\n<meta property=\"og:description\" content=\"Parla amb La Wash i contacta segons la teva necessitat: suport per a usuaris o informaci\u00f3 per obrir la teva pr\u00f2pia bugaderia autoservei.\" \/>\n<meta property=\"og:url\" content=\"https:\/\/lawash.es\/ca\/parlem\/\" \/>\n<meta property=\"og:site_name\" content=\"La Wash\" \/>\n<meta property=\"article:modified_time\" content=\"2026-03-24T11:06:51+00:00\" \/>\n<meta property=\"og:image\" content=\"https:\/\/lawash.es\/wp-content\/uploads\/2024\/10\/LaWash_Call_Center_Dedicado.a8feaf.png\" \/>\n<meta name=\"twitter:card\" content=\"summary_large_image\" \/>\n<meta name=\"twitter:label1\" content=\"Temps estimat de lectura\" \/>\n\t<meta name=\"twitter:data1\" content=\"1 minut\" \/>\n<!-- \/ Yoast SEO plugin. -->","yoast_head_json":{"title":"Parlem | La Wash","description":"Parla amb La Wash i contacta segons la teva necessitat: suport per a usuaris o informaci\u00f3 per obrir la teva pr\u00f2pia bugaderia autoservei.","robots":{"index":"index","follow":"follow","max-snippet":"max-snippet:-1","max-image-preview":"max-image-preview:large","max-video-preview":"max-video-preview:-1"},"canonical":"https:\/\/lawash.es\/ca\/parlem\/","og_locale":"ca_ES","og_type":"article","og_title":"Parlem | La Wash","og_description":"Parla amb La Wash i contacta segons la teva necessitat: suport per a usuaris o informaci\u00f3 per obrir la teva pr\u00f2pia bugaderia autoservei.","og_url":"https:\/\/lawash.es\/ca\/parlem\/","og_site_name":"La Wash","article_modified_time":"2026-03-24T11:06:51+00:00","og_image":[{"url":"https:\/\/lawash.es\/wp-content\/uploads\/2024\/10\/LaWash_Call_Center_Dedicado.a8feaf.png","type":"","width":"","height":""}],"twitter_card":"summary_large_image","twitter_misc":{"Temps estimat de lectura":"1 minut"},"schema":{"@context":"https:\/\/schema.org","@graph":[{"@type":"WebPage","@id":"https:\/\/lawash.es\/ca\/parlem\/","url":"https:\/\/lawash.es\/ca\/parlem\/","name":"Parlem | La Wash","isPartOf":{"@id":"https:\/\/lawash.es\/ca\/#website"},"primaryImageOfPage":{"@id":"https:\/\/lawash.es\/ca\/parlem\/#primaryimage"},"image":{"@id":"https:\/\/lawash.es\/ca\/parlem\/#primaryimage"},"thumbnailUrl":"https:\/\/lawash.es\/wp-content\/uploads\/2024\/10\/LaWash_Call_Center_Dedicado.a8feaf.png","datePublished":"2026-03-11T17:20:47+00:00","dateModified":"2026-03-24T11:06:51+00:00","description":"Parla amb La Wash i contacta segons la teva necessitat: suport per a usuaris o informaci\u00f3 per obrir la teva pr\u00f2pia bugaderia autoservei.","breadcrumb":{"@id":"https:\/\/lawash.es\/ca\/parlem\/#breadcrumb"},"inLanguage":"ca","potentialAction":[{"@type":"ReadAction","target":["https:\/\/lawash.es\/ca\/parlem\/"]}]},{"@type":"ImageObject","inLanguage":"ca","@id":"https:\/\/lawash.es\/ca\/parlem\/#primaryimage","url":"https:\/\/lawash.es\/wp-content\/uploads\/2024\/10\/LaWash_Call_Center_Dedicado.a8feaf.png","contentUrl":"https:\/\/lawash.es\/wp-content\/uploads\/2024\/10\/LaWash_Call_Center_Dedicado.a8feaf.png"},{"@type":"BreadcrumbList","@id":"https:\/\/lawash.es\/ca\/parlem\/#breadcrumb","itemListElement":[{"@type":"ListItem","position":1,"name":"Portada","item":"https:\/\/lawash.es\/ca\/"},{"@type":"ListItem","position":2,"name":"Parlem"}]},{"@type":"WebSite","@id":"https:\/\/lawash.es\/ca\/#website","url":"https:\/\/lawash.es\/ca\/","name":"La Wash","description":"Franquicia de lavander\u00edas autoservicio","potentialAction":[{"@type":"SearchAction","target":{"@type":"EntryPoint","urlTemplate":"https:\/\/lawash.es\/ca\/?s={search_term_string}"},"query-input":{"@type":"PropertyValueSpecification","valueRequired":true,"valueName":"search_term_string"}}],"inLanguage":"ca"}]}},"_links":{"self":[{"href":"https:\/\/lawash.es\/ca\/wp-json\/wp\/v2\/pages\/19404","targetHints":{"allow":["GET"]}}],"collection":[{"href":"https:\/\/lawash.es\/ca\/wp-json\/wp\/v2\/pages"}],"about":[{"href":"https:\/\/lawash.es\/ca\/wp-json\/wp\/v2\/types\/page"}],"author":[{"embeddable":true,"href":"https:\/\/lawash.es\/ca\/wp-json\/wp\/v2\/users\/1"}],"replies":[{"embeddable":true,"href":"https:\/\/lawash.es\/ca\/wp-json\/wp\/v2\/comments?post=19404"}],"version-history":[{"count":0,"href":"https:\/\/lawash.es\/ca\/wp-json\/wp\/v2\/pages\/19404\/revisions"}],"wp:attachment":[{"href":"https:\/\/lawash.es\/ca\/wp-json\/wp\/v2\/media?parent=19404"}],"curies":[{"name":"wp","href":"https:\/\/api.w.org\/{rel}","templated":true}]}}