{"id":19491,"date":"2026-03-13T12:00:49","date_gmt":"2026-03-13T11:00:49","guid":{"rendered":"https:\/\/lawash.es\/?page_id=19491"},"modified":"2026-03-13T12:25:31","modified_gmt":"2026-03-13T11:25:31","slug":"contacte","status":"publish","type":"page","link":"https:\/\/lawash.es\/ca\/contacte\/","title":{"rendered":"Contacte"},"content":{"rendered":"\t\t<div data-elementor-type=\"wp-page\" data-elementor-id=\"19491\" class=\"elementor elementor-19491\" data-elementor-post-type=\"page\">\n\t\t\t\t\t\t<section class=\"elementor-section elementor-top-section elementor-element elementor-element-30249173 elementor-section-boxed elementor-section-height-default elementor-section-height-default\" data-id=\"30249173\" data-element_type=\"section\">\n\t\t\t\t\t\t<div class=\"elementor-container elementor-column-gap-default\">\n\t\t\t\t\t<div class=\"elementor-column elementor-col-100 elementor-top-column elementor-element elementor-element-24ebfef\" data-id=\"24ebfef\" data-element_type=\"column\">\n\t\t\t<div class=\"elementor-widget-wrap elementor-element-populated\">\n\t\t\t\t\t\t<div class=\"elementor-element elementor-element-771cd441 elementor-widget elementor-widget-header_widget\" data-id=\"771cd441\" data-element_type=\"widget\" data-widget_type=\"header_widget.default\">\n\t\t\t\t<div class=\"elementor-widget-container\">\n\t\t\t\t\t<section class=\"hero-section js-hero-section home hero-section--small noSize \">\n    <img decoding=\"async\" alt=\"\" class=\"background-image\" src=\"https:\/\/lawash.es\/wp-content\/uploads\/2024\/10\/contacto.911681.jpg\" \/>\n    <div class=\"background-gradient\"><\/div>\n        <div class=\"lawash-container hero-container\">\n        <div class=\"hero-info \">\n\n                            <div class=\"hero-info__breadcrumbs breadcrumbs\">\n    <a href=\"https:\/\/lawash.es\/ca\/\" title=\"Inici\" class=\"hero-info__breadcrumb-link breadcrumb-link\">Inici<\/a>\n    <span class=\"hero-info__breadcrumb-divider breadcrumb-divider\">&nbsp;-&nbsp;<\/span>\n                        \n                <a title=\"Contacte\" href=\"\" class=\"hero-info__breadcrumb-link breadcrumb-link\">Contacte<\/a>\n            <\/div>\n            \n                            <h1 class=\"hero-info__pretitle title-4\">Contacta amb la wash<\/h1>\n                <h2 class=\"hero-info__title title-1\">\n                    <span class=\"custom-text-highlight custom-text-highlight-3\"> CONVERTEIX-TE EN FRANQUICIAT DE<br><\/span>\n            <span class=\"custom-highlight custom-underline-4\">\n              <img decoding=\"async\" alt=\"\" class=\"custom-highlight__img\" src=\"https:\/\/lawash.es\/wp-content\/themes\/sage\/public\/img\/custom-underline-1.8cb80b.svg\" \/>\n              <span class=\"custom-highlight__text\">LA WASH<\/span>\n            <\/span>\n            <span class=\"custom-text-highlight custom-text-highlight-3\"><\/span>\n        \n                <\/h2>\n            \n\n            \n\n            \n                    <\/div>\n    <\/div>\n<\/section>\n\t\t\t\t<\/div>\n\t\t\t\t<\/div>\n\t\t\t\t<div class=\"elementor-element elementor-element-7d9a84eb elementor-widget elementor-widget-form_widget\" data-id=\"7d9a84eb\" data-element_type=\"widget\" data-widget_type=\"form_widget.default\">\n\t\t\t\t<div class=\"elementor-widget-container\">\n\t\t\t\t\t<section class=\"section-2-cols support-section contact-section\">\n    <div class=\"lawash-container\">\n        <div class=\"lawash-row\">\n            <div class=\"lawash-col-auto\">\n                <div class=\"section-2-cols__info align-content-between\">\n                    <div>\n                        <h2 class=\"section-2-cols__title title-2\">\n                            Vols obrir la teva bugaderia autoservei?\n\n                        <\/h2>\n                        <div class=\"w-100\"><\/div>\n\n                        <p class=\"section-2-cols__paragraph\">\n                            Deixa'ns les teves dades i el nostre equip et contactar\u00e0 per ajudar-te a llan\u00e7ar el teu negoci amb el suport del l\u00edder del sector. T'acompanyem en tot el proc\u00e9s: des de l'elecci\u00f3 del local i les obres fins a l'obertura i la gesti\u00f3 del dia a dia.<br><br><strong>Completa aquest formulari nom\u00e9s si est\u00e0s interessat a obrir una franqu\u00edcia La Wash<\/strong>.\n                        <\/p>\n\n                                            <\/div>\n                <\/div>\n            <\/div>\n            <div class=\"lawash-col\">\n                                <div id=\"hubspot-form-12312\">\n                    <script charset=\"utf-8\" type=\"text\/javascript\" src=\"\/\/js.hsforms.net\/forms\/v2.js\"><\/script>\n                    <script>\n                      hbspt.forms.create({\n                          region: \"eu1\",\n                          portalId: \"25252882\",\n                          formId: \"bea60d42-7365-4258-b6b8-e9428fdc4a86\"\n                      });\n                    <\/script>\n                <\/div>\n                            <\/div>\n\n        <\/div>\n    <\/div>\n<\/section>\n\t\t\t\t<\/div>\n\t\t\t\t<\/div>\n\t\t\t\t\t<\/div>\n\t\t<\/div>\n\t\t\t\t\t<\/div>\n\t\t<\/section>\n\t\t\t\t<\/div>\n\t\t","protected":false},"excerpt":{"rendered":"<p>Inicio &nbsp;&#8211;&nbsp; Contacte Contacta amb la wash CONVERTEIX-TE EN FRANQUICIAT DE LA WASH Vols obrir la teva bugaderia autoservei? Deixa&#8217;ns les teves dades i el nostre equip et contactar\u00e0 per ajudar-te a llan\u00e7ar el teu negoci amb el suport del l\u00edder del sector. T&#8217;acompanyem en tot el proc\u00e9s: des de l&#8217;elecci\u00f3 del local i les &hellip; <a href=\"https:\/\/lawash.es\/ca\/contacte\/\">Continued<\/a><\/p>\n","protected":false},"author":3,"featured_media":0,"parent":0,"menu_order":0,"comment_status":"closed","ping_status":"closed","template":"template-elementor.blade.php","meta":{"_acf_changed":false,"inline_featured_image":false,"footnotes":""},"class_list":["post-19491","page","type-page","status-publish","hentry"],"acf":[],"yoast_head":"<!-- This site is optimized with the Yoast SEO plugin v24.4 - https:\/\/yoast.com\/wordpress\/plugins\/seo\/ -->\n<title>Contacte | La Wash<\/title>\n<meta name=\"robots\" content=\"index, follow, max-snippet:-1, max-image-preview:large, max-video-preview:-1\" \/>\n<link rel=\"canonical\" href=\"https:\/\/lawash.es\/ca\/contacte\/\" \/>\n<meta property=\"og:locale\" content=\"ca_ES\" \/>\n<meta property=\"og:type\" content=\"article\" \/>\n<meta property=\"og:title\" content=\"Contacte | La Wash\" \/>\n<meta property=\"og:description\" content=\"Inicio &nbsp;&#8211;&nbsp; Contacte Contacta amb la wash CONVERTEIX-TE EN FRANQUICIAT DE LA WASH Vols obrir la teva bugaderia autoservei? Deixa&#8217;ns les teves dades i el nostre equip et contactar\u00e0 per ajudar-te a llan\u00e7ar el teu negoci amb el suport del l\u00edder del sector. T&#8217;acompanyem en tot el proc\u00e9s: des de l&#8217;elecci\u00f3 del local i les &hellip; Continued\" \/>\n<meta property=\"og:url\" content=\"https:\/\/lawash.es\/ca\/contacte\/\" \/>\n<meta property=\"og:site_name\" content=\"La Wash\" \/>\n<meta property=\"article:modified_time\" content=\"2026-03-13T11:25:31+00:00\" \/>\n<meta property=\"og:image\" content=\"https:\/\/lawash.es\/wp-content\/uploads\/2024\/10\/contacto.911681.jpg\" \/>\n<meta name=\"twitter:card\" content=\"summary_large_image\" \/>\n<meta name=\"twitter:label1\" content=\"Temps estimat de lectura\" \/>\n\t<meta name=\"twitter:data1\" content=\"1 minut\" \/>\n<!-- \/ Yoast SEO plugin. -->","yoast_head_json":{"title":"Contacte | La Wash","robots":{"index":"index","follow":"follow","max-snippet":"max-snippet:-1","max-image-preview":"max-image-preview:large","max-video-preview":"max-video-preview:-1"},"canonical":"https:\/\/lawash.es\/ca\/contacte\/","og_locale":"ca_ES","og_type":"article","og_title":"Contacte | La Wash","og_description":"Inicio &nbsp;&#8211;&nbsp; Contacte Contacta amb la wash CONVERTEIX-TE EN FRANQUICIAT DE LA WASH Vols obrir la teva bugaderia autoservei? Deixa&#8217;ns les teves dades i el nostre equip et contactar\u00e0 per ajudar-te a llan\u00e7ar el teu negoci amb el suport del l\u00edder del sector. T&#8217;acompanyem en tot el proc\u00e9s: des de l&#8217;elecci\u00f3 del local i les &hellip; Continued","og_url":"https:\/\/lawash.es\/ca\/contacte\/","og_site_name":"La Wash","article_modified_time":"2026-03-13T11:25:31+00:00","og_image":[{"url":"https:\/\/lawash.es\/wp-content\/uploads\/2024\/10\/contacto.911681.jpg","type":"","width":"","height":""}],"twitter_card":"summary_large_image","twitter_misc":{"Temps estimat de lectura":"1 minut"},"schema":{"@context":"https:\/\/schema.org","@graph":[{"@type":"WebPage","@id":"https:\/\/lawash.es\/ca\/contacte\/","url":"https:\/\/lawash.es\/ca\/contacte\/","name":"Contacte | La Wash","isPartOf":{"@id":"https:\/\/lawash.es\/ca\/#website"},"primaryImageOfPage":{"@id":"https:\/\/lawash.es\/ca\/contacte\/#primaryimage"},"image":{"@id":"https:\/\/lawash.es\/ca\/contacte\/#primaryimage"},"thumbnailUrl":"https:\/\/lawash.es\/wp-content\/uploads\/2024\/10\/contacto.911681.jpg","datePublished":"2026-03-13T11:00:49+00:00","dateModified":"2026-03-13T11:25:31+00:00","breadcrumb":{"@id":"https:\/\/lawash.es\/ca\/contacte\/#breadcrumb"},"inLanguage":"ca","potentialAction":[{"@type":"ReadAction","target":["https:\/\/lawash.es\/ca\/contacte\/"]}]},{"@type":"ImageObject","inLanguage":"ca","@id":"https:\/\/lawash.es\/ca\/contacte\/#primaryimage","url":"https:\/\/lawash.es\/wp-content\/uploads\/2024\/10\/contacto.911681.jpg","contentUrl":"https:\/\/lawash.es\/wp-content\/uploads\/2024\/10\/contacto.911681.jpg"},{"@type":"BreadcrumbList","@id":"https:\/\/lawash.es\/ca\/contacte\/#breadcrumb","itemListElement":[{"@type":"ListItem","position":1,"name":"Portada","item":"https:\/\/lawash.es\/ca\/"},{"@type":"ListItem","position":2,"name":"Contacte"}]},{"@type":"WebSite","@id":"https:\/\/lawash.es\/ca\/#website","url":"https:\/\/lawash.es\/ca\/","name":"La Wash","description":"Franquicia de lavander\u00edas autoservicio","potentialAction":[{"@type":"SearchAction","target":{"@type":"EntryPoint","urlTemplate":"https:\/\/lawash.es\/ca\/?s={search_term_string}"},"query-input":{"@type":"PropertyValueSpecification","valueRequired":true,"valueName":"search_term_string"}}],"inLanguage":"ca"}]}},"_links":{"self":[{"href":"https:\/\/lawash.es\/ca\/wp-json\/wp\/v2\/pages\/19491","targetHints":{"allow":["GET"]}}],"collection":[{"href":"https:\/\/lawash.es\/ca\/wp-json\/wp\/v2\/pages"}],"about":[{"href":"https:\/\/lawash.es\/ca\/wp-json\/wp\/v2\/types\/page"}],"author":[{"embeddable":true,"href":"https:\/\/lawash.es\/ca\/wp-json\/wp\/v2\/users\/3"}],"replies":[{"embeddable":true,"href":"https:\/\/lawash.es\/ca\/wp-json\/wp\/v2\/comments?post=19491"}],"version-history":[{"count":0,"href":"https:\/\/lawash.es\/ca\/wp-json\/wp\/v2\/pages\/19491\/revisions"}],"wp:attachment":[{"href":"https:\/\/lawash.es\/ca\/wp-json\/wp\/v2\/media?parent=19491"}],"curies":[{"name":"wp","href":"https:\/\/api.w.org\/{rel}","templated":true}]}}