{"id":5124,"date":"2024-08-15T13:07:58","date_gmt":"2024-08-15T11:07:58","guid":{"rendered":"https:\/\/lawash.es\/app-la-wash\/"},"modified":"2024-11-11T23:38:55","modified_gmt":"2024-11-11T22:38:55","slug":"app-la-wash","status":"publish","type":"page","link":"https:\/\/lawash.es\/ca\/app-la-wash\/","title":{"rendered":"App La Wash"},"content":{"rendered":"\t\t<div data-elementor-type=\"wp-page\" data-elementor-id=\"5124\" class=\"elementor elementor-5124 elementor-11\" data-elementor-post-type=\"page\">\n\t\t\t\t\t\t<section class=\"elementor-section elementor-top-section elementor-element elementor-element-f7eb62c elementor-section-boxed elementor-section-height-default elementor-section-height-default\" data-id=\"f7eb62c\" data-element_type=\"section\">\n\t\t\t\t\t\t<div class=\"elementor-container elementor-column-gap-default\">\n\t\t\t\t\t<div class=\"elementor-column elementor-col-100 elementor-top-column elementor-element elementor-element-635baed\" data-id=\"635baed\" data-element_type=\"column\">\n\t\t\t<div class=\"elementor-widget-wrap elementor-element-populated\">\n\t\t\t\t\t\t<div class=\"elementor-element elementor-element-c0e4044 elementor-widget elementor-widget-header_widget\" data-id=\"c0e4044\" data-element_type=\"widget\" data-widget_type=\"header_widget.default\">\n\t\t\t\t<div class=\"elementor-widget-container\">\n\t\t\t\t\t<section class=\"hero-section js-hero-section home  \">\n    <img decoding=\"async\" alt=\"\" class=\"background-image\" src=\"https:\/\/lawash.es\/wp-content\/uploads\/2024\/10\/app-la-wash.jpg\" \/>\n    <div class=\"background-gradient\"><\/div>\n        <div class=\"lawash-container hero-container\">\n        <div class=\"hero-info \">\n\n            \n                            <h1 class=\"hero-info__pretitle title-4\">APP LA WASH<\/h1>\n                <h2 class=\"hero-info__title title-1\">\n                    <span class=\"custom-text-highlight custom-text-highlight-1\"> La teva bugaderia, tamb\u00e9 al<\/span>\n            <span class=\"custom-highlight custom-highlight-1\">\n              <img decoding=\"async\" alt=\"\" class=\"custom-highlight__img\" src=\"https:\/\/lawash.es\/wp-content\/themes\/sage\/public\/img\/custom-highlight-1.233d55.svg\" \/>\n              <span class=\"custom-highlight__text\">teu m\u00f2bil<\/span>\n            <\/span>\n            <span class=\"custom-text-highlight custom-text-highlight-1\"><\/span>\n        \n                <\/h2>\n            \n\n                        <p class=\"hero-info__paragraph\">\n                Accedeix a tots els serveis de rentat i assecat des del tel\u00e8fon\n            <\/p>\n            \n\n                            <div class=\"hero-info__apps apps-section__apps\">\n                                                                    <a title=\"Descarrega&#039;l a l&#039;App Store\" class=\"apps-section__app-logo\" href=\"https:\/\/apps.apple.com\/es\/app\/lawash\/id1160184056\" target=\"_blank\">\n                            <img decoding=\"async\" alt=\"Descarrega&#039;l a l&#039;App Store\" class=\"apps-section__app-img\" src=\"https:\/\/lawash.es\/wp-content\/uploads\/2024\/10\/app-store.5c0ed0.svg\" \/>\n                        <\/a>\n                                                                    <a title=\"Disponible a Google Play\" class=\"apps-section__app-logo\" href=\"https:\/\/play.google.com\/store\/apps\/details?id=lawash.com.lawash&amp;hl=en\" target=\"_blank\">\n                            <img decoding=\"async\" alt=\"Disponible a Google Play\" class=\"apps-section__app-img\" src=\"https:\/\/lawash.es\/wp-content\/uploads\/2024\/10\/google-play.svg\" \/>\n                        <\/a>\n                                    <\/div>\n            \n                    <\/div>\n    <\/div>\n<\/section>\n\t\t\t\t<\/div>\n\t\t\t\t<\/div>\n\t\t\t\t<div class=\"elementor-element elementor-element-30314f9 elementor-widget elementor-widget-banner_only_text_widget\" data-id=\"30314f9\" data-element_type=\"widget\" data-widget_type=\"banner_only_text_widget.default\">\n\t\t\t\t<div class=\"elementor-widget-container\">\n\t\t\t\t\t<section\n  class=\"section-centered-cols investors-section background-lightgrey election-section--background-white\"\n\n  >\n  <div class=\"lawash-container\">\n    <div class=\"lawash-row\">\n      <div class=\"lawash-col-12\">\n        \n        <h2 class=\"section-auto-cols__title title-1 max-w-600\">\n                      L'aplicaci\u00f3 m\u00f2bil de La Wash: f\u00e0cil, c\u00f2moda i r\u00e0pida\n                  <\/h2>\n      <\/div>\n      <div class=\"lawash-col-auto\">\n        <p class=\"section-auto-cols__paragraph\">\n          LaWash \u00e9s una app senzilla i intu\u00eftiva que et permet fer la teva bugada de manera r\u00e0pida i c\u00f2moda. Oblida't de les cues i de portar efectiu. Amb LaWash, ho tens tot controlat des del teu smartphone.\n        <\/p>\n\n              <\/div>\n\n\n    <\/div>\n  <\/div>\n<\/section>\n\t\t\t\t<\/div>\n\t\t\t\t<\/div>\n\t\t\t\t<div class=\"elementor-element elementor-element-6f7ba3d elementor-widget elementor-widget-explanation_app_widget\" data-id=\"6f7ba3d\" data-element_type=\"widget\" data-widget_type=\"explanation_app_widget.default\">\n\t\t\t\t<div class=\"elementor-widget-container\">\n\t\t\t\t\t<section class=\"explanation-app-section\">\n    <img decoding=\"async\" alt=\"\" class=\"explanation-app__background\" src=\"https:\/\/lawash.es\/wp-content\/uploads\/2024\/10\/explanation-app-background-scaled-1.jpg\" \/>\n\n    <div class=\"lawash-container\">\n        <div class=\"lawash-row\">\n            <div class=\"lawash-col-12\">\n                <h2 class=\"section-auto-cols__subtitle title-5\" style=\"max-width:754px;\">\n                    LaWash \u00e9s l&#039;app que revoluciona la forma d&#039;anar a rentar la teva roba. Amb ella, pots:\n                <\/h2>\n            <\/div>\n        <\/div>\n        <div class=\"lawash-row lawash-row-schema\">\n          <div class=\"lawash-col-schema-left\">\n                          <div class=\"explanation-app__schema-text schema-text-1\">\n                <h3 class=\"explanation-app__schema-span ml-4\">Localitzar la teva bugaderia LaWash m\u00e9s propera<\/h3>\n                <img decoding=\"async\" alt=\"\" class=\"explanation-app__schema-arrow\" src=\"https:\/\/lawash.es\/wp-content\/themes\/sage\/public\/img\/schema-arrow-1.2eb267.svg\" \/>\n              <\/div>\n                                      <div class=\"explanation-app__schema-text schema-text-1\">\n                <h3 class=\"explanation-app__schema-span\">Consultar la disponibilitat de rentadores i assecadores en temps real<\/h3>\n                <img decoding=\"async\" alt=\"\" class=\"explanation-app__schema-arrow mr-4\" src=\"https:\/\/lawash.es\/wp-content\/themes\/sage\/public\/img\/schema-arrow-2.fdbdfd.svg\" \/>\n              <\/div>\n                                      <div class=\"explanation-app__schema-text schema-text-1\">\n                <h3 class=\"explanation-app__schema-span ml-4\">Reservar la teva rentadora i assecadora amb antelaci\u00f3<\/h3>\n                <img decoding=\"async\" alt=\"\" class=\"explanation-app__schema-arrow\" src=\"https:\/\/lawash.es\/wp-content\/themes\/sage\/public\/img\/schema-arrow-3.e2f7b6.svg\" \/>\n              <\/div>\n                      <\/div>\n          <div class=\"lawash-col-schema-center\">\n              <img decoding=\"async\" alt=\"\" class=\"explanation-app__principal-img\" src=\"https:\/\/lawash.es\/wp-content\/uploads\/2024\/10\/explanation-app.png\" \/>\n          <\/div>\n          <div class=\"lawash-col-schema-right\">\n                          <div class=\"explanation-app__schema-text schema-text-4\">\n                <img decoding=\"async\" alt=\"\" class=\"explanation-app__schema-arrow\" src=\"https:\/\/lawash.es\/wp-content\/themes\/sage\/public\/img\/schema-arrow-4.e3c626.svg\" \/>\n                <h3 class=\"explanation-app__schema-span mr-4\">Pagar des de l&#039;app<\/h3>\n              <\/div>\n                                      <div class=\"explanation-app__schema-text schema-text-5\">\n                <img decoding=\"async\" alt=\"\" class=\"explanation-app__schema-arrow ml-4\" src=\"https:\/\/lawash.es\/wp-content\/themes\/sage\/public\/img\/schema-arrow-5.4c24cc.svg\" \/>\n                <h3 class=\"explanation-app__schema-span\">Rebre notificacions sobre l&#039;estat dels teus rentats<\/h3>\n              <\/div>\n                                      <div class=\"explanation-app__schema-text schema-text-6\">\n                <img decoding=\"async\" alt=\"\" class=\"explanation-app__schema-arrow\" src=\"https:\/\/lawash.es\/wp-content\/themes\/sage\/public\/img\/schema-arrow-6.ef9ba2.svg\" \/>\n                <h3 class=\"explanation-app__schema-span mr-4\">Accedir a promocions exclusives<\/h3>\n              <\/div>\n                      <\/div>\n          <div class=\"lawash-col-schema-mobile\">\n                          <div class=\"explanation-app__schema-text schema-text-4\">\n                <img decoding=\"async\" alt=\"\" class=\"explanation-app__schema-arrow only-tablet\" src=\"https:\/\/lawash.es\/wp-content\/themes\/sage\/public\/img\/schema-arrow-4.e3c626.svg\" \/>\n                <img decoding=\"async\" alt=\"\" class=\"explanation-app__schema-arrow only-mobile\" src=\"https:\/\/lawash.es\/wp-content\/themes\/sage\/public\/img\/schema-arrow-2.fdbdfd.svg\" \/>\n                <h3 class=\"explanation-app__schema-span\">Localitzar la teva bugaderia LaWash m\u00e9s propera<\/h3>\n              <\/div>\n                                      <div class=\"explanation-app__schema-text schema-text-5\">\n                <img decoding=\"async\" alt=\"\" class=\"explanation-app__schema-arrow only-tablet\" src=\"https:\/\/lawash.es\/wp-content\/themes\/sage\/public\/img\/schema-arrow-5.4c24cc.svg\" \/>\n                <img decoding=\"async\" alt=\"\" class=\"explanation-app__schema-arrow only-mobile\" src=\"https:\/\/lawash.es\/wp-content\/themes\/sage\/public\/img\/schema-arrow-2.fdbdfd.svg\" \/>\n                <h3 class=\"explanation-app__schema-span\">Consultar la disponibilitat de rentadores i assecadores en temps real<\/h3>\n              <\/div>\n                                      <div class=\"explanation-app__schema-text schema-text-5\">\n                <img decoding=\"async\" alt=\"\" class=\"explanation-app__schema-arrow only-tablet\" src=\"https:\/\/lawash.es\/wp-content\/themes\/sage\/public\/img\/schema-arrow-5.4c24cc.svg\" \/>\n                <img decoding=\"async\" alt=\"\" class=\"explanation-app__schema-arrow only-mobile\" src=\"https:\/\/lawash.es\/wp-content\/themes\/sage\/public\/img\/schema-arrow-2.fdbdfd.svg\" \/>\n                <h3 class=\"explanation-app__schema-span\">Reservar la teva rentadora i assecadora amb antelaci\u00f3<\/h3>\n              <\/div>\n                                      <div class=\"explanation-app__schema-text schema-text-5\">\n                <img decoding=\"async\" alt=\"\" class=\"explanation-app__schema-arrow only-tablet\" src=\"https:\/\/lawash.es\/wp-content\/themes\/sage\/public\/img\/schema-arrow-5.4c24cc.svg\" \/>\n                <img decoding=\"async\" alt=\"\" class=\"explanation-app__schema-arrow only-mobile\" src=\"https:\/\/lawash.es\/wp-content\/themes\/sage\/public\/img\/schema-arrow-2.fdbdfd.svg\" \/>\n                <h3 class=\"explanation-app__schema-span\">Pagar des de l&#039;app<\/h3>\n              <\/div>\n                                      <div class=\"explanation-app__schema-text schema-text-5\">\n                <img decoding=\"async\" alt=\"\" class=\"explanation-app__schema-arrow only-tablet\" src=\"https:\/\/lawash.es\/wp-content\/themes\/sage\/public\/img\/schema-arrow-5.4c24cc.svg\" \/>\n                <img decoding=\"async\" alt=\"\" class=\"explanation-app__schema-arrow only-mobile\" src=\"https:\/\/lawash.es\/wp-content\/themes\/sage\/public\/img\/schema-arrow-2.fdbdfd.svg\" \/>\n                <h3 class=\"explanation-app__schema-span\">Rebre notificacions sobre l&#039;estat dels teus rentats<\/h3>\n              <\/div>\n                                      <div class=\"explanation-app__schema-text schema-text-6\">\n                <img decoding=\"async\" alt=\"\" class=\"explanation-app__schema-arrow only-tablet\" src=\"https:\/\/lawash.es\/wp-content\/themes\/sage\/public\/img\/schema-arrow-6.ef9ba2.svg\" \/>\n                <img decoding=\"async\" alt=\"\" class=\"explanation-app__schema-arrow only-mobile\" src=\"https:\/\/lawash.es\/wp-content\/themes\/sage\/public\/img\/schema-arrow-2.fdbdfd.svg\" \/>\n                <h3 class=\"explanation-app__schema-span\">Accedir a promocions exclusives<\/h3>\n              <\/div>\n                      <\/div>\n          <div class=\"lawash-col-schema-center-mobile\">\n              <img decoding=\"async\" alt=\"\" class=\"explanation-app__principal-img\" src=\"https:\/\/lawash.es\/wp-content\/uploads\/2024\/10\/explanation-app.png\" \/>\n          <\/div>\n        <\/div>\n    <\/div>\n<\/section>\n\t\t\t\t<\/div>\n\t\t\t\t<\/div>\n\t\t\t\t<div class=\"elementor-element elementor-element-0c0ceb9 elementor-widget elementor-widget-global elementor-global-16349 elementor-global-6872 elementor-widget-banner_apps_widget\" data-id=\"0c0ceb9\" data-element_type=\"widget\" data-widget_type=\"banner_apps_widget.default\">\n\t\t\t\t<div class=\"elementor-widget-container\">\n\t\t\t\t\t<section class=\"apps-section\">\n  <div class=\"lawash-container\">\n    <div class=\"lawash-row\">\n      <div class=\"lawash-col first-col\">\n        <div class=\"apps-section__container\">\n          <div class=\"d-flex flex-wrap align-items-center\">\n            <h2 class=\"apps-section__title title-3\">Desc\u00e1rgate la APP<\/h2>\n            <h3 class=\"apps-section__paragraph\">Aprovecha los descuentos y ventajas de entrar en el Club La Wash<\/h3>\n          <\/div>\n        <\/div>\n      <\/div>\n      <div class=\"lawash-col-auto second-col\">\n                <div class=\"apps-section__apps\">\n                                      \n              <a title=\"App Store\" class=\"apps-section__app-logo\" href=\"https:\/\/apps.apple.com\/es\/app\/lawash\/id1160184056\" target=\"_blank\">\n  <img decoding=\"async\" alt=\"App Store\" class=\"apps-section__app-img\" src=\"https:\/\/lawash.es\/wp-content\/uploads\/2024\/10\/app-store.5c0ed0.svg\" \/>\n<\/a>\n                                      \n              <a title=\"Google Play\" class=\"apps-section__app-logo\" href=\"https:\/\/play.google.com\/store\/apps\/details?id=lawash.com.lawash&amp;hl=en\" target=\"_blank\">\n  <img decoding=\"async\" alt=\"Google Play\" class=\"apps-section__app-img\" src=\"https:\/\/lawash.es\/wp-content\/uploads\/2024\/10\/google-play.c58f6e.svg\" \/>\n<\/a>\n                  <\/div>\n              <\/div>\n    <\/div>\n  <\/div>\n<\/section>\n\t\t\t\t<\/div>\n\t\t\t\t<\/div>\n\t\t\t\t<div class=\"elementor-element elementor-element-32c5f9b elementor-widget elementor-widget-newsletter_widget\" data-id=\"32c5f9b\" data-element_type=\"widget\" data-widget_type=\"newsletter_widget.default\">\n\t\t\t\t<div class=\"elementor-widget-container\">\n\t\t\t\t\t<div class=\"newsletter\">\n    <div class=\"lawash-container\">\n        <div class=\"lawash-row\">\n            <div class=\"lawash-col-6\">\n                <div class=\"d-flex flex-wrap align-items-center\">\n                    <h2 class=\"newsletter__title title-3\">Newsletter<\/h2>\n                    <h3 class=\"newsletter__paragraph\">\n                        Rep totes les promocions i novetats\n                    <\/h3>\n                <\/div>\n            <\/div>\n            <div class=\"lawash-col-6\">\n                <form id=\"js-newsletter-form\" class=\"d-flex flex-wrap align-items-end\">\n                    <input class=\"newsletter__input input-1 js-newsletter-email\" type=\"email\" placeholder=\"\" \/>\n                    <button type=\"submit\" class=\"newsletter__submit button-3\">Inscriu-te<\/button>\n                    <p class=\"newsletter__result newsletter__paragraph js-newsletter-result\"><\/p>\n                <\/form>\n            <\/div>\n        <\/div>\n    <\/div>\n<\/div>\n\t\t\t\t<\/div>\n\t\t\t\t<\/div>\n\t\t\t\t\t<\/div>\n\t\t<\/div>\n\t\t\t\t\t<\/div>\n\t\t<\/section>\n\t\t\t\t<\/div>\n\t\t","protected":false},"excerpt":{"rendered":"<p>APP LA WASH La teva bugaderia, tamb\u00e9 al teu m\u00f2bil Accedeix a tots els serveis de rentat i assecat des del tel\u00e8fon L&#8217;aplicaci\u00f3 m\u00f2bil de La Wash: f\u00e0cil, c\u00f2moda i r\u00e0pida LaWash \u00e9s una app senzilla i intu\u00eftiva que et permet fer la teva bugada de manera r\u00e0pida i c\u00f2moda. Oblida&#8217;t de les cues i &hellip; <a href=\"https:\/\/lawash.es\/ca\/app-la-wash\/\">Continued<\/a><\/p>\n","protected":false},"author":1,"featured_media":0,"parent":0,"menu_order":0,"comment_status":"closed","ping_status":"closed","template":"template-elementor.blade.php","meta":{"_acf_changed":false,"inline_featured_image":false,"footnotes":""},"class_list":["post-5124","page","type-page","status-publish","hentry"],"acf":[],"yoast_head":"<!-- This site is optimized with the Yoast SEO plugin v24.4 - https:\/\/yoast.com\/wordpress\/plugins\/seo\/ -->\n<title>La Wash | L&#039;App La Wash<\/title>\n<meta name=\"description\" content=\"Descarrega l&#039;App de La Wash per a Android o iOS de forma gratu\u00efta. Aprofita els descomptes i els avantatges d&#039;entrar al Club La Wash.\" \/>\n<meta name=\"robots\" content=\"index, follow, max-snippet:-1, max-image-preview:large, max-video-preview:-1\" \/>\n<link rel=\"canonical\" href=\"https:\/\/lawash.es\/ca\/app-la-wash\/\" \/>\n<meta property=\"og:locale\" content=\"ca_ES\" \/>\n<meta property=\"og:type\" content=\"article\" \/>\n<meta property=\"og:title\" content=\"La Wash | L&#039;App La Wash\" \/>\n<meta property=\"og:description\" content=\"Descarrega l&#039;App de La Wash per a Android o iOS de forma gratu\u00efta. Aprofita els descomptes i els avantatges d&#039;entrar al Club La Wash.\" \/>\n<meta property=\"og:url\" content=\"https:\/\/lawash.es\/ca\/app-la-wash\/\" \/>\n<meta property=\"og:site_name\" content=\"La Wash\" \/>\n<meta property=\"article:modified_time\" content=\"2024-11-11T22:38:55+00:00\" \/>\n<meta property=\"og:image\" content=\"https:\/\/lawash.es\/wp-content\/uploads\/2024\/10\/app-la-wash.jpg\" \/>\n<meta name=\"twitter:card\" content=\"summary_large_image\" \/>\n<meta name=\"twitter:label1\" content=\"Temps estimat de lectura\" \/>\n\t<meta name=\"twitter:data1\" content=\"7 minuts\" \/>\n<!-- \/ Yoast SEO plugin. -->","yoast_head_json":{"title":"La Wash | L'App La Wash","description":"Descarrega l'App de La Wash per a Android o iOS de forma gratu\u00efta. Aprofita els descomptes i els avantatges d'entrar al Club La Wash.","robots":{"index":"index","follow":"follow","max-snippet":"max-snippet:-1","max-image-preview":"max-image-preview:large","max-video-preview":"max-video-preview:-1"},"canonical":"https:\/\/lawash.es\/ca\/app-la-wash\/","og_locale":"ca_ES","og_type":"article","og_title":"La Wash | L'App La Wash","og_description":"Descarrega l'App de La Wash per a Android o iOS de forma gratu\u00efta. Aprofita els descomptes i els avantatges d'entrar al Club La Wash.","og_url":"https:\/\/lawash.es\/ca\/app-la-wash\/","og_site_name":"La Wash","article_modified_time":"2024-11-11T22:38:55+00:00","og_image":[{"url":"https:\/\/lawash.es\/wp-content\/uploads\/2024\/10\/app-la-wash.jpg","type":"","width":"","height":""}],"twitter_card":"summary_large_image","twitter_misc":{"Temps estimat de lectura":"7 minuts"},"schema":{"@context":"https:\/\/schema.org","@graph":[{"@type":"WebPage","@id":"https:\/\/lawash.es\/ca\/app-la-wash\/","url":"https:\/\/lawash.es\/ca\/app-la-wash\/","name":"La Wash | L'App La Wash","isPartOf":{"@id":"https:\/\/lawash.es\/ca\/#website"},"primaryImageOfPage":{"@id":"https:\/\/lawash.es\/ca\/app-la-wash\/#primaryimage"},"image":{"@id":"https:\/\/lawash.es\/ca\/app-la-wash\/#primaryimage"},"thumbnailUrl":"https:\/\/lawash.es\/wp-content\/uploads\/2024\/10\/app-la-wash.jpg","datePublished":"2024-08-15T11:07:58+00:00","dateModified":"2024-11-11T22:38:55+00:00","description":"Descarrega l'App de La Wash per a Android o iOS de forma gratu\u00efta. Aprofita els descomptes i els avantatges d'entrar al Club La Wash.","breadcrumb":{"@id":"https:\/\/lawash.es\/ca\/app-la-wash\/#breadcrumb"},"inLanguage":"ca","potentialAction":[{"@type":"ReadAction","target":["https:\/\/lawash.es\/ca\/app-la-wash\/"]}]},{"@type":"ImageObject","inLanguage":"ca","@id":"https:\/\/lawash.es\/ca\/app-la-wash\/#primaryimage","url":"https:\/\/lawash.es\/wp-content\/uploads\/2024\/10\/app-la-wash.jpg","contentUrl":"https:\/\/lawash.es\/wp-content\/uploads\/2024\/10\/app-la-wash.jpg"},{"@type":"BreadcrumbList","@id":"https:\/\/lawash.es\/ca\/app-la-wash\/#breadcrumb","itemListElement":[{"@type":"ListItem","position":1,"name":"Portada","item":"https:\/\/lawash.es\/ca\/"},{"@type":"ListItem","position":2,"name":"App La Wash"}]},{"@type":"WebSite","@id":"https:\/\/lawash.es\/ca\/#website","url":"https:\/\/lawash.es\/ca\/","name":"La Wash","description":"Franquicia de lavander\u00edas autoservicio","potentialAction":[{"@type":"SearchAction","target":{"@type":"EntryPoint","urlTemplate":"https:\/\/lawash.es\/ca\/?s={search_term_string}"},"query-input":{"@type":"PropertyValueSpecification","valueRequired":true,"valueName":"search_term_string"}}],"inLanguage":"ca"}]}},"_links":{"self":[{"href":"https:\/\/lawash.es\/ca\/wp-json\/wp\/v2\/pages\/5124","targetHints":{"allow":["GET"]}}],"collection":[{"href":"https:\/\/lawash.es\/ca\/wp-json\/wp\/v2\/pages"}],"about":[{"href":"https:\/\/lawash.es\/ca\/wp-json\/wp\/v2\/types\/page"}],"author":[{"embeddable":true,"href":"https:\/\/lawash.es\/ca\/wp-json\/wp\/v2\/users\/1"}],"replies":[{"embeddable":true,"href":"https:\/\/lawash.es\/ca\/wp-json\/wp\/v2\/comments?post=5124"}],"version-history":[{"count":0,"href":"https:\/\/lawash.es\/ca\/wp-json\/wp\/v2\/pages\/5124\/revisions"}],"wp:attachment":[{"href":"https:\/\/lawash.es\/ca\/wp-json\/wp\/v2\/media?parent=5124"}],"curies":[{"name":"wp","href":"https:\/\/api.w.org\/{rel}","templated":true}]}}