{"id":5125,"date":"2024-08-15T13:13:55","date_gmt":"2024-08-15T11:13:55","guid":{"rendered":"https:\/\/lawash.es\/avis-legal\/"},"modified":"2024-10-18T06:34:23","modified_gmt":"2024-10-18T04:34:23","slug":"avis-legal","status":"publish","type":"page","link":"https:\/\/lawash.es\/ca\/avis-legal\/","title":{"rendered":"Av\u00eds legal"},"content":{"rendered":"\t\t<div data-elementor-type=\"wp-page\" data-elementor-id=\"5125\" class=\"elementor elementor-5125 elementor-15\" data-elementor-post-type=\"page\">\n\t\t\t\t\t\t<section class=\"elementor-section elementor-top-section elementor-element elementor-element-d5fa639 elementor-section-boxed elementor-section-height-default elementor-section-height-default\" data-id=\"d5fa639\" data-element_type=\"section\">\n\t\t\t\t\t\t<div class=\"elementor-container elementor-column-gap-default\">\n\t\t\t\t\t<div class=\"elementor-column elementor-col-100 elementor-top-column elementor-element elementor-element-0b4da54\" data-id=\"0b4da54\" data-element_type=\"column\">\n\t\t\t<div class=\"elementor-widget-wrap elementor-element-populated\">\n\t\t\t\t\t\t<div class=\"elementor-element elementor-element-af67096 elementor-widget elementor-widget-header_simple_widget\" data-id=\"af67096\" data-element_type=\"widget\" data-widget_type=\"header_simple_widget.default\">\n\t\t\t\t<div class=\"elementor-widget-container\">\n\t\t\t\t\t<section class=\"hero-section no-disclaimer hero-section--xs\">\n    <!-- <img decoding=\"async\" alt=\"\" class=\"background-image\" src=\"https:\/\/lawash.es\/wp-content\/themes\/sage\/public\/img\/solicita-tu-factura.96a4ca.jpg\" \/> -->\n    <div style=\"background-color: var(--color3); position: absolute; top: 0; left: 0; bottom: 0; right: 0;\"><\/div>\n\n    <div class=\"background-gradient\"><\/div>\n    <div class=\"lawash-container hero-container\">\n        <div class=\"hero-info hero-info--long-title\">\n                            <div class=\"hero-info__breadcrumbs breadcrumbs\">\n    <a href=\"https:\/\/lawash.es\/ca\/\" title=\"Inici\" class=\"hero-info__breadcrumb-link breadcrumb-link\">Inici<\/a>\n    <span class=\"hero-info__breadcrumb-divider breadcrumb-divider\">&nbsp;-&nbsp;<\/span>\n                        \n                <a title=\"Av\u00eds legal\" href=\"https:\/\/lawash.es\/aviso-legal\/\" class=\"hero-info__breadcrumb-link breadcrumb-link\">Av\u00eds legal<\/a>\n            <\/div>\n            \n            \n            <h1 class=\"hero-info__title title-1 mb-0\">\n                Av\u00eds legal\n            <\/h1>\n\n        <\/div>\n    <\/div>\n<\/section>\t\t\t\t<\/div>\n\t\t\t\t<\/div>\n\t\t\t\t<div class=\"elementor-element elementor-element-a460348 elementor-widget elementor-widget-text_blocks_widget\" data-id=\"a460348\" data-element_type=\"widget\" data-widget_type=\"text_blocks_widget.default\">\n\t\t\t\t<div class=\"elementor-widget-container\">\n\t\t\t\t\t<section class=\"section-2-cols support-section contact-section legal-section\">\n        <div class=\"lawash-container\">\n            <div class=\"lawash-row justify-content-center\">\n                                    <div class=\"lawash-col-12\">       \n                        \n                           \n                            <h2 class=\"title-4\">\n                                Dades Identificatives\n                            <\/h2>\n                                                <div class=\"w-100\"><\/div>\n\n                        <div><p class=\"\">De conformitat amb la Llei 34\/2002, de 11 de juliol, de Serveis de la Societat de la Informaci\u00f3 i de Comer\u00e7 Electr\u00f2nic (LSSICE) i de la Llei org\u00e0nica 15\/1999, de 13 de desembre, de Protecci\u00f3 de Dades Personals (LOPD ), s\u2019informa els usuaris que <a title=\"lawash.es\" href=\"\/ca\/\">www.lawash.es<\/a> \u00e9s un domini i un portal web a Internet propietat de l\u2019empresa:<\/p><p class=\"\">Global Networks Investments SLU <br \/>B-65445405<\/p><p class=\"\">FREDERIC MOMPOU, 4a, 3\u00ba 2\u00aa 08960 Sant Just Desvern, Barcelona<\/p><p class=\"\"><a title=\"comercial@lawash.es\" href=\"mailto:comercial@lawash.es\">comercial@lawash.es<\/a><\/p><\/div>                    \n                    <\/div>\n                                    <div class=\"lawash-col-12\">       \n                        \n                           \n                            <h2 class=\"title-4\">\n                                Condicions generals d\u2019acc\u00e9s\n                            <\/h2>\n                                                <div class=\"w-100\"><\/div>\n\n                        <div><p class=\"\">Mitjan\u00e7ant aquest av\u00eds legal s\u2019informa els usuaris de les condicions generals, per a l\u2019acc\u00e9s i la consulta dels serveis que ofereix el portal. El titular es reserva el dret a modificar-les sense av\u00eds previ.<\/p><p>L\u2019acc\u00e9s i la utilitzaci\u00f3 dels serveis esmentats, per part dels visitants o usuaris, suposa l\u2019acceptaci\u00f3 plena i sense reserves d\u2019aquestes condicions generals.<\/p><\/div>                    \n                    <\/div>\n                                    <div class=\"lawash-col-12\">       \n                        \n                           \n                            <h2 class=\"title-4\">\n                                Pol\u00edtica d\u2019enlla\u00e7os\n                            <\/h2>\n                                                <div class=\"w-100\"><\/div>\n\n                        <div><p class=\"\">El Portal posa a disposici\u00f3 dels usuaris dispositius t\u00e8cnics d\u2019enlla\u00e7, que permeten als usuaris accedir a llocs i p\u00e0gines web pertanyents o gestionats per tercers. La instal\u00b7laci\u00f3 d\u2019aquests enlla\u00e7os al Portal t\u00e9 per objecte millorar el contingut del web.<\/p><p>L\u2019establiment de l\u2019enlla\u00e7 no implica l\u2019exist\u00e8ncia de cap relaci\u00f3 entre el titular i el propietari de la p\u00e0gina web enlla\u00e7ada, com tampoc l\u2019aprovaci\u00f3 per part del titular dels seus continguts i\/o serveis, i el seu propietari \u00e9s l\u2019\u00fanic responsable dels mateixos.<\/p><p>L\u2019usuari, per tant, ha d\u2019extremar la prud\u00e8ncia en la valoraci\u00f3 i la utilitzaci\u00f3 de la informaci\u00f3, els continguts i els serveis existents als portals enlla\u00e7ats.<\/p><p>Per tot aix\u00f2, el titular no assumeix cap responsabilitat sobre la informaci\u00f3 i els serveis que es puguin oferir a trav\u00e9s d\u2019aquestes p\u00e0gines enlla\u00e7ades.<\/p><\/div>                    \n                    <\/div>\n                                    <div class=\"lawash-col-12\">       \n                        \n                           \n                            <h2 class=\"title-4\">\n                                Drets de propietat intel\u00b7lectual i industrial\n                            <\/h2>\n                                                <div class=\"w-100\"><\/div>\n\n                        <div><p class=\"\">La totalitat d\u2019aquest lloc web, incloent-hi tots els seus elements, especialment programari, textos, imatges animades o no, continguts, marques, logotips s\u00f3n propietat privada i estan protegides per les lleis sobre propietat intel\u00b7lectual i industrial.<\/p><p>En cap concepte, l\u2019acc\u00e9s al portal implica una ren\u00fancia o cessi\u00f3 d\u2019aquests drets, ni confereix cap dret d\u2019utilitzaci\u00f3, reproducci\u00f3, distribuci\u00f3, modificaci\u00f3 o explotaci\u00f3, sense disposar del consentiment previ per escrit del titular d\u2019aquesta.<\/p><\/div>                    \n                    <\/div>\n                                    <div class=\"lawash-col-12\">       \n                        \n                           \n                            <h2 class=\"title-4\">\n                                Limitaci\u00f3 de Responsabilitats\n                            <\/h2>\n                                                <div class=\"w-100\"><\/div>\n\n                        <div><p class=\"\">El titular declina qualsevol responsabilitat pels eventuals danys i perjudicis que es puguin ocasionar a l\u2019usuari, a causa de:<\/p><ul class=\"lawash-ul\"><li>L\u2019exist\u00e8ncia d\u2019errors en l\u2019acc\u00e9s al Portal, en el contingut o la manca d\u2019actualitzaci\u00f3 d\u2019aquest,<\/li><li>La pres\u00e8ncia de virus, o d\u2019altres elements a la Web que puguin produir alteracions al sistema inform\u00e0tic de l\u2019usuari<\/li><li>La manca de disponibilitat i\/o continu\u00eftat del portal o dels serveis que s\u2019hi ofereixen,<\/li><li>Que les transmissions d\u201finformaci\u00f3 a trav\u00e9s d\u201fInternet no siguin totalment segures.<\/li><li>Conting\u00e8ncies en la transmissi\u00f3 d\u2019informaci\u00f3, com ara p\u00e8rdua de dades o accessos no autoritzats.<\/li><\/ul><\/div>                    \n                    <\/div>\n                                    <div class=\"lawash-col-12\">       \n                        \n                           \n                            <h2 class=\"title-4\">\n                                Seguretat\n                            <\/h2>\n                                                <div class=\"w-100\"><\/div>\n\n                        <div><p class=\"\">\n                        El titular ha adoptat les mesures f\u00edsiques, t\u00e8cniques i de gesti\u00f3 necess\u00e0ries per mantenir el nivell de seguretat requerit, segons la naturalesa de les dades personals tractades i les circumst\u00e0ncies del tractament, a fi d\u2019evitar, en la mesura del possible i sempre segons l\u2019estat de la t\u00e8cnica, l\u2019alteraci\u00f3, la p\u00e8rdua, el tractament o l\u2019acc\u00e9s no autoritzat.\n                    <\/p><\/div>                    \n                    <\/div>\n                                    <div class=\"lawash-col-12\">       \n                        \n                           \n                            <h2 class=\"title-4\">\n                                Llei aplicable. Jurisdicci\u00f3 competent\n                            <\/h2>\n                                                <div class=\"w-100\"><\/div>\n\n                        <div><p class=\"\">\n                        Les condicions generals exposades en aquest document es regeixen per la legislaci\u00f3 espanyola i se sotmeten a la jurisdicci\u00f3 que correspongui al titular.\n                    <\/p><\/div>                    \n                    <\/div>\n                            <\/div>\n        <\/div>\n<\/section>\n\t\t\t\t<\/div>\n\t\t\t\t<\/div>\n\t\t\t\t<div class=\"elementor-element elementor-element-1ded139 elementor-widget elementor-widget-global elementor-global-7037 elementor-widget-newsletter_widget\" data-id=\"1ded139\" data-element_type=\"widget\" data-widget_type=\"newsletter_widget.default\">\n\t\t\t\t<div class=\"elementor-widget-container\">\n\t\t\t\t\t<div class=\"newsletter\">\n    <div class=\"lawash-container\">\n        <div class=\"lawash-row\">\n            <div class=\"lawash-col-6\">\n                <div class=\"d-flex flex-wrap align-items-center\">\n                    <h2 class=\"newsletter__title title-3\">Newsletter<\/h2>\n                    <h3 class=\"newsletter__paragraph\">\n                        Rep totes les promocions i novetats\n                    <\/h3>\n                <\/div>\n            <\/div>\n            <div class=\"lawash-col-6\">\n                <form id=\"js-newsletter-form\" class=\"d-flex flex-wrap align-items-end\">\n                    <input class=\"newsletter__input input-1 js-newsletter-email\" type=\"email\" placeholder=\"\" \/>\n                    <button type=\"submit\" class=\"newsletter__submit button-3\">Inscriu-te<\/button>\n                    <p class=\"newsletter__result newsletter__paragraph js-newsletter-result\"><\/p>\n                <\/form>\n            <\/div>\n        <\/div>\n    <\/div>\n<\/div>\n\t\t\t\t<\/div>\n\t\t\t\t<\/div>\n\t\t\t\t\t<\/div>\n\t\t<\/div>\n\t\t\t\t\t<\/div>\n\t\t<\/section>\n\t\t\t\t<\/div>\n\t\t","protected":false},"excerpt":{"rendered":"<p>Inici &nbsp;&#8211;&nbsp; Av\u00eds legal Av\u00eds legal Dades Identificatives De conformitat amb la Llei 34\/2002, de 11 de juliol, de Serveis de la Societat de la Informaci\u00f3 i de Comer\u00e7 Electr\u00f2nic (LSSICE) i de la Llei org\u00e0nica 15\/1999, de 13 de desembre, de Protecci\u00f3 de Dades Personals (LOPD ), s\u2019informa els usuaris que www.lawash.es \u00e9s un &hellip; <a href=\"https:\/\/lawash.es\/ca\/avis-legal\/\">Continued<\/a><\/p>\n","protected":false},"author":1,"featured_media":0,"parent":0,"menu_order":0,"comment_status":"closed","ping_status":"closed","template":"template-elementor.blade.php","meta":{"_acf_changed":false,"inline_featured_image":false,"footnotes":""},"class_list":["post-5125","page","type-page","status-publish","hentry"],"acf":[],"yoast_head":"<!-- This site is optimized with the Yoast SEO plugin v24.4 - https:\/\/yoast.com\/wordpress\/plugins\/seo\/ -->\n<title>La Wash | Av\u00eds legal<\/title>\n<meta name=\"description\" content=\"Consulta la informaci\u00f3 relativa a l&#039;av\u00eds legal de La Wash\" \/>\n<meta name=\"robots\" content=\"noindex, nofollow\" \/>\n<meta property=\"og:locale\" content=\"ca_ES\" \/>\n<meta property=\"og:type\" content=\"article\" \/>\n<meta property=\"og:title\" content=\"La Wash | Av\u00eds legal\" \/>\n<meta property=\"og:description\" content=\"Consulta la informaci\u00f3 relativa a l&#039;av\u00eds legal de La Wash\" \/>\n<meta property=\"og:url\" content=\"https:\/\/lawash.es\/ca\/avis-legal\/\" \/>\n<meta property=\"og:site_name\" content=\"La Wash\" \/>\n<meta property=\"article:modified_time\" content=\"2024-10-18T04:34:23+00:00\" \/>\n<meta property=\"og:image\" content=\"https:\/\/lawash.es\/wp-content\/themes\/sage\/public\/img\/solicita-tu-factura.96a4ca.jpg\" \/>\n<meta name=\"twitter:card\" content=\"summary_large_image\" \/>\n<meta name=\"twitter:label1\" content=\"Temps estimat de lectura\" \/>\n\t<meta name=\"twitter:data1\" content=\"3 minuts\" \/>\n<!-- \/ Yoast SEO plugin. -->","yoast_head_json":{"title":"La Wash | Av\u00eds legal","description":"Consulta la informaci\u00f3 relativa a l'av\u00eds legal de La Wash","robots":{"index":"noindex","follow":"nofollow"},"og_locale":"ca_ES","og_type":"article","og_title":"La Wash | Av\u00eds legal","og_description":"Consulta la informaci\u00f3 relativa a l'av\u00eds legal de La Wash","og_url":"https:\/\/lawash.es\/ca\/avis-legal\/","og_site_name":"La Wash","article_modified_time":"2024-10-18T04:34:23+00:00","og_image":[{"url":"https:\/\/lawash.es\/wp-content\/themes\/sage\/public\/img\/solicita-tu-factura.96a4ca.jpg","type":"","width":"","height":""}],"twitter_card":"summary_large_image","twitter_misc":{"Temps estimat de lectura":"3 minuts"},"schema":{"@context":"https:\/\/schema.org","@graph":[{"@type":"WebPage","@id":"https:\/\/lawash.es\/ca\/avis-legal\/","url":"https:\/\/lawash.es\/ca\/avis-legal\/","name":"La Wash | Av\u00eds legal","isPartOf":{"@id":"https:\/\/lawash.es\/ca\/#website"},"primaryImageOfPage":{"@id":"https:\/\/lawash.es\/ca\/avis-legal\/#primaryimage"},"image":{"@id":"https:\/\/lawash.es\/ca\/avis-legal\/#primaryimage"},"thumbnailUrl":"https:\/\/lawash.es\/wp-content\/themes\/sage\/public\/img\/solicita-tu-factura.96a4ca.jpg","datePublished":"2024-08-15T11:13:55+00:00","dateModified":"2024-10-18T04:34:23+00:00","description":"Consulta la informaci\u00f3 relativa a l'av\u00eds legal de La Wash","breadcrumb":{"@id":"https:\/\/lawash.es\/ca\/avis-legal\/#breadcrumb"},"inLanguage":"ca","potentialAction":[{"@type":"ReadAction","target":["https:\/\/lawash.es\/ca\/avis-legal\/"]}]},{"@type":"ImageObject","inLanguage":"ca","@id":"https:\/\/lawash.es\/ca\/avis-legal\/#primaryimage","url":"https:\/\/lawash.es\/wp-content\/themes\/sage\/public\/img\/solicita-tu-factura.96a4ca.jpg","contentUrl":"https:\/\/lawash.es\/wp-content\/themes\/sage\/public\/img\/solicita-tu-factura.96a4ca.jpg"},{"@type":"BreadcrumbList","@id":"https:\/\/lawash.es\/ca\/avis-legal\/#breadcrumb","itemListElement":[{"@type":"ListItem","position":1,"name":"Portada","item":"https:\/\/lawash.es\/ca\/"},{"@type":"ListItem","position":2,"name":"Av\u00eds legal"}]},{"@type":"WebSite","@id":"https:\/\/lawash.es\/ca\/#website","url":"https:\/\/lawash.es\/ca\/","name":"La Wash","description":"Franquicia de lavander\u00edas autoservicio","potentialAction":[{"@type":"SearchAction","target":{"@type":"EntryPoint","urlTemplate":"https:\/\/lawash.es\/ca\/?s={search_term_string}"},"query-input":{"@type":"PropertyValueSpecification","valueRequired":true,"valueName":"search_term_string"}}],"inLanguage":"ca"}]}},"_links":{"self":[{"href":"https:\/\/lawash.es\/ca\/wp-json\/wp\/v2\/pages\/5125","targetHints":{"allow":["GET"]}}],"collection":[{"href":"https:\/\/lawash.es\/ca\/wp-json\/wp\/v2\/pages"}],"about":[{"href":"https:\/\/lawash.es\/ca\/wp-json\/wp\/v2\/types\/page"}],"author":[{"embeddable":true,"href":"https:\/\/lawash.es\/ca\/wp-json\/wp\/v2\/users\/1"}],"replies":[{"embeddable":true,"href":"https:\/\/lawash.es\/ca\/wp-json\/wp\/v2\/comments?post=5125"}],"version-history":[{"count":0,"href":"https:\/\/lawash.es\/ca\/wp-json\/wp\/v2\/pages\/5125\/revisions"}],"wp:attachment":[{"href":"https:\/\/lawash.es\/ca\/wp-json\/wp\/v2\/media?parent=5125"}],"curies":[{"name":"wp","href":"https:\/\/api.w.org\/{rel}","templated":true}]}}