{"id":5134,"date":"2024-08-15T13:23:05","date_gmt":"2024-08-15T11:23:05","guid":{"rendered":"https:\/\/lawash.es\/munta-la-teva-franquicia\/franquicia-de-bugaderia-modular\/"},"modified":"2024-10-18T16:51:45","modified_gmt":"2024-10-18T14:51:45","slug":"franquicia-de-bugaderia-modular","status":"publish","type":"page","link":"https:\/\/lawash.es\/ca\/munta-la-teva-franquicia\/franquicia-de-bugaderia-modular\/","title":{"rendered":"Franqu\u00edcia de bugaderia modular"},"content":{"rendered":"\t\t<div data-elementor-type=\"wp-page\" data-elementor-id=\"5134\" class=\"elementor elementor-5134 elementor-30\" data-elementor-post-type=\"page\">\n\t\t\t\t\t\t<section class=\"elementor-section elementor-top-section elementor-element elementor-element-ec5a960 elementor-section-boxed elementor-section-height-default elementor-section-height-default\" data-id=\"ec5a960\" data-element_type=\"section\">\n\t\t\t\t\t\t<div class=\"elementor-container elementor-column-gap-default\">\n\t\t\t\t\t<div class=\"elementor-column elementor-col-100 elementor-top-column elementor-element elementor-element-7f7184a\" data-id=\"7f7184a\" data-element_type=\"column\">\n\t\t\t<div class=\"elementor-widget-wrap elementor-element-populated\">\n\t\t\t\t\t\t<div class=\"elementor-element elementor-element-7ca275a elementor-widget elementor-widget-header_widget\" data-id=\"7ca275a\" data-element_type=\"widget\" data-widget_type=\"header_widget.default\">\n\t\t\t\t<div class=\"elementor-widget-container\">\n\t\t\t\t\t<section class=\"hero-section js-hero-section home  no-disclaimer\">\n    <img decoding=\"async\" alt=\"\" class=\"background-image\" src=\"https:\/\/lawash.es\/wp-content\/uploads\/2024\/10\/lavanderia-go.7eb8ac.jpg\" \/>\n    <div class=\"background-gradient\"><\/div>\n        <div class=\"lawash-container hero-container\">\n        <div class=\"hero-info \">\n\n                            <div class=\"hero-info__breadcrumbs breadcrumbs\">\n    <a href=\"https:\/\/lawash.es\/ca\/\" title=\"Inici\" class=\"hero-info__breadcrumb-link breadcrumb-link\">Inici<\/a>\n    <span class=\"hero-info__breadcrumb-divider breadcrumb-divider\">&nbsp;-&nbsp;<\/span>\n                        \n                <a title=\"Munta la teva Franqu\u00edcia\" href=\"https:\/\/lawash.es\/franquicia-lavanderia-autoservicio\/\" class=\"hero-info__breadcrumb-link breadcrumb-link\">Munta la teva Franqu\u00edcia<\/a>\n                <span class=\"hero-info__breadcrumb-divider breadcrumb-divider\">&nbsp;-&nbsp;<\/span>\n                                \n                <a title=\"Bugaderia GO\" href=\"https:\/\/lawash.es\/franquicia-lavanderia-autoservicio\/go-modular\/\" class=\"hero-info__breadcrumb-link breadcrumb-link\">Bugaderia GO<\/a>\n            <\/div>\n            \n                            <h1 class=\"hero-info__pretitle title-4\">Franqu\u00edcia de bugaderia Modular<\/h1>\n                <h2 class=\"hero-info__title title-1\">\n                    <span class=\"custom-text-highlight custom-text-highlight-3\"> Munta un<br\/> La Wash GO a<\/span>\n            <span class=\"custom-highlight custom-underline-4\">\n              <img decoding=\"async\" alt=\"\" class=\"custom-highlight__img\" src=\"https:\/\/lawash.es\/wp-content\/themes\/sage\/public\/img\/custom-underline-1.8cb80b.svg\" \/>\n              <span class=\"custom-highlight__text\">qualsevol lloc<\/span>\n            <\/span>\n            <span class=\"custom-text-highlight custom-text-highlight-3\"><\/span>\n        \n                <\/h2>\n            \n\n            \n\n            \n                            <div class=\"\">\n                                                                    <a title=\"Contacta\" class=\"hero-info__button button-1\"\n                            href=\"https:\/\/lawash.es\/contacto\/\">Contacta<\/a>\n                                    <\/div>\n                    <\/div>\n    <\/div>\n<\/section>\n\t\t\t\t<\/div>\n\t\t\t\t<\/div>\n\t\t\t\t<div class=\"elementor-element elementor-element-da513b5 elementor-widget elementor-widget-banner_only_text_widget\" data-id=\"da513b5\" data-element_type=\"widget\" data-widget_type=\"banner_only_text_widget.default\">\n\t\t\t\t<div class=\"elementor-widget-container\">\n\t\t\t\t\t<section\n  class=\"section-centered-cols investors-section background-lightgrey election-section--background-white\"\n\n  >\n  <div class=\"lawash-container\">\n    <div class=\"lawash-row\">\n      <div class=\"lawash-col-12\">\n                  <p class=\"section-auto-cols__pretitle title-4\">\n                          <span class=\"custom-text-highlight custom-text-highlight-5\"> Franqu\u00edcia la wash<\/span>\n            <span class=\"custom-highlight custom-underline-2\">\n              <img decoding=\"async\" alt=\"\" class=\"custom-highlight__img\" src=\"https:\/\/lawash.es\/wp-content\/themes\/sage\/public\/img\/custom-underline-2.60c284.svg\" \/>\n              <span class=\"custom-highlight__text\">go<\/span>\n            <\/span>\n            <span class=\"custom-text-highlight custom-text-highlight-5\"><\/span>\n        \n                      <\/p>\n        \n        <h2 class=\"section-auto-cols__title title-2\">\n                      100% self-service\n                  <\/h2>\n      <\/div>\n      <div class=\"lawash-col-auto\">\n        <p class=\"section-auto-cols__paragraph\">\n          La Wash Go t'ofereix la possibilitat d'instal\u00b7lar m\u00f2duls de bugaderia en diferents ubicacions. Fes cr\u00e9ixer el teu negoci gradualment afegint m\u00f2duls sense necessitat d'una gran inversi\u00f3 inicial. \u00c9s el format de bugaderia ideal per a llocs de molta aflu\u00e8ncia de p\u00fablic com supermercats, centres comercials o hipermercats, fins a llocs m\u00e9s remots com benzineres, ports, centres d'esqu\u00ed o glampings.\n        <\/p>\n\n              <\/div>\n\n\n    <\/div>\n  <\/div>\n<\/section>\n\t\t\t\t<\/div>\n\t\t\t\t<\/div>\n\t\t\t\t<div class=\"elementor-element elementor-element-8515d11 elementor-widget elementor-widget-text_boxes_widget\" data-id=\"8515d11\" data-element_type=\"widget\" data-widget_type=\"text_boxes_widget.default\">\n\t\t\t\t<div class=\"elementor-widget-container\">\n\t\t\t\t\t<section class=\"section-centered-cols election-section\">\n  <div class=\"lawash-container\">\n    <div class=\"lawash-row\">\n      <div class=\"lawash-col-12\">\n        <h2 class=\"section-auto-cols__title title-2\">          \n          <span class=\"custom-text-highlight custom-text-highlight-5\"> Avantatges del <br><\/span>\n            <span class=\"custom-highlight custom-underline-1\">\n              <img decoding=\"async\" alt=\"\" class=\"custom-highlight__img\" src=\"https:\/\/lawash.es\/wp-content\/themes\/sage\/public\/img\/custom-underline-4.9ff3ef.svg\" \/>\n              <span class=\"custom-highlight__text\">model Go<\/span>\n            <\/span>\n            <span class=\"custom-text-highlight custom-text-highlight-5\"><\/span>\n        \n        <\/h2>\n      <\/div>\n          <\/div>\n        <div class=\"lawash-row pill-box-row\">\n              <div class=\"lawash-col-3\">\n  <div class=\"pill-box\">\n    <h3 class=\"pill-box__title title-4\">Flexibilitat i Escalabilitat<\/h3>\n    <p class=\"pill-box__paragraph paragraph-1\">Els m\u00f2duls es poden instal\u00b7lar en diferents ubicacions i es poden ampliar segons la demanda. A m\u00e9s, la seva f\u00e0cil i r\u00e0pida instal\u00b7laci\u00f3 permeten tenir els m\u00f2duls a ple rendiment en molt poc temps.<\/p>\n  <\/div>\n<\/div>\n              <div class=\"lawash-col-3\">\n  <div class=\"pill-box\">\n    <h3 class=\"pill-box__title title-4\">Gesti\u00f3 Simplificada<\/h3>\n    <p class=\"pill-box__paragraph paragraph-1\">Dissenyat per funcionar de manera aut\u00f2noma, el que et permet gaudir del teu temps lliure.<\/p>\n  <\/div>\n<\/div>\n              <div class=\"lawash-col-3\">\n  <div class=\"pill-box\">\n    <h3 class=\"pill-box__title title-4\">Inversi\u00f3 Assequible<\/h3>\n    <p class=\"pill-box__paragraph paragraph-1\">Una inversi\u00f3 inicial baixa que es pot anar ampliant segons la demanda.<\/p>\n  <\/div>\n<\/div>\n              <div class=\"lawash-col-3\">\n  <div class=\"pill-box\">\n    <h3 class=\"pill-box__title title-4\">Sostenibilitat i Modernitat<\/h3>\n    <p class=\"pill-box__paragraph paragraph-1\">Les bugaderies estan equipades amb tecnologia d&#039;\u00faltima generaci\u00f3. Els nostres equips i detergents, respecten el medi ambient, optimitzant l&#039;\u00fas d&#039;energia i d&#039;aigua.<\/p>\n  <\/div>\n<\/div>\n          <\/div>\n      <\/div>\n<\/section>\n\t\t\t\t<\/div>\n\t\t\t\t<\/div>\n\t\t\t\t<div class=\"elementor-element elementor-element-372871b elementor-widget elementor-widget-title_with_arrow_widget\" data-id=\"372871b\" data-element_type=\"widget\" data-widget_type=\"title_with_arrow_widget.default\">\n\t\t\t\t<div class=\"elementor-widget-container\">\n\t\t\t\t\t<section class=\"section-centered-cols\">\n  <div class=\"lawash-full-container solution-section pr-2 pl-2\">\n    <div class=\"lawash-row\">\n      <div class=\"lawash-col-12\">\n        <h2 class=\"section-auto-cols__title title-2\">\n          \n            <span class=\"custom-highlight custom-underline-1\">\n              <img decoding=\"async\" alt=\"\" class=\"custom-highlight__img\" src=\"https:\/\/lawash.es\/wp-content\/themes\/sage\/public\/img\/custom-underline-4.9ff3ef.svg\" \/>\n              <span class=\"custom-highlight__text\">Tria<\/span>\n            <\/span>\n            <span class=\"custom-text-highlight custom-text-highlight-5\">el teu model de <br>bugaderia autoservei<\/span>\n        \n        <\/h2>\n                  <p class=\"section-auto-cols__paragraph section-auto-cols__paragraph--centered paragraph-3\">\n            Extrau la m\u00e0xima rendibilitat segons la ubicaci\u00f3 i el perfil de client.\n          <\/p>\n              <\/div>\n    <\/div>\n    <div class=\"lawash-row\">\n      <div class=\"lawash-col-12\">\n        <div class=\"d-flex justify-content-center arrow-down\">\n          <img decoding=\"async\" alt=\"\" src=\"https:\/\/lawash.es\/wp-content\/themes\/sage\/public\/img\/blue-arrow-down.5dbce7.svg\" \/>\n        <\/div>\n      <\/div>\n    <\/div>\n  <\/div>\n<\/section>\n\t\t\t\t<\/div>\n\t\t\t\t<\/div>\n\t\t\t\t<div class=\"elementor-element elementor-element-f313753 elementor-widget elementor-widget-image_with_text_widget\" data-id=\"f313753\" data-element_type=\"widget\" data-widget_type=\"image_with_text_widget.default\">\n\t\t\t\t<div class=\"elementor-widget-container\">\n\t\t\t\t\t<section class=\"section-2-cols section-2-cols--full lawash-modulos-section \">\n\t<img decoding=\"async\" alt=\"\" class=\"section-2-cols__img-background\" src=\"https:\/\/lawash.es\/wp-content\/uploads\/2024\/10\/module-box.f72537.jpg\" \/>\n\t<div class=\"lawash-container\">\n\t\t<div class=\"lawash-row\">\n\t\t\t<div class=\"lawash-col-6\">\n\t\t\t\t<div class=\"section-2-cols__info\">\n\n\t\t\t\t\t\t\t\t\t\t\t\t\t\t\t\t\t<h3 class=\"section-2-cols__pretitle title-4\">\n\t\t\t\t\t\t\tGO\n\t\t\t\t\t\t<\/h3>\n\t\t\t\t\t\t\t\t\t\t\t\n\t\t\t\t\t<h2 class=\"section-2-cols__title title-2\">Format vers\u00e0til <br\/> que s'adapta a<br\/> qualsevol espai<\/h2>\n\t\t\t\t\t<div class=\"w-100\"><\/div>\n\n\t\t\t\t\t\n\t\t\t\t\t\t\t\t\t\t<div class=\"section-2-cols__buttons\">\n\t\t\t\t\t\t\t\t\t\t\t\t\t\t\t\t\t\t\t\t<a title=\"Sol\u00b7licita informaci\u00f3\" href=\"https:\/\/lawash.es\/contacto\/\" class=\"button-1\" >\n  Sol\u00b7licita informaci\u00f3\n<\/a>\n\t\t\t\t\t\t\t\t\t\t\t<\/div>\n\t\t\t\t\t\t\t\t\t<\/div>\n\t\t\t<\/div>\n\t\t<\/div>\n\t<\/div>\n<\/section>\t\t\t\t<\/div>\n\t\t\t\t<\/div>\n\t\t\t\t<div class=\"elementor-element elementor-element-a09a14b elementor-widget elementor-widget-image_with_text_widget\" data-id=\"a09a14b\" data-element_type=\"widget\" data-widget_type=\"image_with_text_widget.default\">\n\t\t\t\t<div class=\"elementor-widget-container\">\n\t\t\t\t\t<section class=\"section-2-cols section-2-cols--full lawash-modulos-section section-2-cols--inverse\">\n\t<img decoding=\"async\" alt=\"\" class=\"section-2-cols__img-background\" src=\"https:\/\/lawash.es\/wp-content\/uploads\/2024\/10\/premium-2.285a63.jpg\" \/>\n\t<div class=\"lawash-container\">\n\t\t<div class=\"lawash-row\">\n\t\t\t<div class=\"lawash-col-6\">\n\t\t\t\t<div class=\"section-2-cols__info\">\n\n\t\t\t\t\t\t\t\t\t\t\t\t\t\t\t\t\t<h3 class=\"section-2-cols__pretitle title-4\">\n\t\t\t\t\t\t\tGO MAX\n\t\t\t\t\t\t<\/h3>\n\t\t\t\t\t\t\t\t\t\t\t\n\t\t\t\t\t<h2 class=\"section-2-cols__title title-2\">M\u00e9s gran. <br\/> M\u00e9s flexible<\/h2>\n\t\t\t\t\t<div class=\"w-100\"><\/div>\n\n\t\t\t\t\t\n\t\t\t\t\t\t\t\t\t\t<div class=\"section-2-cols__buttons\">\n\t\t\t\t\t\t\t\t\t\t\t\t\t\t\t\t\t\t\t\t<a title=\"Sol\u00b7licita informaci\u00f3\" href=\"https:\/\/lawash.es\/contacto\/\" class=\"button-1\" >\n  Sol\u00b7licita informaci\u00f3\n<\/a>\n\t\t\t\t\t\t\t\t\t\t\t<\/div>\n\t\t\t\t\t\t\t\t\t<\/div>\n\t\t\t<\/div>\n\t\t<\/div>\n\t<\/div>\n<\/section>\t\t\t\t<\/div>\n\t\t\t\t<\/div>\n\t\t\t\t<div class=\"elementor-element elementor-element-f751e45 elementor-widget elementor-widget-image_with_text_widget\" data-id=\"f751e45\" data-element_type=\"widget\" data-widget_type=\"image_with_text_widget.default\">\n\t\t\t\t<div class=\"elementor-widget-container\">\n\t\t\t\t\t<section class=\"section-2-cols section-2-cols--full lawash-modulos-section \">\n\t<img decoding=\"async\" alt=\"\" class=\"section-2-cols__img-background\" src=\"https:\/\/lawash.es\/wp-content\/uploads\/2024\/10\/module-box-personalizable.6bb772.jpg\" \/>\n\t<div class=\"lawash-container\">\n\t\t<div class=\"lawash-row\">\n\t\t\t<div class=\"lawash-col-6\">\n\t\t\t\t<div class=\"section-2-cols__info\">\n\n\t\t\t\t\t\t\t\t\t\t\t\t\t\t\t\t\t<h3 class=\"section-2-cols__pretitle title-4\">\n\t\t\t\t\t\t\tGO Custom\n\t\t\t\t\t\t<\/h3>\n\t\t\t\t\t\t\t\t\t\t\t\n\t\t\t\t\t<h2 class=\"section-2-cols__title title-2\">Opci\u00f3 m\u00e9s <br\/> exclusiva, 100% <br\/> personalitzable.<\/h2>\n\t\t\t\t\t<div class=\"w-100\"><\/div>\n\n\t\t\t\t\t\n\t\t\t\t\t\t\t\t\t\t<div class=\"section-2-cols__buttons\">\n\t\t\t\t\t\t\t\t\t\t\t\t\t\t\t\t\t\t\t\t<a title=\"Sol\u00b7licita informaci\u00f3\" href=\"https:\/\/lawash.es\/contacto\/\" class=\"button-1\" >\n  Sol\u00b7licita informaci\u00f3\n<\/a>\n\t\t\t\t\t\t\t\t\t\t\t<\/div>\n\t\t\t\t\t\t\t\t\t<\/div>\n\t\t\t<\/div>\n\t\t<\/div>\n\t<\/div>\n<\/section>\t\t\t\t<\/div>\n\t\t\t\t<\/div>\n\t\t\t\t<div class=\"elementor-element elementor-element-1cebe14 elementor-widget elementor-widget-banner_title_description_button_widget\" data-id=\"1cebe14\" data-element_type=\"widget\" data-widget_type=\"banner_title_description_button_widget.default\">\n\t\t\t\t<div class=\"elementor-widget-container\">\n\t\t\t\t\t<section class=\"section-centered-cols franquicia-section\">\n    <img decoding=\"async\" alt=\"\" class=\"background-image\" src=\"https:\/\/lawash.es\/wp-content\/uploads\/2024\/10\/crea-tu-franquicia.8bf25b.jpg\">\n    <div class=\"lawash-container\">\n        <div class=\"lawash-row\">\n            <div class=\"lawash-col-12\">\n                                <h2 class=\"franquicia-section__title title-1\" >\n                    T'interessa augmentar els teus <br\/> ingressos amb una bugaderia <br\/>La Wash GO modular?\n                <\/h2>\n            <\/div>\n                            <div class=\"lawash-col-auto\">\n                    <p class=\"franquicia-section__paragraph paragraph-2\">\n                    T'assessorem en tot el proc\u00e9s.\n                    <\/p>\n                <\/div>\n                        \n                            <div class=\"lawash-col-12\">\n                    <div class=\"section-centered-cols__buttons\">\n                                                                                <a title=\"Contacta ara\" href=\"https:\/\/lawash.es\/contacto\/\" class=\"button-1\" >\n  Contacta ara\n<\/a>\n                                            <\/div>\n                <\/div>\n                    <\/div>\n    <\/div>\n<\/section>\n\t\t\t\t<\/div>\n\t\t\t\t<\/div>\n\t\t\t\t<div class=\"elementor-element elementor-element-7037 elementor-widget elementor-widget-global elementor-global-7037 elementor-widget-newsletter_widget\" data-id=\"7037\" data-element_type=\"widget\" data-widget_type=\"newsletter_widget.default\">\n\t\t\t\t<div class=\"elementor-widget-container\">\n\t\t\t\t\t<div class=\"newsletter\">\n    <div class=\"lawash-container\">\n        <div class=\"lawash-row\">\n            <div class=\"lawash-col-6\">\n                <div class=\"d-flex flex-wrap align-items-center\">\n                    <h2 class=\"newsletter__title title-3\">Newsletter<\/h2>\n                    <h3 class=\"newsletter__paragraph\">\n                        Rep totes les promocions i novetats\n                    <\/h3>\n                <\/div>\n            <\/div>\n            <div class=\"lawash-col-6\">\n                <form id=\"js-newsletter-form\" class=\"d-flex flex-wrap align-items-end\">\n                    <input class=\"newsletter__input input-1 js-newsletter-email\" type=\"email\" placeholder=\"\" \/>\n                    <button type=\"submit\" class=\"newsletter__submit button-3\">Inscriu-te<\/button>\n                    <p class=\"newsletter__result newsletter__paragraph js-newsletter-result\"><\/p>\n                <\/form>\n            <\/div>\n        <\/div>\n    <\/div>\n<\/div>\n\t\t\t\t<\/div>\n\t\t\t\t<\/div>\n\t\t\t\t\t<\/div>\n\t\t<\/div>\n\t\t\t\t\t<\/div>\n\t\t<\/section>\n\t\t\t\t<\/div>\n\t\t","protected":false},"excerpt":{"rendered":"<p>Inici &nbsp;&#8211;&nbsp; Munta la teva Franqu\u00edcia &nbsp;&#8211;&nbsp; Bugaderia GO Franqu\u00edcia de bugaderia Modular Munta un La Wash GO a qualsevol lloc Contacta Franqu\u00edcia la wash go 100% self-service La Wash Go t&#8217;ofereix la possibilitat d&#8217;instal\u00b7lar m\u00f2duls de bugaderia en diferents ubicacions. Fes cr\u00e9ixer el teu negoci gradualment afegint m\u00f2duls sense necessitat d&#8217;una gran inversi\u00f3 inicial. &hellip; <a href=\"https:\/\/lawash.es\/ca\/munta-la-teva-franquicia\/franquicia-de-bugaderia-modular\/\">Continued<\/a><\/p>\n","protected":false},"author":1,"featured_media":0,"parent":5133,"menu_order":0,"comment_status":"closed","ping_status":"closed","template":"template-elementor.blade.php","meta":{"_acf_changed":false,"inline_featured_image":false,"footnotes":""},"class_list":["post-5134","page","type-page","status-publish","hentry"],"acf":[],"yoast_head":"<!-- This site is optimized with the Yoast SEO plugin v24.4 - https:\/\/yoast.com\/wordpress\/plugins\/seo\/ -->\n<title>Munta una bugaderia autoservei | Franqu\u00edcia Modular La Wash<\/title>\n<meta name=\"description\" content=\"Inicia el teu negoci amb la franqu\u00edcia Modular La Wash. Flexibilitat i efici\u00e8ncia en bugaderies autoservei innovadores.\" \/>\n<meta name=\"robots\" content=\"index, follow, max-snippet:-1, max-image-preview:large, max-video-preview:-1\" \/>\n<link rel=\"canonical\" href=\"https:\/\/lawash.es\/ca\/munta-la-teva-franquicia\/franquicia-de-bugaderia-modular\/\" \/>\n<meta property=\"og:locale\" content=\"ca_ES\" \/>\n<meta property=\"og:type\" content=\"article\" \/>\n<meta property=\"og:title\" content=\"Munta una bugaderia autoservei | Franqu\u00edcia Modular La Wash\" \/>\n<meta property=\"og:description\" content=\"Inicia el teu negoci amb la franqu\u00edcia Modular La Wash. Flexibilitat i efici\u00e8ncia en bugaderies autoservei innovadores.\" \/>\n<meta property=\"og:url\" content=\"https:\/\/lawash.es\/ca\/munta-la-teva-franquicia\/franquicia-de-bugaderia-modular\/\" \/>\n<meta property=\"og:site_name\" content=\"La Wash\" \/>\n<meta property=\"article:modified_time\" content=\"2024-10-18T14:51:45+00:00\" \/>\n<meta property=\"og:image\" content=\"https:\/\/lawash.es\/wp-content\/uploads\/2024\/10\/lavanderia-go.7eb8ac.jpg\" \/>\n<meta name=\"twitter:card\" content=\"summary_large_image\" \/>\n<meta name=\"twitter:label1\" content=\"Temps estimat de lectura\" \/>\n\t<meta name=\"twitter:data1\" content=\"4 minuts\" \/>\n<!-- \/ Yoast SEO plugin. -->","yoast_head_json":{"title":"Munta una bugaderia autoservei | Franqu\u00edcia Modular La Wash","description":"Inicia el teu negoci amb la franqu\u00edcia Modular La Wash. Flexibilitat i efici\u00e8ncia en bugaderies autoservei innovadores.","robots":{"index":"index","follow":"follow","max-snippet":"max-snippet:-1","max-image-preview":"max-image-preview:large","max-video-preview":"max-video-preview:-1"},"canonical":"https:\/\/lawash.es\/ca\/munta-la-teva-franquicia\/franquicia-de-bugaderia-modular\/","og_locale":"ca_ES","og_type":"article","og_title":"Munta una bugaderia autoservei | Franqu\u00edcia Modular La Wash","og_description":"Inicia el teu negoci amb la franqu\u00edcia Modular La Wash. Flexibilitat i efici\u00e8ncia en bugaderies autoservei innovadores.","og_url":"https:\/\/lawash.es\/ca\/munta-la-teva-franquicia\/franquicia-de-bugaderia-modular\/","og_site_name":"La Wash","article_modified_time":"2024-10-18T14:51:45+00:00","og_image":[{"url":"https:\/\/lawash.es\/wp-content\/uploads\/2024\/10\/lavanderia-go.7eb8ac.jpg","type":"","width":"","height":""}],"twitter_card":"summary_large_image","twitter_misc":{"Temps estimat de lectura":"4 minuts"},"schema":{"@context":"https:\/\/schema.org","@graph":[{"@type":"WebPage","@id":"https:\/\/lawash.es\/ca\/munta-la-teva-franquicia\/franquicia-de-bugaderia-modular\/","url":"https:\/\/lawash.es\/ca\/munta-la-teva-franquicia\/franquicia-de-bugaderia-modular\/","name":"Munta una bugaderia autoservei | Franqu\u00edcia Modular La Wash","isPartOf":{"@id":"https:\/\/lawash.es\/ca\/#website"},"primaryImageOfPage":{"@id":"https:\/\/lawash.es\/ca\/munta-la-teva-franquicia\/franquicia-de-bugaderia-modular\/#primaryimage"},"image":{"@id":"https:\/\/lawash.es\/ca\/munta-la-teva-franquicia\/franquicia-de-bugaderia-modular\/#primaryimage"},"thumbnailUrl":"https:\/\/lawash.es\/wp-content\/uploads\/2024\/10\/lavanderia-go.7eb8ac.jpg","datePublished":"2024-08-15T11:23:05+00:00","dateModified":"2024-10-18T14:51:45+00:00","description":"Inicia el teu negoci amb la franqu\u00edcia Modular La Wash. Flexibilitat i efici\u00e8ncia en bugaderies autoservei innovadores.","breadcrumb":{"@id":"https:\/\/lawash.es\/ca\/munta-la-teva-franquicia\/franquicia-de-bugaderia-modular\/#breadcrumb"},"inLanguage":"ca","potentialAction":[{"@type":"ReadAction","target":["https:\/\/lawash.es\/ca\/munta-la-teva-franquicia\/franquicia-de-bugaderia-modular\/"]}]},{"@type":"ImageObject","inLanguage":"ca","@id":"https:\/\/lawash.es\/ca\/munta-la-teva-franquicia\/franquicia-de-bugaderia-modular\/#primaryimage","url":"https:\/\/lawash.es\/wp-content\/uploads\/2024\/10\/lavanderia-go.7eb8ac.jpg","contentUrl":"https:\/\/lawash.es\/wp-content\/uploads\/2024\/10\/lavanderia-go.7eb8ac.jpg"},{"@type":"BreadcrumbList","@id":"https:\/\/lawash.es\/ca\/munta-la-teva-franquicia\/franquicia-de-bugaderia-modular\/#breadcrumb","itemListElement":[{"@type":"ListItem","position":1,"name":"Portada","item":"https:\/\/lawash.es\/ca\/"},{"@type":"ListItem","position":2,"name":"Munta la teva franqu\u00edcia de bugaderia","item":"https:\/\/lawash.es\/ca\/munta-la-teva-franquicia\/"},{"@type":"ListItem","position":3,"name":"Franqu\u00edcia de bugaderia modular"}]},{"@type":"WebSite","@id":"https:\/\/lawash.es\/ca\/#website","url":"https:\/\/lawash.es\/ca\/","name":"La Wash","description":"Franquicia de lavander\u00edas autoservicio","potentialAction":[{"@type":"SearchAction","target":{"@type":"EntryPoint","urlTemplate":"https:\/\/lawash.es\/ca\/?s={search_term_string}"},"query-input":{"@type":"PropertyValueSpecification","valueRequired":true,"valueName":"search_term_string"}}],"inLanguage":"ca"}]}},"_links":{"self":[{"href":"https:\/\/lawash.es\/ca\/wp-json\/wp\/v2\/pages\/5134","targetHints":{"allow":["GET"]}}],"collection":[{"href":"https:\/\/lawash.es\/ca\/wp-json\/wp\/v2\/pages"}],"about":[{"href":"https:\/\/lawash.es\/ca\/wp-json\/wp\/v2\/types\/page"}],"author":[{"embeddable":true,"href":"https:\/\/lawash.es\/ca\/wp-json\/wp\/v2\/users\/1"}],"replies":[{"embeddable":true,"href":"https:\/\/lawash.es\/ca\/wp-json\/wp\/v2\/comments?post=5134"}],"version-history":[{"count":0,"href":"https:\/\/lawash.es\/ca\/wp-json\/wp\/v2\/pages\/5134\/revisions"}],"up":[{"embeddable":true,"href":"https:\/\/lawash.es\/ca\/wp-json\/wp\/v2\/pages\/5133"}],"wp:attachment":[{"href":"https:\/\/lawash.es\/ca\/wp-json\/wp\/v2\/media?parent=5134"}],"curies":[{"name":"wp","href":"https:\/\/api.w.org\/{rel}","templated":true}]}}