{"id":9320,"date":"2024-11-12T09:35:17","date_gmt":"2024-11-12T08:35:17","guid":{"rendered":"https:\/\/lawash.es\/?page_id=9320"},"modified":"2026-03-11T17:38:54","modified_gmt":"2026-03-11T16:38:54","slug":"contacte-la-wash","status":"publish","type":"page","link":"https:\/\/lawash.es\/ca\/contacte-la-wash\/","title":{"rendered":"Contacte La Wash"},"content":{"rendered":"\t\t<div data-elementor-type=\"wp-page\" data-elementor-id=\"9320\" class=\"elementor elementor-9320 elementor-9318\" data-elementor-post-type=\"page\">\n\t\t\t\t\t\t<section class=\"elementor-section elementor-top-section elementor-element elementor-element-4e792be elementor-section-boxed elementor-section-height-default elementor-section-height-default\" data-id=\"4e792be\" data-element_type=\"section\">\n\t\t\t\t\t\t<div class=\"elementor-container elementor-column-gap-default\">\n\t\t\t\t\t<div class=\"elementor-column elementor-col-100 elementor-top-column elementor-element elementor-element-e29a957\" data-id=\"e29a957\" data-element_type=\"column\">\n\t\t\t<div class=\"elementor-widget-wrap elementor-element-populated\">\n\t\t\t\t\t\t<div class=\"elementor-element elementor-element-4c57df8 elementor-widget elementor-widget-header_widget\" data-id=\"4c57df8\" data-element_type=\"widget\" data-widget_type=\"header_widget.default\">\n\t\t\t\t<div class=\"elementor-widget-container\">\n\t\t\t\t\t<section class=\"hero-section js-hero-section home hero-section--small noSize \">\n    <img decoding=\"async\" alt=\"\" class=\"background-image\" src=\"https:\/\/lawash.es\/wp-content\/uploads\/2024\/10\/contacto.911681.jpg\" \/>\n    <div class=\"background-gradient\"><\/div>\n        <div class=\"lawash-container hero-container\">\n        <div class=\"hero-info \">\n\n                            <div class=\"hero-info__breadcrumbs breadcrumbs\">\n    <a href=\"https:\/\/lawash.es\/ca\/\" title=\"Inici\" class=\"hero-info__breadcrumb-link breadcrumb-link\">Inici<\/a>\n    <span class=\"hero-info__breadcrumb-divider breadcrumb-divider\">&nbsp;-&nbsp;<\/span>\n                        \n                <a title=\"Contacte\" href=\"https:\/\/lawash.es\/contacto\/\" class=\"hero-info__breadcrumb-link breadcrumb-link\">Contacte<\/a>\n            <\/div>\n            \n                            <h1 class=\"hero-info__pretitle title-4\">Contacta amb La Wash<\/h1>\n                <h2 class=\"hero-info__title title-1\">\n                    <span class=\"custom-text-highlight custom-text-highlight-3\"> Tens dubtes o<\/span>\n            <span class=\"custom-highlight custom-highlight-3\">\n              <img decoding=\"async\" alt=\"\" class=\"custom-highlight__img\" src=\"https:\/\/lawash.es\/wp-content\/themes\/sage\/public\/img\/custom-highlight-3.e911b8.svg\" \/>\n              <span class=\"custom-highlight__text\">suggeriments?<\/span>\n            <\/span>\n            <span class=\"custom-text-highlight custom-text-highlight-3\"><\/span>\n        \n                <\/h2>\n            \n\n            \n\n            \n                    <\/div>\n    <\/div>\n<\/section>\n\t\t\t\t<\/div>\n\t\t\t\t<\/div>\n\t\t\t\t<div class=\"elementor-element elementor-element-b4bead3 elementor-widget elementor-widget-form_widget\" data-id=\"b4bead3\" data-element_type=\"widget\" data-widget_type=\"form_widget.default\">\n\t\t\t\t<div class=\"elementor-widget-container\">\n\t\t\t\t\t<section class=\"section-2-cols support-section contact-section\">\n    <div class=\"lawash-container\">\n        <div class=\"lawash-row\">\n            <div class=\"lawash-col-auto\">\n                <div class=\"section-2-cols__info align-content-between\">\n                    <div>\n                        <h2 class=\"section-2-cols__title title-2\">\n                            \n            <span class=\"custom-highlight custom-highlight-3\">\n              <img decoding=\"async\" alt=\"\" class=\"custom-highlight__img\" src=\"https:\/\/lawash.es\/wp-content\/themes\/sage\/public\/img\/custom-highlight-3.e911b8.svg\" \/>\n              <span class=\"custom-highlight__text\">CONTACTA <\/span>\n            <\/span>\n            <span class=\"custom-text-highlight custom-text-highlight-5\">AMB LA WASH<\/span>\n        \n\n                        <\/h2>\n                        <div class=\"w-100\"><\/div>\n\n                        <p class=\"section-2-cols__paragraph\">\n                            A La Wash\u00ae estem aqu\u00ed per ajudar-te. Si necessites m\u00e9s informaci\u00f3 sobre els nostres serveis, ubicacions o com funcionen les nostres bugaderies autoservei, escriu-nos i et respondrem el m\u00e9s aviat possible.\n                        <\/p>\n\n                                            <\/div>\n                <\/div>\n            <\/div>\n            <div class=\"lawash-col\">\n                                <div id=\"hubspot-form-12557\">\n                    <script charset=\"utf-8\" type=\"text\/javascript\" src=\"\/\/js.hsforms.net\/forms\/v2.js\"><\/script>\n                    <script>\n                      hbspt.forms.create({\n                          region: \"eu1\",\n                          portalId: \"25252882\",\n                          formId: \"1f22c8f6-fe08-4b75-a641-115e93d8beaf\"\n                      });\n                    <\/script>\n                <\/div>\n                            <\/div>\n\n        <\/div>\n    <\/div>\n<\/section>\n\t\t\t\t<\/div>\n\t\t\t\t<\/div>\n\t\t\t\t<div class=\"elementor-element elementor-element-8adc564 elementor-widget elementor-widget-map_widget\" data-id=\"8adc564\" data-element_type=\"widget\" data-widget_type=\"map_widget.default\">\n\t\t\t\t<div class=\"elementor-widget-container\">\n\t\t\t\t\t<section class=\"section-2-cols section-2-cols--full map-cols-2-section\">\n    <div class=\"lawash-row fullback-row\">\n        <div class=\"lawash-col-6\">\n            <div class=\"background-1\"><\/div>\n        <\/div>\n        <div class=\"lawash-col-6 pl-0\">\n            <div class=\"section-2-cols__map map\">\n                <iframe \n                class=\"map-iframe\"\n                width=\"100%\" \n                height=\"100%\" \n                style=\"border:0\" \n                loading=\"lazy\",\n                allowfullscreen,\n                title=\"Oficina Central\" \n                aria-label=\"C\/ FREDERIC MOMPOU, 4a, 3\u00ba 2\u00aa\" \n                referrerpolicy=\"no-referrer-when-downgrade\",\n                src=\"https:\/\/www.google.com\/maps\/embed?pb=!1m18!1m12!1m3!1d5987.909035721029!2d2.072439112450698!3d41.375072871181814!2m3!1f0!2f0!3f0!3m2!1i1024!2i768!4f13.1!3m3!1m2!1s0x12a4a3100d126c73%3A0x29012f1603dd2096!2sLa%20Wash%20-%20Oficinas%20centrales!5e0!3m2!1ses!2sie!4v1724397275889!5m2!1ses!2sie\"><\/iframe>\n            <\/div>\n        <\/div>\n    <\/div>        \n    <div class=\"lawash-container background-1-mobile\">\n        <div class=\"lawash-row\">\n            <div class=\"lawash-col-6\">\n                <div class=\"section-2-cols__info\">\n                    <h2 class=\"section-2-cols__title section-2-cols__title-mb-1 title-2\">Oficina Central<\/h2>\n                    <div class=\"w-100\"><\/div>\n                    <h3 class=\"section-2-cols__subtitle title-4\">\n                        C\/ FREDERIC MOMPOU, 4a, 3\u00ba 2\u00aa<br>\n                        08960 Sant Just Desvern<br>\n                        Barcelona\n                    <\/h3>\n                <\/div>\n            <\/div>\n        <\/div>\n    <\/div>\n<\/section>\t\t\t\t<\/div>\n\t\t\t\t<\/div>\n\t\t\t\t<div class=\"elementor-element elementor-element-2e650ad elementor-widget elementor-widget-nearest_laundry_widget\" data-id=\"2e650ad\" data-element_type=\"widget\" data-widget_type=\"nearest_laundry_widget.default\">\n\t\t\t\t<div class=\"elementor-widget-container\">\n\t\t\t\t\t<section class=\"section-2-cols section-2-cols--full map-cols-2-section\"\n        id=\"container-map\"\n        data-iconhere=\"https:\/\/lawash.es\/wp-content\/themes\/sage\/public\/img\/googlemaps\/AreYouHere.c50996.svg\",\n        data-iconmarker=\"https:\/\/lawash.es\/wp-content\/themes\/sage\/public\/img\/googlemaps\/googlemaps-marker.b9f9bb.png\",\n        data-iconplaceholder=\"https:\/\/lawash.es\/wp-content\/themes\/sage\/public\/img\/googlemaps\/placeholder.99a98a.svg\",\n        data-icongroup=\"https:\/\/lawash.es\/wp-content\/themes\/sage\/public\/img\/googlemaps\/grupo-markers.f61b8b.svg\",\n        data-yourlocation=\"La teva ubicaci\u00f3\"\n        data-here=\"Est\u00e1s aqu\u00ed\"\n        data-show=\"Veure bugaderia\"\n        data-howText=\"Com arribar\"\n        data-distance=\"Distancia\">\n        <div class=\"lawash-row fullback-row\">\n            <div class=\"lawash-col-6 pr-0\">\n                <div class=\"section-2-cols__map map\">\n                                      <iframe\n                        class=\"map-iframe\"\n                        width=\"100%\"\n                        height=\"100%\"\n                        style=\"border:0\"\n                        loading=\"lazy\" ,\n                        allowfullscreen,\n                        title=\"Casteth 10, Vielha\"\n                        aria-label=\"Casteth 10, Vielha\"\n                        referrerpolicy=\"no-referrer-when-downgrade\" ,\n                        src=\"https:\/\/maps.google.com\/maps?q=La+Wash+Casteth+10%2C+Vielha+Vielha+Catalunya+Espanya&#038;t=m&#038;z=16&#038;output=embed&#038;iwloc=near\"><\/iframe>\n                                    <\/div>\n            <\/div>\n            <div class=\"lawash-col-6\">\n                <div class=\"background-2\"><\/div>\n            <\/div>\n\n        <\/div>\n        <div class=\"lawash-container background-2-mobile\">\n            <div class=\"lawash-row\">\n                <div class=\"lawash-col-6\"><\/div>\n                <div class=\"lawash-col-6\">\n                    <div class=\"section-2-cols__info\">\n                        <h2 class=\"section-2-cols__title title-2\">\n                                                        La teva bugaderia m\u00e9s propera\n                                                    <\/h2>\n                        <div class=\"w-100\"><\/div>\n                                                <h3 class=\"section-2-cols__subtitle title-4 js-nearest-laundry\">\n                            Casteth 10, Vielha\n                        <\/h3>\n                        <div class=\"section-2-cols__buttons\">\n                            <a title=\"Veure bugaderia\"\n                                href=\"https:\/\/lawash.es\/ca\/lavanderia\/casteth-10-vielha\/\"\n                                class=\"button-1 js-nearest-laundry-link\">Veure bugaderia<\/a>\n                            <a title=\"Veure totes les bugaderies\" href=\"\/ca\/bugaderies-a-prop-teu#lavanderias-autoservicio-por-ubicaciones#lavanderias-autoservicio-por-ubicaciones\" class=\"smooth-scroll button-2\">Veure totes les bugaderies<\/a>\n                        <\/div>\n                                            <\/div>\n                <\/div>\n            <\/div>\n        <\/div>\n    <\/section>\n    \t\t\t\t<\/div>\n\t\t\t\t<\/div>\n\t\t\t\t<div class=\"elementor-element elementor-element-420c061 elementor-widget elementor-widget-banner_title_description_button_widget\" data-id=\"420c061\" data-element_type=\"widget\" data-widget_type=\"banner_title_description_button_widget.default\">\n\t\t\t\t<div class=\"elementor-widget-container\">\n\t\t\t\t\t<section class=\"section-centered-cols franquicia-section\">\n    <img decoding=\"async\" alt=\"\" class=\"background-image\" src=\"https:\/\/lawash.es\/wp-content\/uploads\/2024\/10\/crea-tu-franquicia.8bf25b.jpg\">\n    <div class=\"lawash-container\">\n        <div class=\"lawash-row\">\n            <div class=\"lawash-col-12\">\n                                <h2 class=\"franquicia-section__title title-1\" >\n                    Vols formar <br>part de La Wash?\n                <\/h2>\n            <\/div>\n                            <div class=\"lawash-col-auto\">\n                    <p class=\"franquicia-section__paragraph paragraph-2\">\n                    Uneix-te a La Wash i aprofita l'oportunitat d'inversi\u00f3 que ofereix el sector de les bugaderies autoservei.\n                    <\/p>\n                <\/div>\n                        \n                            <div class=\"lawash-col-12\">\n                    <div class=\"section-centered-cols__buttons\">\n                                                                                <a title=\"Munta la teva franqu\u00edcia\" href=\"https:\/\/lawash.es\/franquicia-lavanderia-autoservicio\/\" class=\"button-1\" >\n  Munta la teva franqu\u00edcia\n<\/a>\n                                            <\/div>\n                <\/div>\n                    <\/div>\n    <\/div>\n<\/section>\n\t\t\t\t<\/div>\n\t\t\t\t<\/div>\n\t\t\t\t<div class=\"elementor-element elementor-element-04d0a23 elementor-widget elementor-widget-global elementor-global-7034 elementor-widget-banner_apps_widget\" data-id=\"04d0a23\" data-element_type=\"widget\" data-widget_type=\"banner_apps_widget.default\">\n\t\t\t\t<div class=\"elementor-widget-container\">\n\t\t\t\t\t<section class=\"apps-section\">\n  <div class=\"lawash-container\">\n    <div class=\"lawash-row\">\n      <div class=\"lawash-col first-col\">\n        <div class=\"apps-section__container\">\n          <div class=\"d-flex flex-wrap align-items-center\">\n            <h2 class=\"apps-section__title title-3\">Descarrega&#039;t l&#039;APP<\/h2>\n            <h3 class=\"apps-section__paragraph\">Aprofita els descomptes i avantatges d&#039;entrar al Club La Wash<\/h3>\n          <\/div>\n        <\/div>\n      <\/div>\n      <div class=\"lawash-col-auto second-col\">\n                <div class=\"apps-section__apps\">\n                                      \n              <a title=\"App Store\" class=\"apps-section__app-logo\" href=\"https:\/\/apps.apple.com\/es\/app\/lawash\/id1160184056\" target=\"_blank\">\n  <img decoding=\"async\" alt=\"App Store\" class=\"apps-section__app-img\" src=\"https:\/\/lawash.es\/wp-content\/uploads\/2024\/10\/app-store.5c0ed0.svg\" \/>\n<\/a>\n                                      \n              <a title=\"Google Play\" class=\"apps-section__app-logo\" href=\"https:\/\/play.google.com\/store\/apps\/details?id=lawash.com.lawash&amp;hl=en\" target=\"_blank\">\n  <img decoding=\"async\" alt=\"Google Play\" class=\"apps-section__app-img\" src=\"https:\/\/lawash.es\/wp-content\/uploads\/2024\/10\/google-play.c58f6e.svg\" \/>\n<\/a>\n                  <\/div>\n              <\/div>\n    <\/div>\n  <\/div>\n<\/section>\n\t\t\t\t<\/div>\n\t\t\t\t<\/div>\n\t\t\t\t\t<\/div>\n\t\t<\/div>\n\t\t\t\t\t<\/div>\n\t\t<\/section>\n\t\t\t\t<\/div>\n\t\t","protected":false},"excerpt":{"rendered":"<p>Inici &nbsp;&#8211;&nbsp; Contacte Contacta amb La Wash Tens dubtes o suggeriments? CONTACTA AMB LA WASH A La Wash\u00ae estem aqu\u00ed per ajudar-te. Si necessites m\u00e9s informaci\u00f3 sobre els nostres serveis, ubicacions o com funcionen les nostres bugaderies autoservei, escriu-nos i et respondrem el m\u00e9s aviat possible. Oficina Central C\/ FREDERIC MOMPOU, 4a, 3\u00ba 2\u00aa 08960 &hellip; <a href=\"https:\/\/lawash.es\/ca\/contacte-la-wash\/\">Continued<\/a><\/p>\n","protected":false},"author":3,"featured_media":0,"parent":0,"menu_order":0,"comment_status":"closed","ping_status":"closed","template":"template-elementor.blade.php","meta":{"_acf_changed":false,"inline_featured_image":false,"footnotes":""},"class_list":["post-9320","page","type-page","status-publish","hentry"],"acf":[],"yoast_head":"<!-- This site is optimized with the Yoast SEO plugin v24.4 - https:\/\/yoast.com\/wordpress\/plugins\/seo\/ -->\n<title>Contacta amb La Wash | Bugaderies Autoservei a prop teu<\/title>\n<meta name=\"description\" content=\"Contacta amb La Wash per resoldre els teus dubtes i trobar la bugaderia autoservei m\u00e9s propera. Som aqu\u00ed per ajudar-te.\" \/>\n<meta name=\"robots\" content=\"index, follow, max-snippet:-1, max-image-preview:large, max-video-preview:-1\" \/>\n<link rel=\"canonical\" href=\"https:\/\/lawash.es\/ca\/contacte-la-wash\/\" \/>\n<meta property=\"og:locale\" content=\"ca_ES\" \/>\n<meta property=\"og:type\" content=\"article\" \/>\n<meta property=\"og:title\" content=\"Contacta amb La Wash | Bugaderies Autoservei a prop teu\" \/>\n<meta property=\"og:description\" content=\"Contacta amb La Wash per resoldre els teus dubtes i trobar la bugaderia autoservei m\u00e9s propera. Som aqu\u00ed per ajudar-te.\" \/>\n<meta property=\"og:url\" content=\"https:\/\/lawash.es\/ca\/contacte-la-wash\/\" \/>\n<meta property=\"og:site_name\" content=\"La Wash\" \/>\n<meta property=\"article:modified_time\" content=\"2026-03-11T16:38:54+00:00\" \/>\n<meta property=\"og:image\" content=\"https:\/\/lawash.es\/wp-content\/uploads\/2024\/10\/contacto.911681.jpg\" \/>\n<meta name=\"twitter:card\" content=\"summary_large_image\" \/>\n<meta name=\"twitter:label1\" content=\"Temps estimat de lectura\" \/>\n\t<meta name=\"twitter:data1\" content=\"2 minuts\" \/>\n<!-- \/ Yoast SEO plugin. -->","yoast_head_json":{"title":"Contacta amb La Wash | Bugaderies Autoservei a prop teu","description":"Contacta amb La Wash per resoldre els teus dubtes i trobar la bugaderia autoservei m\u00e9s propera. Som aqu\u00ed per ajudar-te.","robots":{"index":"index","follow":"follow","max-snippet":"max-snippet:-1","max-image-preview":"max-image-preview:large","max-video-preview":"max-video-preview:-1"},"canonical":"https:\/\/lawash.es\/ca\/contacte-la-wash\/","og_locale":"ca_ES","og_type":"article","og_title":"Contacta amb La Wash | Bugaderies Autoservei a prop teu","og_description":"Contacta amb La Wash per resoldre els teus dubtes i trobar la bugaderia autoservei m\u00e9s propera. Som aqu\u00ed per ajudar-te.","og_url":"https:\/\/lawash.es\/ca\/contacte-la-wash\/","og_site_name":"La Wash","article_modified_time":"2026-03-11T16:38:54+00:00","og_image":[{"url":"https:\/\/lawash.es\/wp-content\/uploads\/2024\/10\/contacto.911681.jpg","type":"","width":"","height":""}],"twitter_card":"summary_large_image","twitter_misc":{"Temps estimat de lectura":"2 minuts"},"schema":{"@context":"https:\/\/schema.org","@graph":[{"@type":"WebPage","@id":"https:\/\/lawash.es\/ca\/contacte-la-wash\/","url":"https:\/\/lawash.es\/ca\/contacte-la-wash\/","name":"Contacta amb La Wash | Bugaderies Autoservei a prop teu","isPartOf":{"@id":"https:\/\/lawash.es\/ca\/#website"},"primaryImageOfPage":{"@id":"https:\/\/lawash.es\/ca\/contacte-la-wash\/#primaryimage"},"image":{"@id":"https:\/\/lawash.es\/ca\/contacte-la-wash\/#primaryimage"},"thumbnailUrl":"https:\/\/lawash.es\/wp-content\/uploads\/2024\/10\/contacto.911681.jpg","datePublished":"2024-11-12T08:35:17+00:00","dateModified":"2026-03-11T16:38:54+00:00","description":"Contacta amb La Wash per resoldre els teus dubtes i trobar la bugaderia autoservei m\u00e9s propera. Som aqu\u00ed per ajudar-te.","breadcrumb":{"@id":"https:\/\/lawash.es\/ca\/contacte-la-wash\/#breadcrumb"},"inLanguage":"ca","potentialAction":[{"@type":"ReadAction","target":["https:\/\/lawash.es\/ca\/contacte-la-wash\/"]}]},{"@type":"ImageObject","inLanguage":"ca","@id":"https:\/\/lawash.es\/ca\/contacte-la-wash\/#primaryimage","url":"https:\/\/lawash.es\/wp-content\/uploads\/2024\/10\/contacto.911681.jpg","contentUrl":"https:\/\/lawash.es\/wp-content\/uploads\/2024\/10\/contacto.911681.jpg"},{"@type":"BreadcrumbList","@id":"https:\/\/lawash.es\/ca\/contacte-la-wash\/#breadcrumb","itemListElement":[{"@type":"ListItem","position":1,"name":"Portada","item":"https:\/\/lawash.es\/ca\/"},{"@type":"ListItem","position":2,"name":"Contacte La Wash"}]},{"@type":"WebSite","@id":"https:\/\/lawash.es\/ca\/#website","url":"https:\/\/lawash.es\/ca\/","name":"La Wash","description":"Franquicia de lavander\u00edas autoservicio","potentialAction":[{"@type":"SearchAction","target":{"@type":"EntryPoint","urlTemplate":"https:\/\/lawash.es\/ca\/?s={search_term_string}"},"query-input":{"@type":"PropertyValueSpecification","valueRequired":true,"valueName":"search_term_string"}}],"inLanguage":"ca"}]}},"_links":{"self":[{"href":"https:\/\/lawash.es\/ca\/wp-json\/wp\/v2\/pages\/9320","targetHints":{"allow":["GET"]}}],"collection":[{"href":"https:\/\/lawash.es\/ca\/wp-json\/wp\/v2\/pages"}],"about":[{"href":"https:\/\/lawash.es\/ca\/wp-json\/wp\/v2\/types\/page"}],"author":[{"embeddable":true,"href":"https:\/\/lawash.es\/ca\/wp-json\/wp\/v2\/users\/3"}],"replies":[{"embeddable":true,"href":"https:\/\/lawash.es\/ca\/wp-json\/wp\/v2\/comments?post=9320"}],"version-history":[{"count":0,"href":"https:\/\/lawash.es\/ca\/wp-json\/wp\/v2\/pages\/9320\/revisions"}],"wp:attachment":[{"href":"https:\/\/lawash.es\/ca\/wp-json\/wp\/v2\/media?parent=9320"}],"curies":[{"name":"wp","href":"https:\/\/api.w.org\/{rel}","templated":true}]}}