{"id":20298,"date":"2024-11-12T09:35:17","date_gmt":"2024-11-12T08:35:17","guid":{"rendered":"https:\/\/lawash.es\/contacto-la-wash\/"},"modified":"2026-04-22T20:41:29","modified_gmt":"2026-04-22T18:41:29","slug":"contacto-la-wash","status":"publish","type":"page","link":"https:\/\/lawash.es\/it\/contacto-la-wash\/","title":{"rendered":"Contacto La Wash"},"content":{"rendered":"\t\t<div data-elementor-type=\"wp-page\" data-elementor-id=\"20298\" class=\"elementor elementor-20298 elementor-9318\" data-elementor-post-type=\"page\">\n\t\t\t\t\t\t<section class=\"elementor-section elementor-top-section elementor-element elementor-element-3903e65 elementor-section-boxed elementor-section-height-default elementor-section-height-default\" data-id=\"3903e65\" data-element_type=\"section\">\n\t\t\t\t\t\t<div class=\"elementor-container elementor-column-gap-default\">\n\t\t\t\t\t<div class=\"elementor-column elementor-col-100 elementor-top-column elementor-element elementor-element-28db153\" data-id=\"28db153\" data-element_type=\"column\">\n\t\t\t<div class=\"elementor-widget-wrap elementor-element-populated\">\n\t\t\t\t\t\t<div class=\"elementor-element elementor-element-edc4937 elementor-widget elementor-widget-header_widget\" data-id=\"edc4937\" data-element_type=\"widget\" data-widget_type=\"header_widget.default\">\n\t\t\t\t<div class=\"elementor-widget-container\">\n\t\t\t\t\t<section class=\"hero-section js-hero-section home hero-section--small noSize \">\n    <img decoding=\"async\" alt=\"\" class=\"background-image\" src=\"https:\/\/lawash.es\/wp-content\/uploads\/2025\/04\/Captura-de-pantalla-2025-04-03-a-las-12.07.00.png\" \/>\n    <div class=\"background-gradient\"><\/div>\n        <div class=\"lawash-container hero-container\">\n        <div class=\"hero-info \">\n\n                            <div class=\"hero-info__breadcrumbs breadcrumbs\">\n    <a href=\"https:\/\/lawash.es\/it\/\" title=\"Inicio\" class=\"hero-info__breadcrumb-link breadcrumb-link\">Inicio<\/a>\n    <span class=\"hero-info__breadcrumb-divider breadcrumb-divider\">&nbsp;-&nbsp;<\/span>\n                        \n                <a title=\"Contacto\" href=\"https:\/\/lawash.es\/contacto\/\" class=\"hero-info__breadcrumb-link breadcrumb-link\">Contacto<\/a>\n            <\/div>\n            \n                            <h1 class=\"hero-info__pretitle title-4\">Contatta La Wash<\/h1>\n                <h2 class=\"hero-info__title title-1\">\n                    <span class=\"custom-text-highlight custom-text-highlight-3\"> Utilizzi le nostre lavanderie e hai<\/span>\n            <span class=\"custom-highlight custom-highlight-3\">\n              <img decoding=\"async\" alt=\"\" class=\"custom-highlight__img\" src=\"https:\/\/lawash.es\/wp-content\/themes\/sage\/public\/img\/custom-highlight-3.e911b8.svg\" \/>\n              <span class=\"custom-highlight__text\">qualche dubbio<\/span>\n            <\/span>\n            <span class=\"custom-text-highlight custom-text-highlight-3\">?<\/span>\n        \n                <\/h2>\n            \n\n            \n\n            \n                    <\/div>\n    <\/div>\n<\/section>\n\t\t\t\t<\/div>\n\t\t\t\t<\/div>\n\t\t\t\t<div class=\"elementor-element elementor-element-d9a8349 elementor-widget elementor-widget-form_widget\" data-id=\"d9a8349\" data-element_type=\"widget\" data-widget_type=\"form_widget.default\">\n\t\t\t\t<div class=\"elementor-widget-container\">\n\t\t\t\t\t<section class=\"section-2-cols support-section contact-section\">\n    <div class=\"lawash-container\">\n        <div class=\"lawash-row\">\n            <div class=\"lawash-col-auto\">\n                <div class=\"section-2-cols__info align-content-between\">\n                    <div>\n                        <h2 class=\"section-2-cols__title title-2\">\n                            <span class=\"custom-text-highlight custom-text-highlight-5\"> Contatta<\/span>\n            <span class=\"custom-highlight custom-highlight-3\">\n              <img decoding=\"async\" alt=\"\" class=\"custom-highlight__img\" src=\"https:\/\/lawash.es\/wp-content\/themes\/sage\/public\/img\/custom-highlight-3.e911b8.svg\" \/>\n              <span class=\"custom-highlight__text\">La Wash<\/span>\n            <\/span>\n            <span class=\"custom-text-highlight custom-text-highlight-5\"><\/span>\n        \n\n                        <\/h2>\n                        <div class=\"w-100\"><\/div>\n\n                        <p class=\"section-2-cols__paragraph\">\n                            <strong>Consultazioni, suggerimenti o segnalazioni: siamo qui per aiutarti.<\/strong><br><br>Se hai bisogno di aiuto con il funzionamento delle nostre lavanderie, informazioni su servizi, localit\u00e0 o vuoi inviarci un commento, compila questo modulo e ti risponderemo il prima possibile.<br><br><strong>Questo modulo \u00e8 esclusivo per clienti e utenti delle lavanderie La Wash.\n                        <\/p>\n\n                                            <\/div>\n                <\/div>\n            <\/div>\n            <div class=\"lawash-col\">\n                                <div id=\"hubspot-form-12553\">\n                    <script charset=\"utf-8\" type=\"text\/javascript\" src=\"\/\/js.hsforms.net\/forms\/v2.js\"><\/script>\n                    <script>\n                      hbspt.forms.create({\n                          region: \"eu1\",\n                          portalId: \"25252882\",\n                          formId: \"fa28f1b7-6cd1-4f8c-a1dc-f20c899d95d7\"\n                      });\n                    <\/script>\n                <\/div>\n                            <\/div>\n\n        <\/div>\n    <\/div>\n<\/section>\n\t\t\t\t<\/div>\n\t\t\t\t<\/div>\n\t\t\t\t<div class=\"elementor-element elementor-element-79a6a9c elementor-widget elementor-widget-global elementor-global-7622 elementor-widget-map_widget\" data-id=\"79a6a9c\" data-element_type=\"widget\" data-widget_type=\"map_widget.default\">\n\t\t\t\t<div class=\"elementor-widget-container\">\n\t\t\t\t\t<section class=\"section-2-cols section-2-cols--full map-cols-2-section\">\n    <div class=\"lawash-row fullback-row\">\n        <div class=\"lawash-col-6\">\n            <div class=\"background-1\"><\/div>\n        <\/div>\n        <div class=\"lawash-col-6 pl-0\">\n            <div class=\"section-2-cols__map map\">\n                <iframe \n                class=\"map-iframe\"\n                width=\"100%\" \n                height=\"100%\" \n                style=\"border:0\" \n                loading=\"lazy\",\n                allowfullscreen,\n                title=\"Oficina Central\" \n                aria-label=\"C\/ FREDERIC MOMPOU, 4a, 3\u00ba 2\u00aa\" \n                referrerpolicy=\"no-referrer-when-downgrade\",\n                src=\"https:\/\/www.google.com\/maps\/embed?pb=!1m18!1m12!1m3!1d5987.909035721029!2d2.072439112450698!3d41.375072871181814!2m3!1f0!2f0!3f0!3m2!1i1024!2i768!4f13.1!3m3!1m2!1s0x12a4a3100d126c73%3A0x29012f1603dd2096!2sLa%20Wash%20-%20Oficinas%20centrales!5e0!3m2!1ses!2sie!4v1724397275889!5m2!1ses!2sie\"><\/iframe>\n            <\/div>\n        <\/div>\n    <\/div>        \n    <div class=\"lawash-container background-1-mobile\">\n        <div class=\"lawash-row\">\n            <div class=\"lawash-col-6\">\n                <div class=\"section-2-cols__info\">\n                    <h2 class=\"section-2-cols__title section-2-cols__title-mb-1 title-2\">Oficina Central<\/h2>\n                    <div class=\"w-100\"><\/div>\n                    <h3 class=\"section-2-cols__subtitle title-4\">\n                        C\/ FREDERIC MOMPOU, 4a, 3\u00ba 2\u00aa<br>\n                        08960 Sant Just Desvern<br>\n                        Barcelona\n                    <\/h3>\n                <\/div>\n            <\/div>\n        <\/div>\n    <\/div>\n<\/section>\t\t\t\t<\/div>\n\t\t\t\t<\/div>\n\t\t\t\t<div class=\"elementor-element elementor-element-ea0324e elementor-widget elementor-widget-banner_title_description_button_widget\" data-id=\"ea0324e\" data-element_type=\"widget\" data-widget_type=\"banner_title_description_button_widget.default\">\n\t\t\t\t<div class=\"elementor-widget-container\">\n\t\t\t\t\t<section class=\"section-centered-cols franquicia-section\">\n    <img decoding=\"async\" alt=\"\" class=\"background-image\" src=\"https:\/\/lawash.es\/wp-content\/uploads\/2024\/10\/crea-tu-franquicia.8bf25b.jpg\">\n    <div class=\"lawash-container\">\n        <div class=\"lawash-row\">\n            <div class=\"lawash-col-12\">\n                                <h2 class=\"franquicia-section__title title-1\" style=\"max-width:626px;\">\n                    \u00bfQuieres formar parte de La Wash?\n                <\/h2>\n            <\/div>\n                            <div class=\"lawash-col-auto\">\n                    <p class=\"franquicia-section__paragraph paragraph-2\">\n                    \u00danete a La Wash y aprovecha la oportunidad de inversi\u00f3n que ofrece el sector de las lavander\u00edas autoservicio.\n                    <\/p>\n                <\/div>\n                        \n                            <div class=\"lawash-col-12\">\n                    <div class=\"section-centered-cols__buttons\">\n                                                                                <a title=\"Monta tu franquicia\" href=\"https:\/\/lawash.es\/franquicia-lavanderia-autoservicio\/\" class=\"button-1\" >\n  Monta tu franquicia\n<\/a>\n                                            <\/div>\n                <\/div>\n                    <\/div>\n    <\/div>\n<\/section>\n\t\t\t\t<\/div>\n\t\t\t\t<\/div>\n\t\t\t\t<div class=\"elementor-element elementor-element-0524ea5 elementor-widget elementor-widget-template\" data-id=\"0524ea5\" data-element_type=\"widget\" data-widget_type=\"template.default\">\n\t\t\t\t<div class=\"elementor-widget-container\">\n\t\t\t\t\t\t\t<div class=\"elementor-template\">\n\t\t\t\t\t<div data-elementor-type=\"section\" data-elementor-id=\"6863\" class=\"elementor elementor-6863\" data-elementor-post-type=\"elementor_library\">\n\t\t\t\t\t<section class=\"elementor-section elementor-top-section elementor-element elementor-element-8f101d3 elementor-section-boxed elementor-section-height-default elementor-section-height-default\" data-id=\"8f101d3\" data-element_type=\"section\">\n\t\t\t\t\t\t<div class=\"elementor-container elementor-column-gap-default\">\n\t\t\t\t\t<div class=\"elementor-column elementor-col-100 elementor-top-column elementor-element elementor-element-79da86b\" data-id=\"79da86b\" data-element_type=\"column\">\n\t\t\t<div class=\"elementor-widget-wrap elementor-element-populated\">\n\t\t\t\t\t\t<div class=\"elementor-element elementor-element-fadffb8 elementor-widget elementor-widget-global elementor-global-6872 elementor-widget-banner_apps_widget\" data-id=\"fadffb8\" data-element_type=\"widget\" data-widget_type=\"banner_apps_widget.default\">\n\t\t\t\t<div class=\"elementor-widget-container\">\n\t\t\t\t\t<section class=\"apps-section\">\n  <div class=\"lawash-container\">\n    <div class=\"lawash-row\">\n      <div class=\"lawash-col first-col\">\n        <div class=\"apps-section__container\">\n          <div class=\"d-flex flex-wrap align-items-center\">\n            <h2 class=\"apps-section__title title-3\">Desc\u00e1rgate la APP<\/h2>\n            <h3 class=\"apps-section__paragraph\">Aprovecha los descuentos y ventajas de entrar en el Club La Wash<\/h3>\n          <\/div>\n        <\/div>\n      <\/div>\n      <div class=\"lawash-col-auto second-col\">\n                <div class=\"apps-section__apps\">\n                                      \n              <a title=\"App Store\" class=\"apps-section__app-logo\" href=\"https:\/\/apps.apple.com\/es\/app\/lawash\/id1160184056\" target=\"_blank\">\n  <img decoding=\"async\" alt=\"App Store\" class=\"apps-section__app-img\" src=\"https:\/\/lawash.es\/wp-content\/uploads\/2024\/10\/app-store.5c0ed0.svg\" \/>\n<\/a>\n                                      \n              <a title=\"Google Play\" class=\"apps-section__app-logo\" href=\"https:\/\/play.google.com\/store\/apps\/details?id=lawash.com.lawash&amp;hl=en\" target=\"_blank\">\n  <img decoding=\"async\" alt=\"Google Play\" class=\"apps-section__app-img\" src=\"https:\/\/lawash.es\/wp-content\/uploads\/2024\/10\/google-play.c58f6e.svg\" \/>\n<\/a>\n                  <\/div>\n              <\/div>\n    <\/div>\n  <\/div>\n<\/section>\n\t\t\t\t<\/div>\n\t\t\t\t<\/div>\n\t\t\t\t<div class=\"elementor-element elementor-element-9e436c0 elementor-widget elementor-widget-global elementor-global-6875 elementor-widget-newsletter_widget\" data-id=\"9e436c0\" data-element_type=\"widget\" data-widget_type=\"newsletter_widget.default\">\n\t\t\t\t<div class=\"elementor-widget-container\">\n\t\t\t\t\t<div class=\"newsletter\">\n    <div class=\"lawash-container\">\n        <div class=\"lawash-row\">\n            <div class=\"lawash-col-6\">\n                <div class=\"d-flex flex-wrap align-items-center\">\n                    <h2 class=\"newsletter__title title-3\">Newsletter<\/h2>\n                    <h3 class=\"newsletter__paragraph\">\n                        Reciba todas las promociones y novedades\n                    <\/h3>\n                <\/div>\n            <\/div>\n            <div class=\"lawash-col-6\">\n                <form id=\"js-newsletter-form\" class=\"d-flex flex-wrap align-items-end\">\n                    <input class=\"newsletter__input input-1 js-newsletter-email\" type=\"email\" placeholder=\"\" \/>\n                    <button type=\"submit\" class=\"newsletter__submit button-3\">Inscr\u00edbite<\/button>\n                    <p class=\"newsletter__result newsletter__paragraph js-newsletter-result\"><\/p>\n                <\/form>\n            <\/div>\n        <\/div>\n    <\/div>\n<\/div>\n\t\t\t\t<\/div>\n\t\t\t\t<\/div>\n\t\t\t\t\t<\/div>\n\t\t<\/div>\n\t\t\t\t\t<\/div>\n\t\t<\/section>\n\t\t\t\t<\/div>\n\t\t\t\t<\/div>\n\t\t\t\t\t\t<\/div>\n\t\t\t\t<\/div>\n\t\t\t\t\t<\/div>\n\t\t<\/div>\n\t\t\t\t\t<\/div>\n\t\t<\/section>\n\t\t\t\t<\/div>\n\t\t","protected":false},"excerpt":{"rendered":"<p>Inicio &nbsp;&#8211;&nbsp; Contacto Contatta La Wash Utilizzi le nostre lavanderie e hai qualche dubbio ? Contatta La Wash Consultazioni, suggerimenti o segnalazioni: siamo qui per aiutarti. Se hai bisogno di aiuto con il funzionamento delle nostre lavanderie, informazioni su servizi, localit\u00e0 o vuoi inviarci un commento, compila questo modulo e ti risponderemo il prima possibile. &hellip; <a href=\"https:\/\/lawash.es\/it\/contacto-la-wash\/\">Continued<\/a><\/p>\n","protected":false},"author":3,"featured_media":0,"parent":0,"menu_order":0,"comment_status":"closed","ping_status":"closed","template":"template-elementor.blade.php","meta":{"_acf_changed":false,"inline_featured_image":false,"footnotes":""},"class_list":["post-20298","page","type-page","status-publish","hentry"],"acf":[],"yoast_head":"<!-- This site is optimized with the Yoast SEO plugin v24.4 - https:\/\/yoast.com\/wordpress\/plugins\/seo\/ -->\n<title>Contatta La Wash | Siamo qui per aiutarti<\/title>\n<meta name=\"description\" content=\"Se hai bisogno di aiuto con il funzionamento delle nostre lavanderie, informazioni su servizi, localit\u00e0 o vuoi inviarci un commento.\" \/>\n<meta name=\"robots\" content=\"index, follow, max-snippet:-1, max-image-preview:large, max-video-preview:-1\" \/>\n<link rel=\"canonical\" href=\"https:\/\/lawash.es\/it\/contacto-la-wash\/\" \/>\n<meta property=\"og:locale\" content=\"it_IT\" \/>\n<meta property=\"og:type\" content=\"article\" \/>\n<meta property=\"og:title\" content=\"Contatta La Wash | Siamo qui per aiutarti\" \/>\n<meta property=\"og:description\" content=\"Se hai bisogno di aiuto con il funzionamento delle nostre lavanderie, informazioni su servizi, localit\u00e0 o vuoi inviarci un commento.\" \/>\n<meta property=\"og:url\" content=\"https:\/\/lawash.es\/it\/contacto-la-wash\/\" \/>\n<meta property=\"og:site_name\" content=\"La Wash\" \/>\n<meta property=\"article:modified_time\" content=\"2026-04-22T18:41:29+00:00\" \/>\n<meta property=\"og:image\" content=\"https:\/\/lawash.es\/wp-content\/uploads\/2025\/04\/Captura-de-pantalla-2025-04-03-a-las-12.07.00.png\" \/>\n<meta name=\"twitter:card\" content=\"summary_large_image\" \/>\n<meta name=\"twitter:label1\" content=\"Tempo di lettura stimato\" \/>\n\t<meta name=\"twitter:data1\" content=\"2 minuti\" \/>\n<!-- \/ Yoast SEO plugin. -->","yoast_head_json":{"title":"Contatta La Wash | Siamo qui per aiutarti","description":"Se hai bisogno di aiuto con il funzionamento delle nostre lavanderie, informazioni su servizi, localit\u00e0 o vuoi inviarci un commento.","robots":{"index":"index","follow":"follow","max-snippet":"max-snippet:-1","max-image-preview":"max-image-preview:large","max-video-preview":"max-video-preview:-1"},"canonical":"https:\/\/lawash.es\/it\/contacto-la-wash\/","og_locale":"it_IT","og_type":"article","og_title":"Contatta La Wash | Siamo qui per aiutarti","og_description":"Se hai bisogno di aiuto con il funzionamento delle nostre lavanderie, informazioni su servizi, localit\u00e0 o vuoi inviarci un commento.","og_url":"https:\/\/lawash.es\/it\/contacto-la-wash\/","og_site_name":"La Wash","article_modified_time":"2026-04-22T18:41:29+00:00","og_image":[{"url":"https:\/\/lawash.es\/wp-content\/uploads\/2025\/04\/Captura-de-pantalla-2025-04-03-a-las-12.07.00.png","type":"","width":"","height":""}],"twitter_card":"summary_large_image","twitter_misc":{"Tempo di lettura stimato":"2 minuti"},"schema":{"@context":"https:\/\/schema.org","@graph":[{"@type":"WebPage","@id":"https:\/\/lawash.es\/it\/contacto-la-wash\/","url":"https:\/\/lawash.es\/it\/contacto-la-wash\/","name":"Contatta La Wash | Siamo qui per aiutarti","isPartOf":{"@id":"https:\/\/lawash.es\/it\/#website"},"primaryImageOfPage":{"@id":"https:\/\/lawash.es\/it\/contacto-la-wash\/#primaryimage"},"image":{"@id":"https:\/\/lawash.es\/it\/contacto-la-wash\/#primaryimage"},"thumbnailUrl":"https:\/\/lawash.es\/wp-content\/uploads\/2025\/04\/Captura-de-pantalla-2025-04-03-a-las-12.07.00.png","datePublished":"2024-11-12T08:35:17+00:00","dateModified":"2026-04-22T18:41:29+00:00","description":"Se hai bisogno di aiuto con il funzionamento delle nostre lavanderie, informazioni su servizi, localit\u00e0 o vuoi inviarci un commento.","breadcrumb":{"@id":"https:\/\/lawash.es\/it\/contacto-la-wash\/#breadcrumb"},"inLanguage":"it-IT","potentialAction":[{"@type":"ReadAction","target":["https:\/\/lawash.es\/it\/contacto-la-wash\/"]}]},{"@type":"ImageObject","inLanguage":"it-IT","@id":"https:\/\/lawash.es\/it\/contacto-la-wash\/#primaryimage","url":"https:\/\/lawash.es\/wp-content\/uploads\/2025\/04\/Captura-de-pantalla-2025-04-03-a-las-12.07.00.png","contentUrl":"https:\/\/lawash.es\/wp-content\/uploads\/2025\/04\/Captura-de-pantalla-2025-04-03-a-las-12.07.00.png"},{"@type":"BreadcrumbList","@id":"https:\/\/lawash.es\/it\/contacto-la-wash\/#breadcrumb","itemListElement":[{"@type":"ListItem","position":1,"name":"Portada","item":"https:\/\/lawash.es\/it\/home\/"},{"@type":"ListItem","position":2,"name":"Contacto La Wash"}]},{"@type":"WebSite","@id":"https:\/\/lawash.es\/it\/#website","url":"https:\/\/lawash.es\/it\/","name":"La Wash","description":"Franquicia de lavander\u00edas autoservicio","potentialAction":[{"@type":"SearchAction","target":{"@type":"EntryPoint","urlTemplate":"https:\/\/lawash.es\/it\/?s={search_term_string}"},"query-input":{"@type":"PropertyValueSpecification","valueRequired":true,"valueName":"search_term_string"}}],"inLanguage":"it-IT"}]}},"_links":{"self":[{"href":"https:\/\/lawash.es\/it\/wp-json\/wp\/v2\/pages\/20298","targetHints":{"allow":["GET"]}}],"collection":[{"href":"https:\/\/lawash.es\/it\/wp-json\/wp\/v2\/pages"}],"about":[{"href":"https:\/\/lawash.es\/it\/wp-json\/wp\/v2\/types\/page"}],"author":[{"embeddable":true,"href":"https:\/\/lawash.es\/it\/wp-json\/wp\/v2\/users\/3"}],"replies":[{"embeddable":true,"href":"https:\/\/lawash.es\/it\/wp-json\/wp\/v2\/comments?post=20298"}],"version-history":[{"count":0,"href":"https:\/\/lawash.es\/it\/wp-json\/wp\/v2\/pages\/20298\/revisions"}],"wp:attachment":[{"href":"https:\/\/lawash.es\/it\/wp-json\/wp\/v2\/media?parent=20298"}],"curies":[{"name":"wp","href":"https:\/\/api.w.org\/{rel}","templated":true}]}}