{"id":20316,"date":"2024-08-15T13:36:01","date_gmt":"2024-08-15T11:36:01","guid":{"rendered":"https:\/\/lawash.es\/solicita-tu-factura\/"},"modified":"2026-04-22T20:56:32","modified_gmt":"2026-04-22T18:56:32","slug":"solicita-tu-factura","status":"publish","type":"page","link":"https:\/\/lawash.es\/it\/solicita-tu-factura\/","title":{"rendered":"Solicita tu factura"},"content":{"rendered":"\t\t<div data-elementor-type=\"wp-page\" data-elementor-id=\"20316\" class=\"elementor elementor-20316 elementor-67\" data-elementor-post-type=\"page\">\n\t\t\t\t\t\t<section class=\"elementor-section elementor-top-section elementor-element elementor-element-013f585 elementor-section-boxed elementor-section-height-default elementor-section-height-default\" data-id=\"013f585\" data-element_type=\"section\">\n\t\t\t\t\t\t<div class=\"elementor-container elementor-column-gap-default\">\n\t\t\t\t\t<div class=\"elementor-column elementor-col-100 elementor-top-column elementor-element elementor-element-f64efa3\" data-id=\"f64efa3\" data-element_type=\"column\">\n\t\t\t<div class=\"elementor-widget-wrap elementor-element-populated\">\n\t\t\t\t\t\t<div class=\"elementor-element elementor-element-0a1c5a3 elementor-widget elementor-widget-header_widget\" data-id=\"0a1c5a3\" data-element_type=\"widget\" data-widget_type=\"header_widget.default\">\n\t\t\t\t<div class=\"elementor-widget-container\">\n\t\t\t\t\t<section class=\"hero-section js-hero-section home hero-section--small noSize \">\n    <img decoding=\"async\" alt=\"\" class=\"background-image\" src=\"https:\/\/lawash.es\/wp-content\/uploads\/2024\/10\/solicita-tu-factura.96a4ca.jpg\" \/>\n    <div class=\"background-gradient\"><\/div>\n        <div class=\"lawash-container hero-container\">\n        <div class=\"hero-info \">\n\n                            <div class=\"hero-info__breadcrumbs breadcrumbs\">\n    <a href=\"https:\/\/lawash.es\/it\/\" title=\"Inicio\" class=\"hero-info__breadcrumb-link breadcrumb-link\">Inicio<\/a>\n    <span class=\"hero-info__breadcrumb-divider breadcrumb-divider\">&nbsp;-&nbsp;<\/span>\n                        \n                <a title=\"Solicita tu factura\" href=\"https:\/\/lawash.es\/solicita-tu-factura\/\" class=\"hero-info__breadcrumb-link breadcrumb-link\">Solicita tu factura<\/a>\n            <\/div>\n            \n                            <h1 class=\"hero-info__title title-1\">\n                    <span class=\"custom-text-highlight custom-text-highlight-3\"> Richiedi <br> la<\/span>\n            <span class=\"custom-highlight custom-highlight-3\">\n              <img decoding=\"async\" alt=\"\" class=\"custom-highlight__img\" src=\"https:\/\/lawash.es\/wp-content\/themes\/sage\/public\/img\/custom-highlight-3.e911b8.svg\" \/>\n              <span class=\"custom-highlight__text\">tua fattura<\/span>\n            <\/span>\n            <span class=\"custom-text-highlight custom-text-highlight-3\"><\/span>\n        \n                <\/h1>\n            \n\n            \n\n            \n                    <\/div>\n    <\/div>\n<\/section>\n\t\t\t\t<\/div>\n\t\t\t\t<\/div>\n\t\t\t\t<div class=\"elementor-element elementor-element-a739465 elementor-widget elementor-widget-form_widget\" data-id=\"a739465\" data-element_type=\"widget\" data-widget_type=\"form_widget.default\">\n\t\t\t\t<div class=\"elementor-widget-container\">\n\t\t\t\t\t<section class=\"section-2-cols support-section contact-section\">\n    <div class=\"lawash-container\">\n        <div class=\"lawash-row\">\n            <div class=\"lawash-col-auto\">\n                <div class=\"section-2-cols__info align-content-between\">\n                    <div>\n                        <h2 class=\"section-2-cols__title title-2\">\n                            \n            <span class=\"custom-highlight custom-highlight-4\">\n              <img decoding=\"async\" alt=\"\" class=\"custom-highlight__img\" src=\"https:\/\/lawash.es\/wp-content\/themes\/sage\/public\/img\/custom-highlight-3.e911b8.svg\" \/>\n              <span class=\"custom-highlight__text\">Compila<\/span>\n            <\/span>\n            <span class=\"custom-text-highlight custom-text-highlight-4\">il modulo<\/span>\n        \n\n                        <\/h2>\n                        <div class=\"w-100\"><\/div>\n\n                        <p class=\"section-2-cols__paragraph\">\n                            Seleziona la lavanderia self-service La Wash, compila i campi e ti invieremo la fattura.\n                        <\/p>\n\n                                            <\/div>\n                <\/div>\n            <\/div>\n            <div class=\"lawash-col\">\n                                                            <form id=\"js-lead-form\" class=\"w-100\">\n    <div class=\"lawash-row\">\n        <div class=\"lawash-col-12\">\n            <label class=\"input-group__title title-4\">SELECCIONA TU LAVANDER\u00cdA AUTOSERVICIO *<\/label>\n        <\/div>\n        <div class=\"lawash-col-12\">\n            <select id=\"lead_lavanderia_autoservicio\"\n                class=\"js-select2\"\n                name=\"lead_lavanderia_autoservicio\">\n                <option><\/option>\n                            <\/select>\n        <\/div>\n        <div class=\"lawash-col-12\">\n            <label class=\"input-group__title title-4\">DATOS DEL CLIENTE<\/label>\n        <\/div>\n        <div class=\"lawash-col-6\">\n            <input class=\"input-2\" type=\"text\" name=\"lead_nombre_fiscal\" placeholder=\"NOMBRE FISCAL *\" required \/>\n        <\/div>\n        <div class=\"lawash-col-6\">\n            <input class=\"input-2\" type=\"text\" name=\"lead_direccion_fiscal\" placeholder=\"DIRECCI\u00d3N FISCAL *\" required \/>\n        <\/div>\n        <div class=\"lawash-col-6\">\n            <input class=\"input-2\" type=\"text\" name=\"lead_cifdni\" placeholder=\"CIF\/DNI *\" required \/>\n        <\/div>\n        <div class=\"lawash-col-6\">\n            <input class=\"input-2\" type=\"mail\" name=\"lead_email\" placeholder=\"EMAIL *\" required \/>\n        <\/div>\n\n        <div class=\"lawash-col-12\">\n            <label class=\"input-group__title title-4\">DATOS DEL SERVICIO<\/label>\n        <\/div>\n        <div class=\"lawash-col-6\">\n            <input class=\"input-2\" type=\"text\" name=\"lead_numero_de_servicios_realizados\" placeholder=\"N\u00daMERO DE SERVICIOS REALIZADOS *\" required \/>\n        <\/div>\n        <div class=\"lawash-col-6\">\n            <input class=\"input-2\" type=\"text\" name=\"lead_dia_del_servicio\" placeholder=\"D\u00cdA DEL SERVICIO *\" required \/>\n        <\/div>\n        <div class=\"lawash-col-6\">\n            <input class=\"input-2\" type=\"text\" name=\"lead_hora_del_servicio\" placeholder=\"HORA DEL SERVICIO *\" required \/>\n        <\/div>\n        <div class=\"lawash-col-6\">\n            <input class=\"input-2\" type=\"text\" name=\"lead_importe_total_factura\" placeholder=\"IMPORTE TOTAL FACTURA CON IVA *\" required \/>\n        <\/div>\n        <div class=\"lawash-col-12\">\n            <label class=\"textarea-1-label\">Comentario<\/label>\n            <textarea class=\"textarea-1\" name=\"lead_comentario\"><\/textarea>\n        <\/div>\n        <div class=\"lawash-col-12\">\n            <div class=\"form-send\">\n                <div class=\"form-send__checks\">\n                    <label class=\"container__check\">\n                        <span class=\"check__label\">\n                            Acepto la <a title=\"Pol\u00edtica de Privacidad\" rel=\"nofollow\" href=\"\/politica-de-privacidad\" target=\"_blank\">Pol\u00edtica de Privacidad<\/a> y la <a title=\"Pol\u00edtica de Cookies\" rel=\"nofollow\" href=\"\/politica-de-cookies\" target=\"_blank\">Pol\u00edtica de Cookies<\/a> de este sitio web\n                        <\/span>\n                        <input type=\"checkbox\" id=\"privacyPolicyCheckbox\"  name=\"privacyPolicyCheckbox\">\n                        <span class=\"checkmark\"><\/span>\n                    <\/label>\n                    <label class=\"container__check\">\n                        <span class=\"check__label\">\n                            Consiento el uso de mis datos personales para recibir publicidad de su entidad.\n                        <\/span>\n                        <input type=\"checkbox\" id=\"dataConsentCheckbox\" name=\"dataConsentCheckbox\">\n                        <span class=\"checkmark\"><\/span>\n                    <\/label>\n                <\/div>\n                <button class=\"button-1\" type=\"submit\">Enviar<\/button>\n            <\/div>\n            <p class=\"directory__empty mt-6 js-lead-result\"><\/p>\n        <\/div>\n    <\/div>\n\n<\/form>\n                                                      <\/div>\n\n        <\/div>\n    <\/div>\n<\/section>\n\t\t\t\t<\/div>\n\t\t\t\t<\/div>\n\t\t\t\t<div class=\"elementor-element elementor-element-ab1c200 elementor-widget elementor-widget-template\" data-id=\"ab1c200\" data-element_type=\"widget\" data-widget_type=\"template.default\">\n\t\t\t\t<div class=\"elementor-widget-container\">\n\t\t\t\t\t\t\t<div class=\"elementor-template\">\n\t\t\t\t\t<div data-elementor-type=\"section\" data-elementor-id=\"6863\" class=\"elementor elementor-6863\" data-elementor-post-type=\"elementor_library\">\n\t\t\t\t\t<section class=\"elementor-section elementor-top-section elementor-element elementor-element-8f101d3 elementor-section-boxed elementor-section-height-default elementor-section-height-default\" data-id=\"8f101d3\" data-element_type=\"section\">\n\t\t\t\t\t\t<div class=\"elementor-container elementor-column-gap-default\">\n\t\t\t\t\t<div class=\"elementor-column elementor-col-100 elementor-top-column elementor-element elementor-element-79da86b\" data-id=\"79da86b\" data-element_type=\"column\">\n\t\t\t<div class=\"elementor-widget-wrap elementor-element-populated\">\n\t\t\t\t\t\t<div class=\"elementor-element elementor-element-fadffb8 elementor-widget elementor-widget-global elementor-global-6872 elementor-widget-banner_apps_widget\" data-id=\"fadffb8\" data-element_type=\"widget\" data-widget_type=\"banner_apps_widget.default\">\n\t\t\t\t<div class=\"elementor-widget-container\">\n\t\t\t\t\t<section class=\"apps-section\">\n  <div class=\"lawash-container\">\n    <div class=\"lawash-row\">\n      <div class=\"lawash-col first-col\">\n        <div class=\"apps-section__container\">\n          <div class=\"d-flex flex-wrap align-items-center\">\n            <h2 class=\"apps-section__title title-3\">Desc\u00e1rgate la APP<\/h2>\n            <h3 class=\"apps-section__paragraph\">Aprovecha los descuentos y ventajas de entrar en el Club La Wash<\/h3>\n          <\/div>\n        <\/div>\n      <\/div>\n      <div class=\"lawash-col-auto second-col\">\n                <div class=\"apps-section__apps\">\n                                      \n              <a title=\"App Store\" class=\"apps-section__app-logo\" href=\"https:\/\/apps.apple.com\/es\/app\/lawash\/id1160184056\" target=\"_blank\">\n  <img decoding=\"async\" alt=\"App Store\" class=\"apps-section__app-img\" src=\"https:\/\/lawash.es\/wp-content\/uploads\/2024\/10\/app-store.5c0ed0.svg\" \/>\n<\/a>\n                                      \n              <a title=\"Google Play\" class=\"apps-section__app-logo\" href=\"https:\/\/play.google.com\/store\/apps\/details?id=lawash.com.lawash&amp;hl=en\" target=\"_blank\">\n  <img decoding=\"async\" alt=\"Google Play\" class=\"apps-section__app-img\" src=\"https:\/\/lawash.es\/wp-content\/uploads\/2024\/10\/google-play.c58f6e.svg\" \/>\n<\/a>\n                  <\/div>\n              <\/div>\n    <\/div>\n  <\/div>\n<\/section>\n\t\t\t\t<\/div>\n\t\t\t\t<\/div>\n\t\t\t\t<div class=\"elementor-element elementor-element-9e436c0 elementor-widget elementor-widget-global elementor-global-6875 elementor-widget-newsletter_widget\" data-id=\"9e436c0\" data-element_type=\"widget\" data-widget_type=\"newsletter_widget.default\">\n\t\t\t\t<div class=\"elementor-widget-container\">\n\t\t\t\t\t<div class=\"newsletter\">\n    <div class=\"lawash-container\">\n        <div class=\"lawash-row\">\n            <div class=\"lawash-col-6\">\n                <div class=\"d-flex flex-wrap align-items-center\">\n                    <h2 class=\"newsletter__title title-3\">Newsletter<\/h2>\n                    <h3 class=\"newsletter__paragraph\">\n                        Reciba todas las promociones y novedades\n                    <\/h3>\n                <\/div>\n            <\/div>\n            <div class=\"lawash-col-6\">\n                <form id=\"js-newsletter-form\" class=\"d-flex flex-wrap align-items-end\">\n                    <input class=\"newsletter__input input-1 js-newsletter-email\" type=\"email\" placeholder=\"\" \/>\n                    <button type=\"submit\" class=\"newsletter__submit button-3\">Inscr\u00edbite<\/button>\n                    <p class=\"newsletter__result newsletter__paragraph js-newsletter-result\"><\/p>\n                <\/form>\n            <\/div>\n        <\/div>\n    <\/div>\n<\/div>\n\t\t\t\t<\/div>\n\t\t\t\t<\/div>\n\t\t\t\t\t<\/div>\n\t\t<\/div>\n\t\t\t\t\t<\/div>\n\t\t<\/section>\n\t\t\t\t<\/div>\n\t\t\t\t<\/div>\n\t\t\t\t\t\t<\/div>\n\t\t\t\t<\/div>\n\t\t\t\t\t<\/div>\n\t\t<\/div>\n\t\t\t\t\t<\/div>\n\t\t<\/section>\n\t\t\t\t<\/div>\n\t\t","protected":false},"excerpt":{"rendered":"<p>Inicio &#8211; Solicita tu factura Richiedi la tua fattura Compila il modulo Seleziona la lavanderia self-service La Wash, compila i campi e ti invieremo la fattura. SELECCIONA TU LAVANDER\u00cdA AUTOSERVICIO * DATOS DEL CLIENTE DATOS DEL SERVICIO Comentario Acepto la Pol\u00edtica de Privacidad y la Pol\u00edtica de Cookies de este sitio web Consiento el uso &hellip; <a href=\"https:\/\/lawash.es\/it\/solicita-tu-factura\/\">Continued<\/a><\/p>\n","protected":false},"author":1,"featured_media":0,"parent":0,"menu_order":0,"comment_status":"closed","ping_status":"closed","template":"template-elementor.blade.php","meta":{"_acf_changed":false,"inline_featured_image":false,"footnotes":""},"class_list":["post-20316","page","type-page","status-publish","hentry"],"acf":[],"yoast_head":"<!-- This site is optimized with the Yoast SEO plugin v24.4 - https:\/\/yoast.com\/wordpress\/plugins\/seo\/ -->\n<title>Richiedi la tua fattura La Wash<\/title>\n<meta name=\"description\" content=\"Contatta se hai bisogno di aiuto con il funzionamento delle nostre lavanderie, informazioni su servizi, localit\u00e0 o vuoi inviarci un commento\" \/>\n<meta name=\"robots\" content=\"index, follow, max-snippet:-1, max-image-preview:large, max-video-preview:-1\" \/>\n<link rel=\"canonical\" href=\"https:\/\/lawash.es\/it\/solicita-tu-factura\/\" \/>\n<meta property=\"og:locale\" content=\"it_IT\" \/>\n<meta property=\"og:type\" content=\"article\" \/>\n<meta property=\"og:title\" content=\"Richiedi la tua fattura La Wash\" \/>\n<meta property=\"og:description\" content=\"Contatta se hai bisogno di aiuto con il funzionamento delle nostre lavanderie, informazioni su servizi, localit\u00e0 o vuoi inviarci un commento\" \/>\n<meta property=\"og:url\" content=\"https:\/\/lawash.es\/it\/solicita-tu-factura\/\" \/>\n<meta property=\"og:site_name\" content=\"La Wash\" \/>\n<meta property=\"article:modified_time\" content=\"2026-04-22T18:56:32+00:00\" \/>\n<meta property=\"og:image\" content=\"https:\/\/lawash.es\/wp-content\/uploads\/2024\/10\/solicita-tu-factura.96a4ca.jpg\" \/>\n<meta name=\"twitter:card\" content=\"summary_large_image\" \/>\n<meta name=\"twitter:label1\" content=\"Tempo di lettura stimato\" \/>\n\t<meta name=\"twitter:data1\" content=\"1 minuto\" \/>\n<!-- \/ Yoast SEO plugin. -->","yoast_head_json":{"title":"Richiedi la tua fattura La Wash","description":"Contatta se hai bisogno di aiuto con il funzionamento delle nostre lavanderie, informazioni su servizi, localit\u00e0 o vuoi inviarci un commento","robots":{"index":"index","follow":"follow","max-snippet":"max-snippet:-1","max-image-preview":"max-image-preview:large","max-video-preview":"max-video-preview:-1"},"canonical":"https:\/\/lawash.es\/it\/solicita-tu-factura\/","og_locale":"it_IT","og_type":"article","og_title":"Richiedi la tua fattura La Wash","og_description":"Contatta se hai bisogno di aiuto con il funzionamento delle nostre lavanderie, informazioni su servizi, localit\u00e0 o vuoi inviarci un commento","og_url":"https:\/\/lawash.es\/it\/solicita-tu-factura\/","og_site_name":"La Wash","article_modified_time":"2026-04-22T18:56:32+00:00","og_image":[{"url":"https:\/\/lawash.es\/wp-content\/uploads\/2024\/10\/solicita-tu-factura.96a4ca.jpg","type":"","width":"","height":""}],"twitter_card":"summary_large_image","twitter_misc":{"Tempo di lettura stimato":"1 minuto"},"schema":{"@context":"https:\/\/schema.org","@graph":[{"@type":"WebPage","@id":"https:\/\/lawash.es\/it\/solicita-tu-factura\/","url":"https:\/\/lawash.es\/it\/solicita-tu-factura\/","name":"Richiedi la tua fattura La Wash","isPartOf":{"@id":"https:\/\/lawash.es\/it\/#website"},"primaryImageOfPage":{"@id":"https:\/\/lawash.es\/it\/solicita-tu-factura\/#primaryimage"},"image":{"@id":"https:\/\/lawash.es\/it\/solicita-tu-factura\/#primaryimage"},"thumbnailUrl":"https:\/\/lawash.es\/wp-content\/uploads\/2024\/10\/solicita-tu-factura.96a4ca.jpg","datePublished":"2024-08-15T11:36:01+00:00","dateModified":"2026-04-22T18:56:32+00:00","description":"Contatta se hai bisogno di aiuto con il funzionamento delle nostre lavanderie, informazioni su servizi, localit\u00e0 o vuoi inviarci un commento","breadcrumb":{"@id":"https:\/\/lawash.es\/it\/solicita-tu-factura\/#breadcrumb"},"inLanguage":"it-IT","potentialAction":[{"@type":"ReadAction","target":["https:\/\/lawash.es\/it\/solicita-tu-factura\/"]}]},{"@type":"ImageObject","inLanguage":"it-IT","@id":"https:\/\/lawash.es\/it\/solicita-tu-factura\/#primaryimage","url":"https:\/\/lawash.es\/wp-content\/uploads\/2024\/10\/solicita-tu-factura.96a4ca.jpg","contentUrl":"https:\/\/lawash.es\/wp-content\/uploads\/2024\/10\/solicita-tu-factura.96a4ca.jpg"},{"@type":"BreadcrumbList","@id":"https:\/\/lawash.es\/it\/solicita-tu-factura\/#breadcrumb","itemListElement":[{"@type":"ListItem","position":1,"name":"Portada","item":"https:\/\/lawash.es\/it\/home\/"},{"@type":"ListItem","position":2,"name":"Solicita tu factura"}]},{"@type":"WebSite","@id":"https:\/\/lawash.es\/it\/#website","url":"https:\/\/lawash.es\/it\/","name":"La Wash","description":"Franquicia de lavander\u00edas autoservicio","potentialAction":[{"@type":"SearchAction","target":{"@type":"EntryPoint","urlTemplate":"https:\/\/lawash.es\/it\/?s={search_term_string}"},"query-input":{"@type":"PropertyValueSpecification","valueRequired":true,"valueName":"search_term_string"}}],"inLanguage":"it-IT"}]}},"_links":{"self":[{"href":"https:\/\/lawash.es\/it\/wp-json\/wp\/v2\/pages\/20316","targetHints":{"allow":["GET"]}}],"collection":[{"href":"https:\/\/lawash.es\/it\/wp-json\/wp\/v2\/pages"}],"about":[{"href":"https:\/\/lawash.es\/it\/wp-json\/wp\/v2\/types\/page"}],"author":[{"embeddable":true,"href":"https:\/\/lawash.es\/it\/wp-json\/wp\/v2\/users\/1"}],"replies":[{"embeddable":true,"href":"https:\/\/lawash.es\/it\/wp-json\/wp\/v2\/comments?post=20316"}],"version-history":[{"count":0,"href":"https:\/\/lawash.es\/it\/wp-json\/wp\/v2\/pages\/20316\/revisions"}],"wp:attachment":[{"href":"https:\/\/lawash.es\/it\/wp-json\/wp\/v2\/media?parent=20316"}],"curies":[{"name":"wp","href":"https:\/\/api.w.org\/{rel}","templated":true}]}}