{"id":20609,"date":"2024-08-15T13:07:58","date_gmt":"2024-08-15T11:07:58","guid":{"rendered":"https:\/\/lawash.es\/app-la-wash\/"},"modified":"2026-04-28T22:15:27","modified_gmt":"2026-04-28T20:15:27","slug":"app-la-wash","status":"publish","type":"page","link":"https:\/\/lawash.es\/it\/app-la-wash\/","title":{"rendered":"App La Wash"},"content":{"rendered":"\t\t<div data-elementor-type=\"wp-page\" data-elementor-id=\"20609\" class=\"elementor elementor-20609 elementor-11\" data-elementor-post-type=\"page\">\n\t\t\t\t\t\t<section class=\"elementor-section elementor-top-section elementor-element elementor-element-f7eb62c elementor-section-boxed elementor-section-height-default elementor-section-height-default\" data-id=\"f7eb62c\" data-element_type=\"section\">\n\t\t\t\t\t\t<div class=\"elementor-container elementor-column-gap-default\">\n\t\t\t\t\t<div class=\"elementor-column elementor-col-100 elementor-top-column elementor-element elementor-element-635baed\" data-id=\"635baed\" data-element_type=\"column\">\n\t\t\t<div class=\"elementor-widget-wrap elementor-element-populated\">\n\t\t\t\t\t\t<div class=\"elementor-element elementor-element-c0e4044 elementor-widget elementor-widget-header_widget\" data-id=\"c0e4044\" data-element_type=\"widget\" data-widget_type=\"header_widget.default\">\n\t\t\t\t<div class=\"elementor-widget-container\">\n\t\t\t\t\t<section class=\"hero-section js-hero-section home  \">\n    <img decoding=\"async\" alt=\"\" class=\"background-image\" src=\"https:\/\/lawash.es\/wp-content\/uploads\/2024\/10\/app-la-wash.jpg\" \/>\n    <div class=\"background-gradient\"><\/div>\n        <div class=\"lawash-container hero-container\">\n        <div class=\"hero-info \">\n\n            \n                            <h1 class=\"hero-info__pretitle title-4\">APP LA WASH<\/h1>\n                <h2 class=\"hero-info__title title-1\">\n                    <span class=\"custom-text-highlight custom-text-highlight-1\"> LA TUA LAVANDERIA, ANCHE SUL<\/span>\n            <span class=\"custom-highlight custom-highlight-1\">\n              <img decoding=\"async\" alt=\"\" class=\"custom-highlight__img\" src=\"https:\/\/lawash.es\/wp-content\/themes\/sage\/public\/img\/custom-highlight-1.233d55.svg\" \/>\n              <span class=\"custom-highlight__text\">TUO CELLULARE<\/span>\n            <\/span>\n            <span class=\"custom-text-highlight custom-text-highlight-1\"><\/span>\n        \n                <\/h2>\n            \n\n                        <p class=\"hero-info__paragraph\">\n                Con las lavander\u00edas self-service tienes la libertad de lavar y secar tus prendas a tu propio ritmo, utilizando equipos de \u00faltima tecnolog\u00eda que garantizan resultados superiores en menos tiempo.\n            <\/p>\n            \n\n                            <div class=\"hero-info__apps apps-section__apps\">\n                                                                    <a title=\"Descarga la app la wash para iOS\" class=\"apps-section__app-logo\" href=\"https:\/\/apps.apple.com\/es\/app\/lawash\/id1160184056\" target=\"_blank\">\n                            <img decoding=\"async\" alt=\"Descarga la app la wash para iOS\" class=\"apps-section__app-img\" src=\"https:\/\/lawash.es\/wp-content\/uploads\/2024\/10\/app-store.5c0ed0.svg\" \/>\n                        <\/a>\n                                                                    <a title=\"Descarga la app la wash para Android\" class=\"apps-section__app-logo\" href=\"https:\/\/play.google.com\/store\/apps\/details?id=lawash.com.lawash&amp;hl=en\" target=\"_blank\">\n                            <img decoding=\"async\" alt=\"Descarga la app la wash para Android\" class=\"apps-section__app-img\" src=\"https:\/\/lawash.es\/wp-content\/uploads\/2024\/10\/google-play.svg\" \/>\n                        <\/a>\n                                    <\/div>\n            \n                    <\/div>\n    <\/div>\n<\/section>\n\t\t\t\t<\/div>\n\t\t\t\t<\/div>\n\t\t\t\t\t<\/div>\n\t\t<\/div>\n\t\t\t\t\t<\/div>\n\t\t<\/section>\n\t\t\t\t<section class=\"elementor-section elementor-top-section elementor-element elementor-element-d9e41b2 elementor-section-boxed elementor-section-height-default elementor-section-height-default\" data-id=\"d9e41b2\" data-element_type=\"section\">\n\t\t\t\t\t\t<div class=\"elementor-container elementor-column-gap-default\">\n\t\t\t\t\t<div class=\"elementor-column elementor-col-100 elementor-top-column elementor-element elementor-element-4021ad2\" data-id=\"4021ad2\" data-element_type=\"column\">\n\t\t\t<div class=\"elementor-widget-wrap elementor-element-populated\">\n\t\t\t\t\t\t<div class=\"elementor-element elementor-element-30314f9 elementor-widget elementor-widget-banner_only_text_widget\" data-id=\"30314f9\" data-element_type=\"widget\" data-widget_type=\"banner_only_text_widget.default\">\n\t\t\t\t<div class=\"elementor-widget-container\">\n\t\t\t\t\t<section\n  class=\"section-centered-cols investors-section background-lightgrey election-section--background-white\"\n\n  >\n  <div class=\"lawash-container\">\n    <div class=\"lawash-row\">\n      <div class=\"lawash-col-12\">\n        \n        <h2 class=\"section-auto-cols__title title-1 max-w-600\">\n                      \n            <span class=\"custom-highlight custom-highlight-4\">\n              <img decoding=\"async\" alt=\"\" class=\"custom-highlight__img\" src=\"https:\/\/lawash.es\/wp-content\/themes\/sage\/public\/img\/custom-highlight-1.233d55.svg\" \/>\n              <span class=\"custom-highlight__text\">L'APPLICAZIONE<\/span>\n            <\/span>\n            <span class=\"custom-text-highlight custom-text-highlight-4\">DI LA WASH: FACILE, COMODA E VELOCE<\/span>\n        \n                  <\/h2>\n      <\/div>\n      <div class=\"lawash-col-auto\">\n        <p class=\"section-auto-cols__paragraph\">\n          La Wash \u00e8 un'app semplice e intuitiva che ti permette di fare il bucato in modo rapido e comodo. Dimentica le code e il dover portare contanti. Con LaWash, hai tutto sotto controllo dal tuo smartphone.\n        <\/p>\n\n              <\/div>\n\n\n    <\/div>\n  <\/div>\n<\/section>\n\t\t\t\t<\/div>\n\t\t\t\t<\/div>\n\t\t\t\t\t<\/div>\n\t\t<\/div>\n\t\t\t\t\t<\/div>\n\t\t<\/section>\n\t\t\t\t<section class=\"elementor-section elementor-top-section elementor-element elementor-element-2c15396 elementor-section-boxed elementor-section-height-default elementor-section-height-default\" data-id=\"2c15396\" data-element_type=\"section\">\n\t\t\t\t\t\t<div class=\"elementor-container elementor-column-gap-default\">\n\t\t\t\t\t<div class=\"elementor-column elementor-col-100 elementor-top-column elementor-element elementor-element-8f25e56\" data-id=\"8f25e56\" data-element_type=\"column\">\n\t\t\t<div class=\"elementor-widget-wrap elementor-element-populated\">\n\t\t\t\t\t\t<div class=\"elementor-element elementor-element-6f7ba3d elementor-widget elementor-widget-explanation_app_widget\" data-id=\"6f7ba3d\" data-element_type=\"widget\" data-widget_type=\"explanation_app_widget.default\">\n\t\t\t\t<div class=\"elementor-widget-container\">\n\t\t\t\t\t<section class=\"explanation-app-section\">\n    <img decoding=\"async\" alt=\"\" class=\"explanation-app__background\" src=\"https:\/\/lawash.es\/wp-content\/uploads\/2024\/10\/explanation-app-background-scaled-1.jpg\" \/>\n\n    <div class=\"lawash-container\">\n        <div class=\"lawash-row\">\n            <div class=\"lawash-col-12\">\n                <h2 class=\"section-auto-cols__subtitle title-5\" style=\"max-width:754px;\">\n                    LAWASH \u00c8 L&#039;APP CHE RIVOLUZIONA IL MODO DI ANDARE A LAVARE I TUOI VESTITI. CON ESSA PUOI:\n                <\/h2>\n            <\/div>\n        <\/div>\n        <div class=\"lawash-row lawash-row-schema\">\n          <div class=\"lawash-col-schema-left\">\n                          <div class=\"explanation-app__schema-text schema-text-1\">\n                <h3 class=\"explanation-app__schema-span ml-4\">LOCALIZZARE LA TUA LAVANDERIA LAWASH PI\u00d9 VICINA<\/h3>\n                <img decoding=\"async\" alt=\"\" class=\"explanation-app__schema-arrow\" src=\"https:\/\/lawash.es\/wp-content\/themes\/sage\/public\/img\/schema-arrow-1.2eb267.svg\" \/>\n              <\/div>\n                                      <div class=\"explanation-app__schema-text schema-text-1\">\n                <h3 class=\"explanation-app__schema-span\">CONSULTARE LA DISPONIBILIT\u00c0 DI LAVATRICI E ASCIUGATRICI IN TEMPO REALE<\/h3>\n                <img decoding=\"async\" alt=\"\" class=\"explanation-app__schema-arrow mr-4\" src=\"https:\/\/lawash.es\/wp-content\/themes\/sage\/public\/img\/schema-arrow-2.fdbdfd.svg\" \/>\n              <\/div>\n                                      <div class=\"explanation-app__schema-text schema-text-1\">\n                <h3 class=\"explanation-app__schema-span ml-4\">PRENOTARE LA TUA LAVATRICE E ASCIUGATRICE IN ANTICIPO<\/h3>\n                <img decoding=\"async\" alt=\"\" class=\"explanation-app__schema-arrow\" src=\"https:\/\/lawash.es\/wp-content\/themes\/sage\/public\/img\/schema-arrow-3.e2f7b6.svg\" \/>\n              <\/div>\n                      <\/div>\n          <div class=\"lawash-col-schema-center\">\n              <img decoding=\"async\" alt=\"\" class=\"explanation-app__principal-img\" src=\"https:\/\/lawash.es\/wp-content\/uploads\/2024\/10\/explanation-app.png\" \/>\n          <\/div>\n          <div class=\"lawash-col-schema-right\">\n                          <div class=\"explanation-app__schema-text schema-text-4\">\n                <img decoding=\"async\" alt=\"\" class=\"explanation-app__schema-arrow\" src=\"https:\/\/lawash.es\/wp-content\/themes\/sage\/public\/img\/schema-arrow-4.e3c626.svg\" \/>\n                <h3 class=\"explanation-app__schema-span mr-4\">PAGARE DALL&#039;APP<\/h3>\n              <\/div>\n                                      <div class=\"explanation-app__schema-text schema-text-5\">\n                <img decoding=\"async\" alt=\"\" class=\"explanation-app__schema-arrow ml-4\" src=\"https:\/\/lawash.es\/wp-content\/themes\/sage\/public\/img\/schema-arrow-5.4c24cc.svg\" \/>\n                <h3 class=\"explanation-app__schema-span\">RICEVERE NOTIFICHE SULLO STATO DEI TUOI LAVAGGI<\/h3>\n              <\/div>\n                                      <div class=\"explanation-app__schema-text schema-text-6\">\n                <img decoding=\"async\" alt=\"\" class=\"explanation-app__schema-arrow\" src=\"https:\/\/lawash.es\/wp-content\/themes\/sage\/public\/img\/schema-arrow-6.ef9ba2.svg\" \/>\n                <h3 class=\"explanation-app__schema-span mr-4\">Acceder a promociones exclusivas<\/h3>\n              <\/div>\n                      <\/div>\n          <div class=\"lawash-col-schema-mobile\">\n                          <div class=\"explanation-app__schema-text schema-text-4\">\n                <img decoding=\"async\" alt=\"\" class=\"explanation-app__schema-arrow only-tablet\" src=\"https:\/\/lawash.es\/wp-content\/themes\/sage\/public\/img\/schema-arrow-4.e3c626.svg\" \/>\n                <img decoding=\"async\" alt=\"\" class=\"explanation-app__schema-arrow only-mobile\" src=\"https:\/\/lawash.es\/wp-content\/themes\/sage\/public\/img\/schema-arrow-2.fdbdfd.svg\" \/>\n                <h3 class=\"explanation-app__schema-span\">LOCALIZZARE LA TUA LAVANDERIA LAWASH PI\u00d9 VICINA<\/h3>\n              <\/div>\n                                      <div class=\"explanation-app__schema-text schema-text-5\">\n                <img decoding=\"async\" alt=\"\" class=\"explanation-app__schema-arrow only-tablet\" src=\"https:\/\/lawash.es\/wp-content\/themes\/sage\/public\/img\/schema-arrow-5.4c24cc.svg\" \/>\n                <img decoding=\"async\" alt=\"\" class=\"explanation-app__schema-arrow only-mobile\" src=\"https:\/\/lawash.es\/wp-content\/themes\/sage\/public\/img\/schema-arrow-2.fdbdfd.svg\" \/>\n                <h3 class=\"explanation-app__schema-span\">CONSULTARE LA DISPONIBILIT\u00c0 DI LAVATRICI E ASCIUGATRICI IN TEMPO REALE<\/h3>\n              <\/div>\n                                      <div class=\"explanation-app__schema-text schema-text-5\">\n                <img decoding=\"async\" alt=\"\" class=\"explanation-app__schema-arrow only-tablet\" src=\"https:\/\/lawash.es\/wp-content\/themes\/sage\/public\/img\/schema-arrow-5.4c24cc.svg\" \/>\n                <img decoding=\"async\" alt=\"\" class=\"explanation-app__schema-arrow only-mobile\" src=\"https:\/\/lawash.es\/wp-content\/themes\/sage\/public\/img\/schema-arrow-2.fdbdfd.svg\" \/>\n                <h3 class=\"explanation-app__schema-span\">PRENOTARE LA TUA LAVATRICE E ASCIUGATRICE IN ANTICIPO<\/h3>\n              <\/div>\n                                      <div class=\"explanation-app__schema-text schema-text-5\">\n                <img decoding=\"async\" alt=\"\" class=\"explanation-app__schema-arrow only-tablet\" src=\"https:\/\/lawash.es\/wp-content\/themes\/sage\/public\/img\/schema-arrow-5.4c24cc.svg\" \/>\n                <img decoding=\"async\" alt=\"\" class=\"explanation-app__schema-arrow only-mobile\" src=\"https:\/\/lawash.es\/wp-content\/themes\/sage\/public\/img\/schema-arrow-2.fdbdfd.svg\" \/>\n                <h3 class=\"explanation-app__schema-span\">PAGARE DALL&#039;APP<\/h3>\n              <\/div>\n                                      <div class=\"explanation-app__schema-text schema-text-5\">\n                <img decoding=\"async\" alt=\"\" class=\"explanation-app__schema-arrow only-tablet\" src=\"https:\/\/lawash.es\/wp-content\/themes\/sage\/public\/img\/schema-arrow-5.4c24cc.svg\" \/>\n                <img decoding=\"async\" alt=\"\" class=\"explanation-app__schema-arrow only-mobile\" src=\"https:\/\/lawash.es\/wp-content\/themes\/sage\/public\/img\/schema-arrow-2.fdbdfd.svg\" \/>\n                <h3 class=\"explanation-app__schema-span\">RICEVERE NOTIFICHE SULLO STATO DEI TUOI LAVAGGI<\/h3>\n              <\/div>\n                                      <div class=\"explanation-app__schema-text schema-text-6\">\n                <img decoding=\"async\" alt=\"\" class=\"explanation-app__schema-arrow only-tablet\" src=\"https:\/\/lawash.es\/wp-content\/themes\/sage\/public\/img\/schema-arrow-6.ef9ba2.svg\" \/>\n                <img decoding=\"async\" alt=\"\" class=\"explanation-app__schema-arrow only-mobile\" src=\"https:\/\/lawash.es\/wp-content\/themes\/sage\/public\/img\/schema-arrow-2.fdbdfd.svg\" \/>\n                <h3 class=\"explanation-app__schema-span\">Acceder a promociones exclusivas<\/h3>\n              <\/div>\n                      <\/div>\n          <div class=\"lawash-col-schema-center-mobile\">\n              <img decoding=\"async\" alt=\"\" class=\"explanation-app__principal-img\" src=\"https:\/\/lawash.es\/wp-content\/uploads\/2024\/10\/explanation-app.png\" \/>\n          <\/div>\n        <\/div>\n    <\/div>\n<\/section>\n\t\t\t\t<\/div>\n\t\t\t\t<\/div>\n\t\t\t\t\t<\/div>\n\t\t<\/div>\n\t\t\t\t\t<\/div>\n\t\t<\/section>\n\t\t\t\t<section class=\"elementor-section elementor-top-section elementor-element elementor-element-52a20e4 elementor-section-boxed elementor-section-height-default elementor-section-height-default\" data-id=\"52a20e4\" data-element_type=\"section\">\n\t\t\t\t\t\t<div class=\"elementor-container elementor-column-gap-default\">\n\t\t\t\t\t<div class=\"elementor-column elementor-col-100 elementor-top-column elementor-element elementor-element-02faa89\" data-id=\"02faa89\" data-element_type=\"column\">\n\t\t\t<div class=\"elementor-widget-wrap elementor-element-populated\">\n\t\t\t\t\t\t<div class=\"elementor-element elementor-element-0c0ceb9 elementor-widget elementor-widget-global elementor-global-6872 elementor-widget-banner_apps_widget\" data-id=\"0c0ceb9\" data-element_type=\"widget\" data-widget_type=\"banner_apps_widget.default\">\n\t\t\t\t<div class=\"elementor-widget-container\">\n\t\t\t\t\t<section class=\"apps-section\">\n  <div class=\"lawash-container\">\n    <div class=\"lawash-row\">\n      <div class=\"lawash-col first-col\">\n        <div class=\"apps-section__container\">\n          <div class=\"d-flex flex-wrap align-items-center\">\n            <h2 class=\"apps-section__title title-3\">Desc\u00e1rgate la APP<\/h2>\n            <h3 class=\"apps-section__paragraph\">Aprovecha los descuentos y ventajas de entrar en el Club La Wash<\/h3>\n          <\/div>\n        <\/div>\n      <\/div>\n      <div class=\"lawash-col-auto second-col\">\n                <div class=\"apps-section__apps\">\n                                      \n              <a title=\"App Store\" class=\"apps-section__app-logo\" href=\"https:\/\/apps.apple.com\/es\/app\/lawash\/id1160184056\" target=\"_blank\">\n  <img decoding=\"async\" alt=\"App Store\" class=\"apps-section__app-img\" src=\"https:\/\/lawash.es\/wp-content\/uploads\/2024\/10\/app-store.5c0ed0.svg\" \/>\n<\/a>\n                                      \n              <a title=\"Google Play\" class=\"apps-section__app-logo\" href=\"https:\/\/play.google.com\/store\/apps\/details?id=lawash.com.lawash&amp;hl=en\" target=\"_blank\">\n  <img decoding=\"async\" alt=\"Google Play\" class=\"apps-section__app-img\" src=\"https:\/\/lawash.es\/wp-content\/uploads\/2024\/10\/google-play.c58f6e.svg\" \/>\n<\/a>\n                  <\/div>\n              <\/div>\n    <\/div>\n  <\/div>\n<\/section>\n\t\t\t\t<\/div>\n\t\t\t\t<\/div>\n\t\t\t\t\t<\/div>\n\t\t<\/div>\n\t\t\t\t\t<\/div>\n\t\t<\/section>\n\t\t\t\t<section class=\"elementor-section elementor-top-section elementor-element elementor-element-683da27 elementor-section-boxed elementor-section-height-default elementor-section-height-default\" data-id=\"683da27\" data-element_type=\"section\">\n\t\t\t\t\t\t<div class=\"elementor-container elementor-column-gap-default\">\n\t\t\t\t\t<div class=\"elementor-column elementor-col-100 elementor-top-column elementor-element elementor-element-05e93f9\" data-id=\"05e93f9\" data-element_type=\"column\">\n\t\t\t<div class=\"elementor-widget-wrap elementor-element-populated\">\n\t\t\t\t\t\t<div class=\"elementor-element elementor-element-32c5f9b elementor-widget elementor-widget-newsletter_widget\" data-id=\"32c5f9b\" data-element_type=\"widget\" data-widget_type=\"newsletter_widget.default\">\n\t\t\t\t<div class=\"elementor-widget-container\">\n\t\t\t\t\t<div class=\"newsletter\">\n    <div class=\"lawash-container\">\n        <div class=\"lawash-row\">\n            <div class=\"lawash-col-6\">\n                <div class=\"d-flex flex-wrap align-items-center\">\n                    <h2 class=\"newsletter__title title-3\">Newsletter<\/h2>\n                    <h3 class=\"newsletter__paragraph\">\n                        Recibe todas las promociones y novedades e-mail\n                    <\/h3>\n                <\/div>\n            <\/div>\n            <div class=\"lawash-col-6\">\n                <form id=\"js-newsletter-form\" class=\"d-flex flex-wrap align-items-end\">\n                    <input class=\"newsletter__input input-1 js-newsletter-email\" type=\"email\" placeholder=\"\" \/>\n                    <button type=\"submit\" class=\"newsletter__submit button-3\">Inscr\u00edbete<\/button>\n                    <p class=\"newsletter__result newsletter__paragraph js-newsletter-result\"><\/p>\n                <\/form>\n            <\/div>\n        <\/div>\n    <\/div>\n<\/div>\n\t\t\t\t<\/div>\n\t\t\t\t<\/div>\n\t\t\t\t\t<\/div>\n\t\t<\/div>\n\t\t\t\t\t<\/div>\n\t\t<\/section>\n\t\t\t\t<\/div>\n\t\t","protected":false},"excerpt":{"rendered":"<p>APP LA WASH LA TUA LAVANDERIA, ANCHE SUL TUO CELLULARE Con las lavander\u00edas self-service tienes la libertad de lavar y secar tus prendas a tu propio ritmo, utilizando equipos de \u00faltima tecnolog\u00eda que garantizan resultados superiores en menos tiempo. L&#8217;APPLICAZIONE DI LA WASH: FACILE, COMODA E VELOCE La Wash \u00e8 un&#8217;app semplice e intuitiva che &hellip; <a href=\"https:\/\/lawash.es\/it\/app-la-wash\/\">Continued<\/a><\/p>\n","protected":false},"author":1,"featured_media":0,"parent":0,"menu_order":0,"comment_status":"closed","ping_status":"closed","template":"template-elementor.blade.php","meta":{"_acf_changed":false,"inline_featured_image":false,"footnotes":""},"class_list":["post-20609","page","type-page","status-publish","hentry"],"acf":[],"yoast_head":"<!-- This site is optimized with the Yoast SEO plugin v24.4 - https:\/\/yoast.com\/wordpress\/plugins\/seo\/ -->\n<title>La Wash | App La Wash<\/title>\n<meta name=\"description\" content=\"Approfitta degli sconti e dei vantaggi di entrare nel Club La Wash. Semplice e intuitiva che ti permette di fare il bucato in modo rapido.\" \/>\n<meta name=\"robots\" content=\"index, follow, max-snippet:-1, max-image-preview:large, max-video-preview:-1\" \/>\n<link rel=\"canonical\" href=\"https:\/\/lawash.es\/it\/app-la-wash\/\" \/>\n<meta property=\"og:locale\" content=\"it_IT\" \/>\n<meta property=\"og:type\" content=\"article\" \/>\n<meta property=\"og:title\" content=\"La Wash | App La Wash\" \/>\n<meta property=\"og:description\" content=\"Approfitta degli sconti e dei vantaggi di entrare nel Club La Wash. Semplice e intuitiva che ti permette di fare il bucato in modo rapido.\" \/>\n<meta property=\"og:url\" content=\"https:\/\/lawash.es\/it\/app-la-wash\/\" \/>\n<meta property=\"og:site_name\" content=\"La Wash\" \/>\n<meta property=\"article:modified_time\" content=\"2026-04-28T20:15:27+00:00\" \/>\n<meta property=\"og:image\" content=\"https:\/\/lawash.es\/wp-content\/uploads\/2024\/10\/app-la-wash.jpg\" \/>\n<meta name=\"twitter:card\" content=\"summary_large_image\" \/>\n<meta name=\"twitter:label1\" content=\"Tempo di lettura stimato\" \/>\n\t<meta name=\"twitter:data1\" content=\"7 minuti\" \/>\n<!-- \/ Yoast SEO plugin. -->","yoast_head_json":{"title":"La Wash | App La Wash","description":"Approfitta degli sconti e dei vantaggi di entrare nel Club La Wash. Semplice e intuitiva che ti permette di fare il bucato in modo rapido.","robots":{"index":"index","follow":"follow","max-snippet":"max-snippet:-1","max-image-preview":"max-image-preview:large","max-video-preview":"max-video-preview:-1"},"canonical":"https:\/\/lawash.es\/it\/app-la-wash\/","og_locale":"it_IT","og_type":"article","og_title":"La Wash | App La Wash","og_description":"Approfitta degli sconti e dei vantaggi di entrare nel Club La Wash. Semplice e intuitiva che ti permette di fare il bucato in modo rapido.","og_url":"https:\/\/lawash.es\/it\/app-la-wash\/","og_site_name":"La Wash","article_modified_time":"2026-04-28T20:15:27+00:00","og_image":[{"url":"https:\/\/lawash.es\/wp-content\/uploads\/2024\/10\/app-la-wash.jpg","type":"","width":"","height":""}],"twitter_card":"summary_large_image","twitter_misc":{"Tempo di lettura stimato":"7 minuti"},"schema":{"@context":"https:\/\/schema.org","@graph":[{"@type":"WebPage","@id":"https:\/\/lawash.es\/it\/app-la-wash\/","url":"https:\/\/lawash.es\/it\/app-la-wash\/","name":"La Wash | App La Wash","isPartOf":{"@id":"https:\/\/lawash.es\/it\/#website"},"primaryImageOfPage":{"@id":"https:\/\/lawash.es\/it\/app-la-wash\/#primaryimage"},"image":{"@id":"https:\/\/lawash.es\/it\/app-la-wash\/#primaryimage"},"thumbnailUrl":"https:\/\/lawash.es\/wp-content\/uploads\/2024\/10\/app-la-wash.jpg","datePublished":"2024-08-15T11:07:58+00:00","dateModified":"2026-04-28T20:15:27+00:00","description":"Approfitta degli sconti e dei vantaggi di entrare nel Club La Wash. Semplice e intuitiva che ti permette di fare il bucato in modo rapido.","breadcrumb":{"@id":"https:\/\/lawash.es\/it\/app-la-wash\/#breadcrumb"},"inLanguage":"it-IT","potentialAction":[{"@type":"ReadAction","target":["https:\/\/lawash.es\/it\/app-la-wash\/"]}]},{"@type":"ImageObject","inLanguage":"it-IT","@id":"https:\/\/lawash.es\/it\/app-la-wash\/#primaryimage","url":"https:\/\/lawash.es\/wp-content\/uploads\/2024\/10\/app-la-wash.jpg","contentUrl":"https:\/\/lawash.es\/wp-content\/uploads\/2024\/10\/app-la-wash.jpg"},{"@type":"BreadcrumbList","@id":"https:\/\/lawash.es\/it\/app-la-wash\/#breadcrumb","itemListElement":[{"@type":"ListItem","position":1,"name":"Portada","item":"https:\/\/lawash.es\/it\/home\/"},{"@type":"ListItem","position":2,"name":"App La Wash"}]},{"@type":"WebSite","@id":"https:\/\/lawash.es\/it\/#website","url":"https:\/\/lawash.es\/it\/","name":"La Wash","description":"Franquicia de lavander\u00edas autoservicio","potentialAction":[{"@type":"SearchAction","target":{"@type":"EntryPoint","urlTemplate":"https:\/\/lawash.es\/it\/?s={search_term_string}"},"query-input":{"@type":"PropertyValueSpecification","valueRequired":true,"valueName":"search_term_string"}}],"inLanguage":"it-IT"}]}},"_links":{"self":[{"href":"https:\/\/lawash.es\/it\/wp-json\/wp\/v2\/pages\/20609","targetHints":{"allow":["GET"]}}],"collection":[{"href":"https:\/\/lawash.es\/it\/wp-json\/wp\/v2\/pages"}],"about":[{"href":"https:\/\/lawash.es\/it\/wp-json\/wp\/v2\/types\/page"}],"author":[{"embeddable":true,"href":"https:\/\/lawash.es\/it\/wp-json\/wp\/v2\/users\/1"}],"replies":[{"embeddable":true,"href":"https:\/\/lawash.es\/it\/wp-json\/wp\/v2\/comments?post=20609"}],"version-history":[{"count":0,"href":"https:\/\/lawash.es\/it\/wp-json\/wp\/v2\/pages\/20609\/revisions"}],"wp:attachment":[{"href":"https:\/\/lawash.es\/it\/wp-json\/wp\/v2\/media?parent=20609"}],"curies":[{"name":"wp","href":"https:\/\/api.w.org\/{rel}","templated":true}]}}