{"id":27,"date":"2025-03-15T13:22:19","date_gmt":"2025-03-15T12:22:19","guid":{"rendered":"https:\/\/lawash.es\/masterlawash\/?page_id=27"},"modified":"2026-03-30T11:10:55","modified_gmt":"2026-03-30T09:10:55","slug":"contacto","status":"publish","type":"page","link":"https:\/\/lawash.es\/masterlawash\/contacto\/","title":{"rendered":"Contacto"},"content":{"rendered":"\t\t<div data-elementor-type=\"wp-page\" data-elementor-id=\"27\" class=\"elementor elementor-27\" data-elementor-post-type=\"page\">\n\t\t\t\t\t\t<section class=\"elementor-section elementor-top-section elementor-element elementor-element-3903e65 elementor-section-boxed elementor-section-height-default elementor-section-height-default\" data-id=\"3903e65\" data-element_type=\"section\">\n\t\t\t\t\t\t<div class=\"elementor-container elementor-column-gap-default\">\n\t\t\t\t\t<div class=\"elementor-column elementor-col-100 elementor-top-column elementor-element elementor-element-28db153\" data-id=\"28db153\" data-element_type=\"column\">\n\t\t\t<div class=\"elementor-widget-wrap elementor-element-populated\">\n\t\t\t\t\t\t<div class=\"elementor-element elementor-element-edc4937 elementor-widget elementor-widget-header_widget\" data-id=\"edc4937\" data-element_type=\"widget\" data-widget_type=\"header_widget.default\">\n\t\t\t\t<div class=\"elementor-widget-container\">\n\t\t\t\t\t<section class=\"hero-section js-hero-section home hero-section--small noSize \">\n    <img decoding=\"async\" alt=\"\" class=\"background-image\" src=\"https:\/\/lawash.es\/masterlawash\/wp-content\/uploads\/2024\/10\/nosotros.710364.jpg\" \/>\n    <div class=\"background-gradient\"><\/div>\n        <div class=\"lawash-container hero-container\">\n        <div class=\"hero-info \">\n\n                            <div class=\"hero-info__breadcrumbs breadcrumbs\">\n    <a href=\"https:\/\/lawash.es\/masterlawash\" title=\"Inicio\" class=\"hero-info__breadcrumb-link breadcrumb-link\">Inicio<\/a>\n    <span class=\"hero-info__breadcrumb-divider breadcrumb-divider\">&nbsp;-&nbsp;<\/span>\n                        \n                <a title=\"Contacto Master Franquicia\" href=\"https:\/\/lawash.es\/masterlawash\/contacto\/\" class=\"hero-info__breadcrumb-link breadcrumb-link\">Contacto Master Franquicia<\/a>\n            <\/div>\n            \n                            <h1 class=\"hero-info__pretitle title-4\">Contacto Master <\/h1>\n                <h2 class=\"hero-info__title title-1\">\n                    <span class=\"custom-text-highlight custom-text-highlight-3\"> Solicita<\/span>\n            <span class=\"custom-highlight custom-highlight-3\">\n              <img decoding=\"async\" alt=\"\" class=\"custom-highlight__img\" src=\"https:\/\/lawash.es\/masterlawash\/wp-content\/themes\/sage\/public\/img\/custom-highlight-3.e911b8.svg\" \/>\n              <span class=\"custom-highlight__text\">informaci\u00f3n<\/span>\n            <\/span>\n            <span class=\"custom-text-highlight custom-text-highlight-3\">para convertirte en Master Franquiciado<\/span>\n        \n                <\/h2>\n            \n\n            \n\n            \n                    <\/div>\n    <\/div>\n<\/section>\n\t\t\t\t<\/div>\n\t\t\t\t<\/div>\n\t\t\t\t<div class=\"elementor-element elementor-element-d9a8349 elementor-widget elementor-widget-form_widget\" data-id=\"d9a8349\" data-element_type=\"widget\" data-widget_type=\"form_widget.default\">\n\t\t\t\t<div class=\"elementor-widget-container\">\n\t\t\t\t\t<section class=\"section-2-cols support-section contact-section\">\n    <div class=\"lawash-container\">\n        <div class=\"lawash-row\">\n            <div class=\"lawash-col-auto\">\n                <div class=\"section-2-cols__info align-content-between\">\n                    <div>\n                        <h2 class=\"section-2-cols__title title-2\">\n                            \n            <span class=\"custom-highlight custom-highlight-3\">\n              <img decoding=\"async\" alt=\"\" class=\"custom-highlight__img\" src=\"https:\/\/lawash.es\/masterlawash\/wp-content\/themes\/sage\/public\/img\/custom-highlight-3.e911b8.svg\" \/>\n              <span class=\"custom-highlight__text\">Lidera La Wash<\/span>\n            <\/span>\n            <span class=\"custom-text-highlight custom-text-highlight-5\">en tu pa\u00eds o regi\u00f3n<\/span>\n        \n\n                        <\/h2>\n                        <div class=\"w-100\"><\/div>\n\n                        <p class=\"section-2-cols__paragraph\">\n                            En La Wash\u00ae te acompa\u00f1amos en el desarrollo de tu propia red de franquicias en tu pa\u00eds.<br><br>Contamos con un modelo probado y altamente rentable, con m\u00e1s de 400 lavander\u00edas autoservicio en Espa\u00f1a y Portugal.<br><br>Te ofrecemos asesoramiento integral desde la implantaci\u00f3n y adaptaci\u00f3n del concepto a tu mercado local, hasta el dise\u00f1o, formaci\u00f3n, soporte tecnol\u00f3gico y estrategias de marketing que te permitir\u00e1n acelerar el crecimiento de tu red.<br><br>Una oportunidad ideal para l\u00edderes con visi\u00f3n a largo plazo y capacidad de inversi\u00f3n que buscan entrar en el sector de lavander\u00edas autoservicio con todas las garant\u00edas.\n                        <\/p>\n\n                                            <\/div>\n                <\/div>\n            <\/div>\n            <div class=\"lawash-col\">\n                                <div id=\"hubspot-form-14768\">\n                    <script charset=\"utf-8\" type=\"text\/javascript\" src=\"\/\/js.hsforms.net\/forms\/v2.js\"><\/script>\n                    <script>\n                      hbspt.forms.create({\n                          region: \"eu1\",\n                          portalId: \"25252882\",\n                          formId: \"a8a6daac-57cb-4ff6-9612-8c42d35ab698\"\n                      });\n                    <\/script>\n                <\/div>\n                            <\/div>\n\n        <\/div>\n    <\/div>\n<\/section>\n\t\t\t\t<\/div>\n\t\t\t\t<\/div>\n\t\t\t\t<div class=\"elementor-element elementor-element-79a6a9c elementor-widget elementor-widget-global elementor-global-7622 elementor-widget-map_widget\" data-id=\"79a6a9c\" data-element_type=\"widget\" data-widget_type=\"map_widget.default\">\n\t\t\t\t<div class=\"elementor-widget-container\">\n\t\t\t\t\t<section class=\"section-2-cols section-2-cols--full map-cols-2-section\">\n    <div class=\"lawash-row fullback-row\">\n        <div class=\"lawash-col-6\">\n            <div class=\"background-1\"><\/div>\n        <\/div>\n        <div class=\"lawash-col-6 pl-0\">\n            <div class=\"section-2-cols__map map\">\n                <iframe \n                class=\"map-iframe\"\n                width=\"100%\" \n                height=\"100%\" \n                style=\"border:0\" \n                loading=\"lazy\",\n                allowfullscreen,\n                title=\"Oficina Central\" \n                aria-label=\"C\/ FREDERIC MOMPOU, 4a, 3\u00ba 2\u00aa\" \n                referrerpolicy=\"no-referrer-when-downgrade\",\n                src=\"https:\/\/www.google.com\/maps\/embed?pb=!1m18!1m12!1m3!1d5987.909035721029!2d2.072439112450698!3d41.375072871181814!2m3!1f0!2f0!3f0!3m2!1i1024!2i768!4f13.1!3m3!1m2!1s0x12a4a3100d126c73%3A0x29012f1603dd2096!2sLa%20Wash%20-%20Oficinas%20centrales!5e0!3m2!1ses!2sie!4v1724397275889!5m2!1ses!2sie\"><\/iframe>\n            <\/div>\n        <\/div>\n    <\/div>        \n    <div class=\"lawash-container background-1-mobile\">\n        <div class=\"lawash-row\">\n            <div class=\"lawash-col-6\">\n                <div class=\"section-2-cols__info\">\n                    <h2 class=\"section-2-cols__title section-2-cols__title-mb-1 title-2\">Oficina Central<\/h2>\n                    <div class=\"w-100\"><\/div>\n                    <h3 class=\"section-2-cols__subtitle title-4\">\n                        C\/ FREDERIC MOMPOU, 4a, 3\u00ba 2\u00aa<br>\n                        08960 Sant Just Desvern<br>\n                        Barcelona - Spain\n                    <\/h3>\n                <\/div>\n            <\/div>\n        <\/div>\n    <\/div>\n<\/section>\t\t\t\t<\/div>\n\t\t\t\t<\/div>\n\t\t\t\t\t<\/div>\n\t\t<\/div>\n\t\t\t\t\t<\/div>\n\t\t<\/section>\n\t\t\t\t<\/div>\n\t\t","protected":false},"excerpt":{"rendered":"<p>Inicio &nbsp;&#8211;&nbsp; Contacto Master Franquicia Contacto Master Solicita informaci\u00f3n para convertirte en Master Franquiciado Lidera La Wash en tu pa\u00eds o regi\u00f3n En La Wash\u00ae te acompa\u00f1amos en el desarrollo de tu propia red de franquicias en tu pa\u00eds. Contamos con un modelo probado y altamente rentable, con m\u00e1s de 400 lavander\u00edas autoservicio en Espa\u00f1a &hellip; <a href=\"https:\/\/lawash.es\/masterlawash\/contacto\/\">Continued<\/a><\/p>\n","protected":false},"author":3,"featured_media":0,"parent":0,"menu_order":0,"comment_status":"closed","ping_status":"closed","template":"template-elementor.blade.php","meta":{"_acf_changed":false,"inline_featured_image":false,"footnotes":""},"class_list":["post-27","page","type-page","status-publish","hentry"],"acf":[],"yoast_head":"<!-- This site is optimized with the Yoast SEO plugin v25.0 - https:\/\/yoast.com\/wordpress\/plugins\/seo\/ -->\n<title>Solicita informaci\u00f3n para convertirte en Master Franquiciado<\/title>\n<meta name=\"description\" content=\"Desarrolla tu red de lavander\u00edas autoservicio como Master Franquicia La Wash. Modelo probado, rentable y en plena expansi\u00f3n internacional.\" \/>\n<meta name=\"robots\" content=\"index, follow, max-snippet:-1, max-image-preview:large, max-video-preview:-1\" \/>\n<link rel=\"canonical\" href=\"https:\/\/lawash.es\/masterlawash\/contacto\/\" \/>\n<meta property=\"og:locale\" content=\"es_ES\" \/>\n<meta property=\"og:type\" content=\"article\" \/>\n<meta property=\"og:title\" content=\"Solicita informaci\u00f3n para convertirte en Master Franquiciado\" \/>\n<meta property=\"og:description\" content=\"Desarrolla tu red de lavander\u00edas autoservicio como Master Franquicia La Wash. Modelo probado, rentable y en plena expansi\u00f3n internacional.\" \/>\n<meta property=\"og:url\" content=\"https:\/\/lawash.es\/masterlawash\/contacto\/\" \/>\n<meta property=\"og:site_name\" content=\"Master La Wash\" \/>\n<meta property=\"article:modified_time\" content=\"2026-03-30T09:10:55+00:00\" \/>\n<meta property=\"og:image\" content=\"https:\/\/lawash.es\/masterlawash\/wp-content\/uploads\/2024\/10\/nosotros.710364.jpg\" \/>\n<meta name=\"twitter:card\" content=\"summary_large_image\" \/>\n<meta name=\"twitter:label1\" content=\"Tiempo de lectura\" \/>\n\t<meta name=\"twitter:data1\" content=\"2 minutos\" \/>\n<!-- \/ Yoast SEO plugin. -->","yoast_head_json":{"title":"Solicita informaci\u00f3n para convertirte en Master Franquiciado","description":"Desarrolla tu red de lavander\u00edas autoservicio como Master Franquicia La Wash. Modelo probado, rentable y en plena expansi\u00f3n internacional.","robots":{"index":"index","follow":"follow","max-snippet":"max-snippet:-1","max-image-preview":"max-image-preview:large","max-video-preview":"max-video-preview:-1"},"canonical":"https:\/\/lawash.es\/masterlawash\/contacto\/","og_locale":"es_ES","og_type":"article","og_title":"Solicita informaci\u00f3n para convertirte en Master Franquiciado","og_description":"Desarrolla tu red de lavander\u00edas autoservicio como Master Franquicia La Wash. Modelo probado, rentable y en plena expansi\u00f3n internacional.","og_url":"https:\/\/lawash.es\/masterlawash\/contacto\/","og_site_name":"Master La Wash","article_modified_time":"2026-03-30T09:10:55+00:00","og_image":[{"url":"https:\/\/lawash.es\/masterlawash\/wp-content\/uploads\/2024\/10\/nosotros.710364.jpg","type":"","width":"","height":""}],"twitter_card":"summary_large_image","twitter_misc":{"Tiempo de lectura":"2 minutos"},"schema":{"@context":"https:\/\/schema.org","@graph":[{"@type":"WebPage","@id":"https:\/\/lawash.es\/masterlawash\/contacto\/","url":"https:\/\/lawash.es\/masterlawash\/contacto\/","name":"Solicita informaci\u00f3n para convertirte en Master Franquiciado","isPartOf":{"@id":"https:\/\/lawash.es\/masterlawash\/#website"},"primaryImageOfPage":{"@id":"https:\/\/lawash.es\/masterlawash\/contacto\/#primaryimage"},"image":{"@id":"https:\/\/lawash.es\/masterlawash\/contacto\/#primaryimage"},"thumbnailUrl":"https:\/\/lawash.es\/masterlawash\/wp-content\/uploads\/2024\/10\/nosotros.710364.jpg","datePublished":"2025-03-15T12:22:19+00:00","dateModified":"2026-03-30T09:10:55+00:00","description":"Desarrolla tu red de lavander\u00edas autoservicio como Master Franquicia La Wash. Modelo probado, rentable y en plena expansi\u00f3n internacional.","breadcrumb":{"@id":"https:\/\/lawash.es\/masterlawash\/contacto\/#breadcrumb"},"inLanguage":"es","potentialAction":[{"@type":"ReadAction","target":["https:\/\/lawash.es\/masterlawash\/contacto\/"]}]},{"@type":"ImageObject","inLanguage":"es","@id":"https:\/\/lawash.es\/masterlawash\/contacto\/#primaryimage","url":"https:\/\/lawash.es\/masterlawash\/wp-content\/uploads\/2024\/10\/nosotros.710364.jpg","contentUrl":"https:\/\/lawash.es\/masterlawash\/wp-content\/uploads\/2024\/10\/nosotros.710364.jpg","width":2160,"height":1350},{"@type":"BreadcrumbList","@id":"https:\/\/lawash.es\/masterlawash\/contacto\/#breadcrumb","itemListElement":[{"@type":"ListItem","position":1,"name":"Portada","item":"https:\/\/lawash.es\/masterlawash\/"},{"@type":"ListItem","position":2,"name":"Contacto"}]},{"@type":"WebSite","@id":"https:\/\/lawash.es\/masterlawash\/#website","url":"https:\/\/lawash.es\/masterlawash\/","name":"La Wash","description":"Master Franquicia La Wash","potentialAction":[{"@type":"SearchAction","target":{"@type":"EntryPoint","urlTemplate":"https:\/\/lawash.es\/masterlawash\/?s={search_term_string}"},"query-input":{"@type":"PropertyValueSpecification","valueRequired":true,"valueName":"search_term_string"}}],"inLanguage":"es"}]}},"_links":{"self":[{"href":"https:\/\/lawash.es\/masterlawash\/wp-json\/wp\/v2\/pages\/27","targetHints":{"allow":["GET"]}}],"collection":[{"href":"https:\/\/lawash.es\/masterlawash\/wp-json\/wp\/v2\/pages"}],"about":[{"href":"https:\/\/lawash.es\/masterlawash\/wp-json\/wp\/v2\/types\/page"}],"author":[{"embeddable":true,"href":"https:\/\/lawash.es\/masterlawash\/wp-json\/wp\/v2\/users\/3"}],"replies":[{"embeddable":true,"href":"https:\/\/lawash.es\/masterlawash\/wp-json\/wp\/v2\/comments?post=27"}],"version-history":[{"count":0,"href":"https:\/\/lawash.es\/masterlawash\/wp-json\/wp\/v2\/pages\/27\/revisions"}],"wp:attachment":[{"href":"https:\/\/lawash.es\/masterlawash\/wp-json\/wp\/v2\/media?parent=27"}],"curies":[{"name":"wp","href":"https:\/\/api.w.org\/{rel}","templated":true}]}}