{"id":33,"date":"2025-03-15T13:23:37","date_gmt":"2025-03-15T12:23:37","guid":{"rendered":"https:\/\/lawash.es\/masterlawash\/?page_id=33"},"modified":"2025-05-27T18:40:31","modified_gmt":"2025-05-27T16:40:31","slug":"home","status":"publish","type":"page","link":"https:\/\/lawash.es\/masterlawash\/","title":{"rendered":"Home"},"content":{"rendered":"\t\t<div data-elementor-type=\"wp-page\" data-elementor-id=\"33\" class=\"elementor elementor-33\" data-elementor-post-type=\"page\">\n\t\t\t\t\t\t<section class=\"elementor-section elementor-top-section elementor-element elementor-element-4029919 elementor-section-boxed elementor-section-height-default elementor-section-height-default\" data-id=\"4029919\" data-element_type=\"section\">\n\t\t\t\t\t\t<div class=\"elementor-container elementor-column-gap-default\">\n\t\t\t\t\t<div class=\"elementor-column elementor-col-100 elementor-top-column elementor-element elementor-element-efb38e2\" data-id=\"efb38e2\" data-element_type=\"column\">\n\t\t\t<div class=\"elementor-widget-wrap elementor-element-populated\">\n\t\t\t\t\t\t<div class=\"elementor-element elementor-element-ea894aa elementor-widget elementor-widget-header_widget\" data-id=\"ea894aa\" data-element_type=\"widget\" data-widget_type=\"header_widget.default\">\n\t\t\t\t<div class=\"elementor-widget-container\">\n\t\t\t\t\t<section class=\"hero-section js-hero-section home  no-disclaimer\">\n    <img decoding=\"async\" alt=\"\" class=\"background-image\" src=\"https:\/\/lawash.es\/masterlawash\/wp-content\/uploads\/2025\/04\/La-Wash-Prime-Casanova-21-Barcelona-Haz-la-colada.jpg\" \/>\n    <div class=\"background-gradient\"><\/div>\n          <div class=\"background-darker\"><\/div>\n        <div class=\"lawash-container hero-container\">\n        <div class=\"hero-info \">\n\n            \n                            <h1 class=\"hero-info__pretitle title-4\">\u00danete al \u00e9xito de La Wash<\/h1>\n                <h2 class=\"hero-info__title title-1\">\n                    <span class=\"custom-text-highlight custom-text-highlight-1\"> Tu propia red de franquicias de<\/span>\n            <span class=\"custom-highlight custom-highlight-1\">\n              <img decoding=\"async\" alt=\"\" class=\"custom-highlight__img\" src=\"https:\/\/lawash.es\/masterlawash\/wp-content\/themes\/sage\/public\/img\/custom-highlight-1.233d55.svg\" \/>\n              <span class=\"custom-highlight__text\">lavander\u00edas<\/span>\n            <\/span>\n            <span class=\"custom-text-highlight custom-text-highlight-1\">en tu pa\u00eds<\/span>\n        \n                <\/h2>\n            \n\n            \n\n            \n                            <div class=\"\">\n                                                                    <a title=\"Solicita m\u00e1s informaci\u00f3n\" class=\"hero-info__button button-1\"\n                            href=\"https:\/\/lawash.es\/masterlawash\/contacto\/\">Solicita m\u00e1s informaci\u00f3n<\/a>\n                                    <\/div>\n                    <\/div>\n    <\/div>\n<\/section>\n\t\t\t\t<\/div>\n\t\t\t\t<\/div>\n\t\t\t\t<div class=\"elementor-element elementor-element-ed0c0bc elementor-widget elementor-widget-statistics_widget\" data-id=\"ed0c0bc\" data-element_type=\"widget\" data-widget_type=\"statistics_widget.default\">\n\t\t\t\t<div class=\"elementor-widget-container\">\n\t\t\t\t\t<section class=\"section-centered-cols oportunity-section\">\n    <div class=\"lawash-container\">\n        <div class=\"lawash-row\">\n            <div class=\"lawash-col-12\">\n                <h2 class=\"oportunity-section__title title-1\">\n                    <span class=\"custom-text-highlight custom-text-highlight-3\"> Lidera la expansi\u00f3n de La Wash y construye una red de franquicias altamente<\/span>\n            <span class=\"custom-highlight custom-highlight-3\">\n              <img decoding=\"async\" alt=\"\" class=\"custom-highlight__img\" src=\"https:\/\/lawash.es\/masterlawash\/wp-content\/themes\/sage\/public\/img\/custom-highlight-3.e911b8.svg\" \/>\n              <span class=\"custom-highlight__text\">rentable<\/span>\n            <\/span>\n            <span class=\"custom-text-highlight custom-text-highlight-3\"><\/span>\n        \n                <\/h2>                \n                \n                <p class=\"oportunity-section__paragraph\">\n                                             Con m\u00e1s de 400 lavander\u00edas en Espa\u00f1a y Portugal y una de las tasas de crecimiento m\u00e1s r\u00e1pidas del sector, La Wash ofrece un modelo probado, inversi\u00f3n accesible y un retorno r\u00e1pido. Convi\u00e9rtete en M\u00e1ster Franquicia y accede a un negocio innovador con soporte continuo en tecnolog\u00eda, marketing y expansi\u00f3n.\n                                    <\/p>\n                \n            <\/div>\n        <\/div>\n\n                <div class=\"oportunity-section__stats\">\n                        <h3 class=\"oportunity-section__stats-item\">\n                <span class=\"oportunity-section__title title-1\">\n                    n\u00ba1\n                <\/span>\n                <p class=\"oportunity-section__paragraph\">\n                    Lavander\u00edas autoservicio*\n                <\/p>\n            <\/h3>\n                        <h3 class=\"oportunity-section__stats-item\">\n                <span class=\"oportunity-section__title title-1\">\n                    +400\n                <\/span>\n                <p class=\"oportunity-section__paragraph\">\n                    Lavander\u00edas en Espa\u00f1a y Portugal\n                <\/p>\n            <\/h3>\n                        <h3 class=\"oportunity-section__stats-item\">\n                <span class=\"oportunity-section__title title-1\">\n                    +3,5\n                <\/span>\n                <p class=\"oportunity-section__paragraph\">\n                    Millones de clientes\n                <\/p>\n            <\/h3>\n                        <h3 class=\"oportunity-section__stats-item\">\n                <span class=\"oportunity-section__title title-1\">\n                    +13\n                <\/span>\n                <p class=\"oportunity-section__paragraph\">\n                    A\u00f1os de experiencia\n                <\/p>\n            <\/h3>\n                        <h3 class=\"oportunity-section__stats-item\">\n                <span class=\"oportunity-section__title title-1\">\n                    30%\n                <\/span>\n                <p class=\"oportunity-section__paragraph\">\n                    Franquiciados con m\u00e1s de un centro de lavado\n                <\/p>\n            <\/h3>\n                    <\/div>\n        \n                <div class=\"lawash-row\">\n            <div class=\"lawash-col-12\">\n                <div class=\"oportunity-section__buttons section-2-cols__buttons\">\n                                                                    <a title=\"Reserva tu pa\u00eds ahora\" href=\"https:\/\/lawash.es\/masterlawash\/contacto\/\" class=\"button-1\" >\n  Reserva tu pa\u00eds ahora\n<\/a>\n                                    <\/div>\n            <\/div>\n        <\/div>\n            <\/div>\n<\/section>\t\t\t\t<\/div>\n\t\t\t\t<\/div>\n\t\t\t\t<div class=\"elementor-element elementor-element-f0de518 elementor-widget elementor-widget-image_with_text_widget\" data-id=\"f0de518\" data-element_type=\"widget\" data-widget_type=\"image_with_text_widget.default\">\n\t\t\t\t<div class=\"elementor-widget-container\">\n\t\t\t\t\t<section class=\"section-2-cols section-2-cols--full lawash-modulos-section \">\n\t<img decoding=\"async\" alt=\"\" class=\"section-2-cols__img-background\" src=\"https:\/\/lawash.es\/masterlawash\/wp-content\/uploads\/2025\/04\/La-Wash-Prime-Casanova-21-Barcelona-General.jpg\" \/>\n\t<div class=\"lawash-container\">\n\t\t<div class=\"lawash-row\">\n\t\t\t<div class=\"lawash-col-6\">\n\t\t\t\t<div class=\"section-2-cols__info\">\n\n\t\t\t\t\t\n\t\t\t\t\t<h2 class=\"section-2-cols__title title-2\">Por qu\u00e9 invertir en La Wash <\/h2>\n\t\t\t\t\t<div class=\"w-100\"><\/div>\n\n\t\t\t\t\t\t\t\t\t\t<p class=\"section-2-cols__paragraph\">La Wash es una marca consolidada, con m\u00e1s de 400 lavander\u00edas autoservicio operativas. Su modelo es probado, escalable y altamente rentable.<br><br>Como Master Franquiciado, tendr\u00e1s exclusividad en tu pa\u00eds. Podr\u00e1s abrir tus propios centros y desarrollar una red de franquiciados locales.<br><br>Contar\u00e1s con el apoyo de nuestro equipo en todo momento. Te damos formaci\u00f3n, herramientas digitales, marketing y asistencia t\u00e9cnica.<br><br>Invertir en La Wash es apostar por un futuro estable, moderno y con retorno.<\/p>\n\t\t\t\t\t\n\t\t\t\t\t\t\t\t\t\t<div class=\"section-2-cols__buttons\">\n\t\t\t\t\t\t\t\t\t\t\t\t\t\t\t\t\t\t\t\t<a title=\"\" href=\"https:\/\/lawash.es\/masterlawash\/ventajas-del-negocio\/\" class=\"button-1\" >\n  Saber m\u00e1s\n<\/a>\n\t\t\t\t\t\t\t\t\t\t\t<\/div>\n\t\t\t\t\t\t\t\t\t<\/div>\n\t\t\t<\/div>\n\t\t<\/div>\n\t<\/div>\n<\/section>\t\t\t\t<\/div>\n\t\t\t\t<\/div>\n\t\t\t\t\t<\/div>\n\t\t<\/div>\n\t\t\t\t\t<\/div>\n\t\t<\/section>\n\t\t\t\t<section class=\"elementor-section elementor-top-section elementor-element elementor-element-3800f82 elementor-section-boxed elementor-section-height-default elementor-section-height-default\" data-id=\"3800f82\" data-element_type=\"section\">\n\t\t\t\t\t\t<div class=\"elementor-container elementor-column-gap-default\">\n\t\t\t\t\t<div class=\"elementor-column elementor-col-100 elementor-top-column elementor-element elementor-element-931beac\" data-id=\"931beac\" data-element_type=\"column\">\n\t\t\t<div class=\"elementor-widget-wrap\">\n\t\t\t\t\t\t\t<\/div>\n\t\t<\/div>\n\t\t\t\t\t<\/div>\n\t\t<\/section>\n\t\t\t\t<\/div>\n\t\t","protected":false},"excerpt":{"rendered":"<p>\u00danete al \u00e9xito de La Wash Tu propia red de franquicias de lavander\u00edas en tu pa\u00eds Solicita m\u00e1s informaci\u00f3n Lidera la expansi\u00f3n de La Wash y construye una red de franquicias altamente rentable Con m\u00e1s de 400 lavander\u00edas en Espa\u00f1a y Portugal y una de las tasas de crecimiento m\u00e1s r\u00e1pidas del sector, La Wash &hellip; <a href=\"https:\/\/lawash.es\/masterlawash\/\">Continued<\/a><\/p>\n","protected":false},"author":3,"featured_media":0,"parent":0,"menu_order":0,"comment_status":"closed","ping_status":"closed","template":"template-elementor.blade.php","meta":{"_acf_changed":false,"inline_featured_image":false,"footnotes":""},"class_list":["post-33","page","type-page","status-publish","hentry"],"acf":[],"yoast_head":"<!-- This site is optimized with the Yoast SEO plugin v25.0 - https:\/\/yoast.com\/wordpress\/plugins\/seo\/ -->\n<title>Lidera la Expansi\u00f3n La Wash en tu pa\u00eds como M\u00e1ster Franquicia<\/title>\n<meta name=\"description\" content=\"Convi\u00e9rtete en M\u00e1ster Franquiciado de La Wash y lidera la expansi\u00f3n internacional de un modelo probado y rentable de lavander\u00edas autoservicio\" \/>\n<meta name=\"robots\" content=\"index, follow, max-snippet:-1, max-image-preview:large, max-video-preview:-1\" \/>\n<link rel=\"canonical\" href=\"https:\/\/lawash.es\/masterlawash\/\" \/>\n<meta property=\"og:locale\" content=\"es_ES\" \/>\n<meta property=\"og:type\" content=\"article\" \/>\n<meta property=\"og:title\" content=\"Lidera la Expansi\u00f3n La Wash en tu pa\u00eds como M\u00e1ster Franquicia\" \/>\n<meta property=\"og:description\" content=\"Convi\u00e9rtete en M\u00e1ster Franquiciado de La Wash y lidera la expansi\u00f3n internacional de un modelo probado y rentable de lavander\u00edas autoservicio\" \/>\n<meta property=\"og:url\" content=\"https:\/\/lawash.es\/masterlawash\/\" \/>\n<meta property=\"og:site_name\" content=\"Master La Wash\" \/>\n<meta property=\"article:modified_time\" content=\"2025-05-27T16:40:31+00:00\" \/>\n<meta property=\"og:image\" content=\"https:\/\/lawash.es\/masterlawash\/wp-content\/uploads\/2025\/04\/La-Wash-Prime-Casanova-21-Barcelona-Haz-la-colada.jpg\" \/>\n<meta name=\"twitter:card\" content=\"summary_large_image\" \/>\n<meta name=\"twitter:label1\" content=\"Tiempo de lectura\" \/>\n\t<meta name=\"twitter:data1\" content=\"2 minutos\" \/>\n<!-- \/ Yoast SEO plugin. -->","yoast_head_json":{"title":"Lidera la Expansi\u00f3n La Wash en tu pa\u00eds como M\u00e1ster Franquicia","description":"Convi\u00e9rtete en M\u00e1ster Franquiciado de La Wash y lidera la expansi\u00f3n internacional de un modelo probado y rentable de lavander\u00edas autoservicio","robots":{"index":"index","follow":"follow","max-snippet":"max-snippet:-1","max-image-preview":"max-image-preview:large","max-video-preview":"max-video-preview:-1"},"canonical":"https:\/\/lawash.es\/masterlawash\/","og_locale":"es_ES","og_type":"article","og_title":"Lidera la Expansi\u00f3n La Wash en tu pa\u00eds como M\u00e1ster Franquicia","og_description":"Convi\u00e9rtete en M\u00e1ster Franquiciado de La Wash y lidera la expansi\u00f3n internacional de un modelo probado y rentable de lavander\u00edas autoservicio","og_url":"https:\/\/lawash.es\/masterlawash\/","og_site_name":"Master La Wash","article_modified_time":"2025-05-27T16:40:31+00:00","og_image":[{"url":"https:\/\/lawash.es\/masterlawash\/wp-content\/uploads\/2025\/04\/La-Wash-Prime-Casanova-21-Barcelona-Haz-la-colada.jpg","type":"","width":"","height":""}],"twitter_card":"summary_large_image","twitter_misc":{"Tiempo de lectura":"2 minutos"},"schema":{"@context":"https:\/\/schema.org","@graph":[{"@type":"WebPage","@id":"https:\/\/lawash.es\/masterlawash\/","url":"https:\/\/lawash.es\/masterlawash\/","name":"Lidera la Expansi\u00f3n La Wash en tu pa\u00eds como M\u00e1ster Franquicia","isPartOf":{"@id":"https:\/\/lawash.es\/masterlawash\/#website"},"primaryImageOfPage":{"@id":"https:\/\/lawash.es\/masterlawash\/#primaryimage"},"image":{"@id":"https:\/\/lawash.es\/masterlawash\/#primaryimage"},"thumbnailUrl":"https:\/\/lawash.es\/masterlawash\/wp-content\/uploads\/2025\/04\/La-Wash-Prime-Casanova-21-Barcelona-Haz-la-colada.jpg","datePublished":"2025-03-15T12:23:37+00:00","dateModified":"2025-05-27T16:40:31+00:00","description":"Convi\u00e9rtete en M\u00e1ster Franquiciado de La Wash y lidera la expansi\u00f3n internacional de un modelo probado y rentable de lavander\u00edas autoservicio","breadcrumb":{"@id":"https:\/\/lawash.es\/masterlawash\/#breadcrumb"},"inLanguage":"es","potentialAction":[{"@type":"ReadAction","target":["https:\/\/lawash.es\/masterlawash\/"]}]},{"@type":"ImageObject","inLanguage":"es","@id":"https:\/\/lawash.es\/masterlawash\/#primaryimage","url":"https:\/\/lawash.es\/masterlawash\/wp-content\/uploads\/2025\/04\/La-Wash-Prime-Casanova-21-Barcelona-Haz-la-colada.jpg","contentUrl":"https:\/\/lawash.es\/masterlawash\/wp-content\/uploads\/2025\/04\/La-Wash-Prime-Casanova-21-Barcelona-Haz-la-colada.jpg","width":1920,"height":1440},{"@type":"BreadcrumbList","@id":"https:\/\/lawash.es\/masterlawash\/#breadcrumb","itemListElement":[{"@type":"ListItem","position":1,"name":"Portada","item":"https:\/\/lawash.es\/masterlawash\/"},{"@type":"ListItem","position":2,"name":"Home"}]},{"@type":"WebSite","@id":"https:\/\/lawash.es\/masterlawash\/#website","url":"https:\/\/lawash.es\/masterlawash\/","name":"La Wash","description":"Master Franquicia La Wash","potentialAction":[{"@type":"SearchAction","target":{"@type":"EntryPoint","urlTemplate":"https:\/\/lawash.es\/masterlawash\/?s={search_term_string}"},"query-input":{"@type":"PropertyValueSpecification","valueRequired":true,"valueName":"search_term_string"}}],"inLanguage":"es"}]}},"_links":{"self":[{"href":"https:\/\/lawash.es\/masterlawash\/wp-json\/wp\/v2\/pages\/33","targetHints":{"allow":["GET"]}}],"collection":[{"href":"https:\/\/lawash.es\/masterlawash\/wp-json\/wp\/v2\/pages"}],"about":[{"href":"https:\/\/lawash.es\/masterlawash\/wp-json\/wp\/v2\/types\/page"}],"author":[{"embeddable":true,"href":"https:\/\/lawash.es\/masterlawash\/wp-json\/wp\/v2\/users\/3"}],"replies":[{"embeddable":true,"href":"https:\/\/lawash.es\/masterlawash\/wp-json\/wp\/v2\/comments?post=33"}],"version-history":[{"count":0,"href":"https:\/\/lawash.es\/masterlawash\/wp-json\/wp\/v2\/pages\/33\/revisions"}],"wp:attachment":[{"href":"https:\/\/lawash.es\/masterlawash\/wp-json\/wp\/v2\/media?parent=33"}],"curies":[{"name":"wp","href":"https:\/\/api.w.org\/{rel}","templated":true}]}}