{"id":64,"date":"2025-03-15T13:35:32","date_gmt":"2025-03-15T12:35:32","guid":{"rendered":"https:\/\/lawash.es\/masterlawash\/?page_id=64"},"modified":"2025-06-20T12:32:09","modified_gmt":"2025-06-20T10:32:09","slug":"preguntas-frecuentes","status":"publish","type":"page","link":"https:\/\/lawash.es\/masterlawash\/preguntas-frecuentes\/","title":{"rendered":"Preguntas Frecuentes"},"content":{"rendered":"\t\t<div data-elementor-type=\"wp-page\" data-elementor-id=\"64\" class=\"elementor elementor-64\" data-elementor-post-type=\"page\">\n\t\t\t\t\t\t<section class=\"elementor-section elementor-top-section elementor-element elementor-element-593c59c elementor-section-boxed elementor-section-height-default elementor-section-height-default\" data-id=\"593c59c\" data-element_type=\"section\">\n\t\t\t\t\t\t<div class=\"elementor-container elementor-column-gap-default\">\n\t\t\t\t\t<div class=\"elementor-column elementor-col-100 elementor-top-column elementor-element elementor-element-4cb9ab3\" data-id=\"4cb9ab3\" data-element_type=\"column\">\n\t\t\t<div class=\"elementor-widget-wrap elementor-element-populated\">\n\t\t\t\t\t\t<div class=\"elementor-element elementor-element-e022252 elementor-widget elementor-widget-header_widget\" data-id=\"e022252\" data-element_type=\"widget\" data-widget_type=\"header_widget.default\">\n\t\t\t\t<div class=\"elementor-widget-container\">\n\t\t\t\t\t<section class=\"hero-section js-hero-section home  no-disclaimer\">\n    <img decoding=\"async\" alt=\"\" class=\"background-image\" src=\"https:\/\/lawash.es\/masterlawash\/wp-content\/uploads\/2024\/10\/tu-franquicia.01a2dd-1.jpg\" \/>\n    <div class=\"background-gradient\"><\/div>\n        <div class=\"lawash-container hero-container\">\n        <div class=\"hero-info hero-info--extralong-title\">\n\n                            <div class=\"hero-info__breadcrumbs breadcrumbs\">\n    <a href=\"https:\/\/lawash.es\/masterlawash\" title=\"Inicio\" class=\"hero-info__breadcrumb-link breadcrumb-link\">Inicio<\/a>\n    <span class=\"hero-info__breadcrumb-divider breadcrumb-divider\">&nbsp;-&nbsp;<\/span>\n                        \n                <a title=\"Preguntas Frecuentes\" href=\"https:\/\/lawash.es\/masterlawash\/preguntas-frecuentes\/\" class=\"hero-info__breadcrumb-link breadcrumb-link\">Preguntas Frecuentes<\/a>\n            <\/div>\n            \n                            <h1 class=\"hero-info__pretitle title-4\">FAQ \u2013 Modelo de master franquicia La Wash<\/h1>\n                <h2 class=\"hero-info__title title-1\">\n                    <span class=\"custom-text-highlight custom-text-highlight-1\"> Todo<\/span>\n            <span class=\"custom-highlight custom-highlight-1\">\n              <img decoding=\"async\" alt=\"\" class=\"custom-highlight__img\" src=\"https:\/\/lawash.es\/masterlawash\/wp-content\/themes\/sage\/public\/img\/custom-highlight-1.233d55.svg\" \/>\n              <span class=\"custom-highlight__text\"> lo que necesitas saber<\/span>\n            <\/span>\n            <span class=\"custom-text-highlight custom-text-highlight-1\">para ser master franquiciado de La Wash<\/span>\n        \n                <\/h2>\n            \n\n            \n\n            \n                    <\/div>\n    <\/div>\n<\/section>\n\t\t\t\t<\/div>\n\t\t\t\t<\/div>\n\t\t\t\t<div class=\"elementor-element elementor-element-289a855 elementor-widget elementor-widget-accordion_widget\" data-id=\"289a855\" data-element_type=\"widget\" data-widget_type=\"accordion_widget.default\">\n\t\t\t\t<div class=\"elementor-widget-container\">\n\t\t\t\t\t<section class=\"section-centered-cols faq-section\">\n  <div class=\"lawash-container\">\n    <div class=\"lawash-row\">\n      <div class=\"lawash-col-12\">\n        <h2 class=\"section-auto-cols__title title-2\">\n          \n            <span class=\"custom-highlight custom-highlight-2\">\n              <img decoding=\"async\" alt=\"\" class=\"custom-highlight__img\" src=\"https:\/\/lawash.es\/masterlawash\/wp-content\/themes\/sage\/public\/img\/custom-highlight-2.db55de.svg\" \/>\n              <span class=\"custom-highlight__text\"><\/span>\n            <\/span>\n            <span class=\"custom-text-highlight custom-text-highlight-6\">Preguntas frecuentes M\u00e1ster Fraquicia La Wash <br> (FAQ)<\/span>\n        \n        <\/h2>\n      <\/div>\n\n              <div class=\"lawash-col-12\">\n          <div class=\"accordions\">\n                      <div class=\"accordion-item\">\n  <div class=\"accordion-item__button\">\n    <h3 class=\"accordion-item__title title-4\">\n      \u00bfQu\u00e9 tipo de apoyo ofrece La Wash al Master Franquiciado?\n    <\/h3>\n    <svg class=\"accordion-item__icon\" xmlns=\"http:\/\/www.w3.org\/2000\/svg\" width=\"25\" height=\"24\" viewBox=\"0 0 25 24\" fill=\"none\">\n      <g clip-path=\"url(#clip0_25_670)\">\n        <path d=\"M21.5231 11.2908C17.9116 10.8631 14.288 10.5679 10.6524 10.4534C7.47245 10.3711 4.30256 10.5036 2.54798 10.1121C-0.374977 9.596 -0.20233 12.9052 2.27898 13.4313C6.13544 14.1161 10.1003 13.9133 14.0029 13.9253C16.8155 13.8892 19.624 13.602 22.4085 13.2245C23.3359 13.0217 23.6732 13.1964 24.2253 12.8169C24.43 12.6161 24.422 12.3068 24.2955 12.0659C23.5688 11.1181 22.7959 11.5679 21.5211 11.2908H21.5231Z\" fill=\"#E3F805\" \/>\n        <path d=\"M12.7531 22.9197C14.7085 17.8515 14.2809 11.8615 13.781 6.04625C13.7569 4.27115 13.5602 2.39163 13.9476 0.704886C14.2267 -0.212785 12.3697 -0.214793 12.1047 0.584404C10.9604 3.84545 10.9303 7.24103 10.5609 10.5744C10.1333 14.7912 10.0932 19.9559 10.8781 23.6969C10.9684 23.9017 11.372 24.0382 11.7173 23.988C12.8154 23.7029 12.5283 23.3776 12.7531 22.9177V22.9197Z\" fill=\"#E3F805\" \/>\n      <\/g>\n      <defs>\n        <clipPath id=\"clip0_25_670\">\n          <rect width=\"24\" height=\"24\" fill=\"white\" transform=\"translate(0.388672)\" \/>\n        <\/clipPath>\n      <\/defs>\n    <\/svg>\n  <\/div>\n  <div class=\"accordion-item__content\">\n    <p class=\"accordion-item__content-paragraph paragraph-3\">\n      <p style=\"text-align: left;\"><span style=\"color: #ffffff;\">La Wash proporciona un acompa\u00f1amiento integral al Master Franquiciado, desde la adaptaci\u00f3n del modelo al mercado local hasta la implantaci\u00f3n de la red de franquicias. Esto incluye formaci\u00f3n inicial, soporte continuo en tecnolog\u00eda, marketing, expansi\u00f3n y sistemas, as\u00ed como el acceso a un ecosistema digital propio que facilita la gesti\u00f3n operativa y comercial. Adem\u00e1s, contar\u00e1s con las herramientas y la experiencia de una marca l\u00edder con m\u00e1s de 400 lavander\u00edas activas.<\/span><\/p><div style=\"padding: 20px;\">\u00a0<\/div>\n    <\/p>\n  <\/div>\n<\/div>\n                      <div class=\"accordion-item\">\n  <div class=\"accordion-item__button\">\n    <h3 class=\"accordion-item__title title-4\">\n      \u00bfQu\u00e9 experiencia necesito para optar a una Master Franquicia?\n    <\/h3>\n    <svg class=\"accordion-item__icon\" xmlns=\"http:\/\/www.w3.org\/2000\/svg\" width=\"25\" height=\"24\" viewBox=\"0 0 25 24\" fill=\"none\">\n      <g clip-path=\"url(#clip0_25_670)\">\n        <path d=\"M21.5231 11.2908C17.9116 10.8631 14.288 10.5679 10.6524 10.4534C7.47245 10.3711 4.30256 10.5036 2.54798 10.1121C-0.374977 9.596 -0.20233 12.9052 2.27898 13.4313C6.13544 14.1161 10.1003 13.9133 14.0029 13.9253C16.8155 13.8892 19.624 13.602 22.4085 13.2245C23.3359 13.0217 23.6732 13.1964 24.2253 12.8169C24.43 12.6161 24.422 12.3068 24.2955 12.0659C23.5688 11.1181 22.7959 11.5679 21.5211 11.2908H21.5231Z\" fill=\"#E3F805\" \/>\n        <path d=\"M12.7531 22.9197C14.7085 17.8515 14.2809 11.8615 13.781 6.04625C13.7569 4.27115 13.5602 2.39163 13.9476 0.704886C14.2267 -0.212785 12.3697 -0.214793 12.1047 0.584404C10.9604 3.84545 10.9303 7.24103 10.5609 10.5744C10.1333 14.7912 10.0932 19.9559 10.8781 23.6969C10.9684 23.9017 11.372 24.0382 11.7173 23.988C12.8154 23.7029 12.5283 23.3776 12.7531 22.9177V22.9197Z\" fill=\"#E3F805\" \/>\n      <\/g>\n      <defs>\n        <clipPath id=\"clip0_25_670\">\n          <rect width=\"24\" height=\"24\" fill=\"white\" transform=\"translate(0.388672)\" \/>\n        <\/clipPath>\n      <\/defs>\n    <\/svg>\n  <\/div>\n  <div class=\"accordion-item__content\">\n    <p class=\"accordion-item__content-paragraph paragraph-3\">\n      <p style=\"text-align: left;\"><span style=\"color: #ffffff;\">Buscamos perfiles con s\u00f3lida capacidad financiera, experiencia demostrada en gesti\u00f3n empresarial, conocimiento profundo del mercado local y, sobre todo, visi\u00f3n a largo plazo y compromiso con el crecimiento del proyecto. La figura del Master Franquiciado act\u00faa como embajador de la marca y motor del desarrollo territorial.<\/span><\/p><div style=\"padding: 20px;\">\u00a0<\/div>\n    <\/p>\n  <\/div>\n<\/div>\n                      <div class=\"accordion-item\">\n  <div class=\"accordion-item__button\">\n    <h3 class=\"accordion-item__title title-4\">\n      \u00bfCu\u00e1l es el modelo de negocio de La Wash?\n    <\/h3>\n    <svg class=\"accordion-item__icon\" xmlns=\"http:\/\/www.w3.org\/2000\/svg\" width=\"25\" height=\"24\" viewBox=\"0 0 25 24\" fill=\"none\">\n      <g clip-path=\"url(#clip0_25_670)\">\n        <path d=\"M21.5231 11.2908C17.9116 10.8631 14.288 10.5679 10.6524 10.4534C7.47245 10.3711 4.30256 10.5036 2.54798 10.1121C-0.374977 9.596 -0.20233 12.9052 2.27898 13.4313C6.13544 14.1161 10.1003 13.9133 14.0029 13.9253C16.8155 13.8892 19.624 13.602 22.4085 13.2245C23.3359 13.0217 23.6732 13.1964 24.2253 12.8169C24.43 12.6161 24.422 12.3068 24.2955 12.0659C23.5688 11.1181 22.7959 11.5679 21.5211 11.2908H21.5231Z\" fill=\"#E3F805\" \/>\n        <path d=\"M12.7531 22.9197C14.7085 17.8515 14.2809 11.8615 13.781 6.04625C13.7569 4.27115 13.5602 2.39163 13.9476 0.704886C14.2267 -0.212785 12.3697 -0.214793 12.1047 0.584404C10.9604 3.84545 10.9303 7.24103 10.5609 10.5744C10.1333 14.7912 10.0932 19.9559 10.8781 23.6969C10.9684 23.9017 11.372 24.0382 11.7173 23.988C12.8154 23.7029 12.5283 23.3776 12.7531 22.9177V22.9197Z\" fill=\"#E3F805\" \/>\n      <\/g>\n      <defs>\n        <clipPath id=\"clip0_25_670\">\n          <rect width=\"24\" height=\"24\" fill=\"white\" transform=\"translate(0.388672)\" \/>\n        <\/clipPath>\n      <\/defs>\n    <\/svg>\n  <\/div>\n  <div class=\"accordion-item__content\">\n    <p class=\"accordion-item__content-paragraph paragraph-3\">\n      <p style=\"text-align: left;\"><span style=\"color: #ffffff;\">La Wash ha desarrollado un modelo probado, escalable y altamente rentable. Transforma un negocio tradicional en una inversi\u00f3n pasiva gracias a su sistema autoservicio totalmente automatizado. Est\u00e1 pensado tanto para operar directamente unidades propias como para expandirse a trav\u00e9s de franquiciados locales, siempre con el respaldo y know-how de la central.<\/span><\/p><div style=\"padding: 20px;\">\u00a0<\/div>\n    <\/p>\n  <\/div>\n<\/div>\n                      <div class=\"accordion-item\">\n  <div class=\"accordion-item__button\">\n    <h3 class=\"accordion-item__title title-4\">\n      \u00bfPor qu\u00e9 invertir en el sector de lavander\u00edas autoservicio?\n    <\/h3>\n    <svg class=\"accordion-item__icon\" xmlns=\"http:\/\/www.w3.org\/2000\/svg\" width=\"25\" height=\"24\" viewBox=\"0 0 25 24\" fill=\"none\">\n      <g clip-path=\"url(#clip0_25_670)\">\n        <path d=\"M21.5231 11.2908C17.9116 10.8631 14.288 10.5679 10.6524 10.4534C7.47245 10.3711 4.30256 10.5036 2.54798 10.1121C-0.374977 9.596 -0.20233 12.9052 2.27898 13.4313C6.13544 14.1161 10.1003 13.9133 14.0029 13.9253C16.8155 13.8892 19.624 13.602 22.4085 13.2245C23.3359 13.0217 23.6732 13.1964 24.2253 12.8169C24.43 12.6161 24.422 12.3068 24.2955 12.0659C23.5688 11.1181 22.7959 11.5679 21.5211 11.2908H21.5231Z\" fill=\"#E3F805\" \/>\n        <path d=\"M12.7531 22.9197C14.7085 17.8515 14.2809 11.8615 13.781 6.04625C13.7569 4.27115 13.5602 2.39163 13.9476 0.704886C14.2267 -0.212785 12.3697 -0.214793 12.1047 0.584404C10.9604 3.84545 10.9303 7.24103 10.5609 10.5744C10.1333 14.7912 10.0932 19.9559 10.8781 23.6969C10.9684 23.9017 11.372 24.0382 11.7173 23.988C12.8154 23.7029 12.5283 23.3776 12.7531 22.9177V22.9197Z\" fill=\"#E3F805\" \/>\n      <\/g>\n      <defs>\n        <clipPath id=\"clip0_25_670\">\n          <rect width=\"24\" height=\"24\" fill=\"white\" transform=\"translate(0.388672)\" \/>\n        <\/clipPath>\n      <\/defs>\n    <\/svg>\n  <\/div>\n  <div class=\"accordion-item__content\">\n    <p class=\"accordion-item__content-paragraph paragraph-3\">\n      <p style=\"text-align: left;\"><span style=\"color: #ffffff;\">El mercado global de lavander\u00edas autoservicio est\u00e1 en plena expansi\u00f3n, impulsado por factores como la urbanizaci\u00f3n, la falta de tiempo, la movilidad, el aumento del poder adquisitivo y la b\u00fasqueda de eficiencia energ\u00e9tica y de espacio en los hogares. Es un sector en crecimiento constante, con alta demanda y bajo riesgo operativo.<\/span><\/p><div style=\"padding: 20px;\">\u00a0<\/div>\n    <\/p>\n  <\/div>\n<\/div>\n                      <div class=\"accordion-item\">\n  <div class=\"accordion-item__button\">\n    <h3 class=\"accordion-item__title title-4\">\n      \u00bfQu\u00e9 diferencia a La Wash de otras franquicias del sector?\n    <\/h3>\n    <svg class=\"accordion-item__icon\" xmlns=\"http:\/\/www.w3.org\/2000\/svg\" width=\"25\" height=\"24\" viewBox=\"0 0 25 24\" fill=\"none\">\n      <g clip-path=\"url(#clip0_25_670)\">\n        <path d=\"M21.5231 11.2908C17.9116 10.8631 14.288 10.5679 10.6524 10.4534C7.47245 10.3711 4.30256 10.5036 2.54798 10.1121C-0.374977 9.596 -0.20233 12.9052 2.27898 13.4313C6.13544 14.1161 10.1003 13.9133 14.0029 13.9253C16.8155 13.8892 19.624 13.602 22.4085 13.2245C23.3359 13.0217 23.6732 13.1964 24.2253 12.8169C24.43 12.6161 24.422 12.3068 24.2955 12.0659C23.5688 11.1181 22.7959 11.5679 21.5211 11.2908H21.5231Z\" fill=\"#E3F805\" \/>\n        <path d=\"M12.7531 22.9197C14.7085 17.8515 14.2809 11.8615 13.781 6.04625C13.7569 4.27115 13.5602 2.39163 13.9476 0.704886C14.2267 -0.212785 12.3697 -0.214793 12.1047 0.584404C10.9604 3.84545 10.9303 7.24103 10.5609 10.5744C10.1333 14.7912 10.0932 19.9559 10.8781 23.6969C10.9684 23.9017 11.372 24.0382 11.7173 23.988C12.8154 23.7029 12.5283 23.3776 12.7531 22.9177V22.9197Z\" fill=\"#E3F805\" \/>\n      <\/g>\n      <defs>\n        <clipPath id=\"clip0_25_670\">\n          <rect width=\"24\" height=\"24\" fill=\"white\" transform=\"translate(0.388672)\" \/>\n        <\/clipPath>\n      <\/defs>\n    <\/svg>\n  <\/div>\n  <div class=\"accordion-item__content\">\n    <p class=\"accordion-item__content-paragraph paragraph-3\">\n      <p class=\"\" style=\"text-align: left;\" data-start=\"2808\" data-end=\"2903\"><span style=\"color: #ffffff;\">A diferencia de otros modelos, La Wash ofrece una combinaci\u00f3n \u00fanica de ventajas competitivas:<\/span><\/p>\n<p class=\"\" style=\"text-align: left;\" data-start=\"2906\" data-end=\"2981\"><span style=\"color: #ffffff;\">Un sistema digital completo con app propia, dashboard, TPV y marketplace.<\/span><\/p>\n<p class=\"\" style=\"text-align: left;\" data-start=\"2984\" data-end=\"3041\"><span style=\"color: #ffffff;\">Un modelo de negocio automatizado y f\u00e1cil de gestionar.<\/span><\/p>\n<p class=\"\" style=\"text-align: left;\" data-start=\"3044\" data-end=\"3095\"><span style=\"color: #ffffff;\">Una fuerte estrategia de marketing internacional.<\/span><\/p>\n<p class=\"\" style=\"text-align: left;\" data-start=\"3098\" data-end=\"3307\"><span style=\"color: #ffffff;\">M\u00e1s de 13 a\u00f1os de experiencia en el sector y m\u00e1s de 400 centros operativos.<\/span><br data-start=\"3173\" data-end=\"3176\" \/><span style=\"color: #ffffff;\">Todo esto convierte a La Wash en una opci\u00f3n s\u00f3lida para emprendedores que buscan un modelo rentable, escalable y con respaldo real.<\/span><\/p>\n\n<div style=\"padding: 20px;\"><\/div>\n    <\/p>\n  <\/div>\n<\/div>\n                      <div class=\"accordion-item\">\n  <div class=\"accordion-item__button\">\n    <h3 class=\"accordion-item__title title-4\">\n      \u00bfEn qu\u00e9 pa\u00edses est\u00e1 La Wash buscando Master Franquiciados?\n    <\/h3>\n    <svg class=\"accordion-item__icon\" xmlns=\"http:\/\/www.w3.org\/2000\/svg\" width=\"25\" height=\"24\" viewBox=\"0 0 25 24\" fill=\"none\">\n      <g clip-path=\"url(#clip0_25_670)\">\n        <path d=\"M21.5231 11.2908C17.9116 10.8631 14.288 10.5679 10.6524 10.4534C7.47245 10.3711 4.30256 10.5036 2.54798 10.1121C-0.374977 9.596 -0.20233 12.9052 2.27898 13.4313C6.13544 14.1161 10.1003 13.9133 14.0029 13.9253C16.8155 13.8892 19.624 13.602 22.4085 13.2245C23.3359 13.0217 23.6732 13.1964 24.2253 12.8169C24.43 12.6161 24.422 12.3068 24.2955 12.0659C23.5688 11.1181 22.7959 11.5679 21.5211 11.2908H21.5231Z\" fill=\"#E3F805\" \/>\n        <path d=\"M12.7531 22.9197C14.7085 17.8515 14.2809 11.8615 13.781 6.04625C13.7569 4.27115 13.5602 2.39163 13.9476 0.704886C14.2267 -0.212785 12.3697 -0.214793 12.1047 0.584404C10.9604 3.84545 10.9303 7.24103 10.5609 10.5744C10.1333 14.7912 10.0932 19.9559 10.8781 23.6969C10.9684 23.9017 11.372 24.0382 11.7173 23.988C12.8154 23.7029 12.5283 23.3776 12.7531 22.9177V22.9197Z\" fill=\"#E3F805\" \/>\n      <\/g>\n      <defs>\n        <clipPath id=\"clip0_25_670\">\n          <rect width=\"24\" height=\"24\" fill=\"white\" transform=\"translate(0.388672)\" \/>\n        <\/clipPath>\n      <\/defs>\n    <\/svg>\n  <\/div>\n  <div class=\"accordion-item__content\">\n    <p class=\"accordion-item__content-paragraph paragraph-3\">\n      <p style=\"text-align: left;\"><span style=\"color: #ffffff;\">Actualmente, La Wash busca Master Franquiciados en nuevos mercados internacionales, especialmente en pa\u00edses europeos, latinoamericanos y de Oriente Medio. Si est\u00e1s interesado en desarrollar la marca en tu pa\u00eds, cont\u00e1ctanos para una entrevista personalizada y estudiar juntos la viabilidad del proyecto.<\/span><\/p><div style=\"padding: 20px;\">\u00a0<\/div>\n    <\/p>\n  <\/div>\n<\/div>\n                    <\/div>\n        <\/div>\n          <\/div>\n  <\/div>\n<\/section>\n\t\t\t\t<\/div>\n\t\t\t\t<\/div>\n\t\t\t\t<div class=\"elementor-element elementor-element-6ec8255 elementor-widget elementor-widget-banner_only_text_widget\" data-id=\"6ec8255\" data-element_type=\"widget\" data-widget_type=\"banner_only_text_widget.default\">\n\t\t\t\t<div class=\"elementor-widget-container\">\n\t\t\t\t\t<section\n  class=\"section-centered-cols investors-section background-img\"\n\n  style=\"background-image: url(https:\/\/lawash.es\/masterlawash\/wp-content\/uploads\/2024\/10\/expansion-internacional.b28d1b.svg);\">\n  <div class=\"lawash-container\">\n    <div class=\"lawash-row\">\n      <div class=\"lawash-col-12\">\n        \n        <h2 class=\"section-auto-cols__title title-2 max-w-600\">\n                      \n            <span class=\"custom-highlight custom-underline-1\">\n              <img decoding=\"async\" alt=\"\" class=\"custom-highlight__img\" src=\"https:\/\/lawash.es\/masterlawash\/wp-content\/themes\/sage\/public\/img\/custom-underline-4.9ff3ef.svg\" \/>\n              <span class=\"custom-highlight__text\"><\/span>\n            <\/span>\n            <span class=\"custom-text-highlight custom-text-highlight-5\">Expansi\u00f3n internacional<\/span>\n        \n                  <\/h2>\n      <\/div>\n      <div class=\"lawash-col-auto\">\n        <p class=\"section-auto-cols__paragraph\">\n          En <strong>La Wash\u00ae<\/strong> estamos inmersos en un ambicioso plan de expansi\u00f3n internacional y buscamos socios estrat\u00e9gicos que quieran liderar el desarrollo de nuestra marca en nuevos mercados.<br><br>Con m\u00e1s de <strong data-start=\"379\" data-end=\"426\">400 lavander\u00edas operativas en Espa\u00f1a y Portugal<\/strong>, La Wash se ha consolidado como una de las franquicias de lavander\u00eda autoservicio con mayor crecimiento en el sur de Europa. Ahora, abrimos la oportunidad a emprendedores e inversores con visi\u00f3n a largo plazo que deseen replicar este modelo probado en su pa\u00eds.<br><br>Nuestro objetivo es establecer <strong data-start=\"720\" data-end=\"744\">Master Franquiciados<\/strong> en pa\u00edses clave, ofreciendo exclusividad territorial, formaci\u00f3n, soporte continuo y acceso a un ecosistema digital propio que simplifica la gesti\u00f3n y acelera la expansi\u00f3n.<br><br>Si cuentas con experiencia empresarial, conocimiento del mercado local y capacidad de inversi\u00f3n, te invitamos a formar parte de nuestro proyecto internacional.\n        <\/p>\n\n              <\/div>\n\n\n    <\/div>\n  <\/div>\n<\/section>\n\t\t\t\t<\/div>\n\t\t\t\t<\/div>\n\t\t\t\t\t<\/div>\n\t\t<\/div>\n\t\t\t\t\t<\/div>\n\t\t<\/section>\n\t\t\t\t<\/div>\n\t\t","protected":false},"excerpt":{"rendered":"<p>Inicio &nbsp;&#8211;&nbsp; Preguntas Frecuentes FAQ \u2013 Modelo de master franquicia La Wash Todo lo que necesitas saber para ser master franquiciado de La Wash Preguntas frecuentes M\u00e1ster Fraquicia La Wash (FAQ) \u00bfQu\u00e9 tipo de apoyo ofrece La Wash al Master Franquiciado? La Wash proporciona un acompa\u00f1amiento integral al Master Franquiciado, desde la adaptaci\u00f3n del modelo &hellip; <a href=\"https:\/\/lawash.es\/masterlawash\/preguntas-frecuentes\/\">Continued<\/a><\/p>\n","protected":false},"author":3,"featured_media":0,"parent":0,"menu_order":0,"comment_status":"closed","ping_status":"closed","template":"template-elementor.blade.php","meta":{"_acf_changed":false,"inline_featured_image":false,"footnotes":""},"class_list":["post-64","page","type-page","status-publish","hentry"],"acf":[],"yoast_head":"<!-- This site is optimized with the Yoast SEO plugin v25.0 - https:\/\/yoast.com\/wordpress\/plugins\/seo\/ -->\n<title>Preguntas Frecuentes | M\u00e1ster Franquicia La Wash<\/title>\n<meta name=\"description\" content=\"Preguntas frecuente para ser Master Franquiciado de La Wash. Descubre el modelo de negocio y oportunidades de expansi\u00f3n internacional.\" \/>\n<meta name=\"robots\" content=\"index, follow, max-snippet:-1, max-image-preview:large, max-video-preview:-1\" \/>\n<link rel=\"canonical\" href=\"https:\/\/lawash.es\/masterlawash\/preguntas-frecuentes\/\" \/>\n<meta property=\"og:locale\" content=\"es_ES\" \/>\n<meta property=\"og:type\" content=\"article\" \/>\n<meta property=\"og:title\" content=\"Preguntas Frecuentes | M\u00e1ster Franquicia La Wash\" \/>\n<meta property=\"og:description\" content=\"Preguntas frecuente para ser Master Franquiciado de La Wash. Descubre el modelo de negocio y oportunidades de expansi\u00f3n internacional.\" \/>\n<meta property=\"og:url\" content=\"https:\/\/lawash.es\/masterlawash\/preguntas-frecuentes\/\" \/>\n<meta property=\"og:site_name\" content=\"Master La Wash\" \/>\n<meta property=\"article:modified_time\" content=\"2025-06-20T10:32:09+00:00\" \/>\n<meta property=\"og:image\" content=\"https:\/\/lawash.es\/masterlawash\/wp-content\/uploads\/2024\/10\/tu-franquicia.01a2dd-1.jpg\" \/>\n<meta name=\"twitter:card\" content=\"summary_large_image\" \/>\n<meta name=\"twitter:label1\" content=\"Tiempo de lectura\" \/>\n\t<meta name=\"twitter:data1\" content=\"4 minutos\" \/>\n<!-- \/ Yoast SEO plugin. -->","yoast_head_json":{"title":"Preguntas Frecuentes | M\u00e1ster Franquicia La Wash","description":"Preguntas frecuente para ser Master Franquiciado de La Wash. Descubre el modelo de negocio y oportunidades de expansi\u00f3n internacional.","robots":{"index":"index","follow":"follow","max-snippet":"max-snippet:-1","max-image-preview":"max-image-preview:large","max-video-preview":"max-video-preview:-1"},"canonical":"https:\/\/lawash.es\/masterlawash\/preguntas-frecuentes\/","og_locale":"es_ES","og_type":"article","og_title":"Preguntas Frecuentes | M\u00e1ster Franquicia La Wash","og_description":"Preguntas frecuente para ser Master Franquiciado de La Wash. Descubre el modelo de negocio y oportunidades de expansi\u00f3n internacional.","og_url":"https:\/\/lawash.es\/masterlawash\/preguntas-frecuentes\/","og_site_name":"Master La Wash","article_modified_time":"2025-06-20T10:32:09+00:00","og_image":[{"url":"https:\/\/lawash.es\/masterlawash\/wp-content\/uploads\/2024\/10\/tu-franquicia.01a2dd-1.jpg","type":"","width":"","height":""}],"twitter_card":"summary_large_image","twitter_misc":{"Tiempo de lectura":"4 minutos"},"schema":{"@context":"https:\/\/schema.org","@graph":[{"@type":"WebPage","@id":"https:\/\/lawash.es\/masterlawash\/preguntas-frecuentes\/","url":"https:\/\/lawash.es\/masterlawash\/preguntas-frecuentes\/","name":"Preguntas Frecuentes | M\u00e1ster Franquicia La Wash","isPartOf":{"@id":"https:\/\/lawash.es\/masterlawash\/#website"},"primaryImageOfPage":{"@id":"https:\/\/lawash.es\/masterlawash\/preguntas-frecuentes\/#primaryimage"},"image":{"@id":"https:\/\/lawash.es\/masterlawash\/preguntas-frecuentes\/#primaryimage"},"thumbnailUrl":"https:\/\/lawash.es\/masterlawash\/wp-content\/uploads\/2024\/10\/tu-franquicia.01a2dd-1.jpg","datePublished":"2025-03-15T12:35:32+00:00","dateModified":"2025-06-20T10:32:09+00:00","description":"Preguntas frecuente para ser Master Franquiciado de La Wash. Descubre el modelo de negocio y oportunidades de expansi\u00f3n internacional.","breadcrumb":{"@id":"https:\/\/lawash.es\/masterlawash\/preguntas-frecuentes\/#breadcrumb"},"inLanguage":"es","potentialAction":[{"@type":"ReadAction","target":["https:\/\/lawash.es\/masterlawash\/preguntas-frecuentes\/"]}]},{"@type":"ImageObject","inLanguage":"es","@id":"https:\/\/lawash.es\/masterlawash\/preguntas-frecuentes\/#primaryimage","url":"","contentUrl":""},{"@type":"BreadcrumbList","@id":"https:\/\/lawash.es\/masterlawash\/preguntas-frecuentes\/#breadcrumb","itemListElement":[{"@type":"ListItem","position":1,"name":"Portada","item":"https:\/\/lawash.es\/masterlawash\/"},{"@type":"ListItem","position":2,"name":"Preguntas Frecuentes"}]},{"@type":"WebSite","@id":"https:\/\/lawash.es\/masterlawash\/#website","url":"https:\/\/lawash.es\/masterlawash\/","name":"La Wash","description":"Master Franquicia La Wash","potentialAction":[{"@type":"SearchAction","target":{"@type":"EntryPoint","urlTemplate":"https:\/\/lawash.es\/masterlawash\/?s={search_term_string}"},"query-input":{"@type":"PropertyValueSpecification","valueRequired":true,"valueName":"search_term_string"}}],"inLanguage":"es"}]}},"_links":{"self":[{"href":"https:\/\/lawash.es\/masterlawash\/wp-json\/wp\/v2\/pages\/64","targetHints":{"allow":["GET"]}}],"collection":[{"href":"https:\/\/lawash.es\/masterlawash\/wp-json\/wp\/v2\/pages"}],"about":[{"href":"https:\/\/lawash.es\/masterlawash\/wp-json\/wp\/v2\/types\/page"}],"author":[{"embeddable":true,"href":"https:\/\/lawash.es\/masterlawash\/wp-json\/wp\/v2\/users\/3"}],"replies":[{"embeddable":true,"href":"https:\/\/lawash.es\/masterlawash\/wp-json\/wp\/v2\/comments?post=64"}],"version-history":[{"count":0,"href":"https:\/\/lawash.es\/masterlawash\/wp-json\/wp\/v2\/pages\/64\/revisions"}],"wp:attachment":[{"href":"https:\/\/lawash.es\/masterlawash\/wp-json\/wp\/v2\/media?parent=64"}],"curies":[{"name":"wp","href":"https:\/\/api.w.org\/{rel}","templated":true}]}}