{"id":5142,"date":"2024-08-15T13:13:55","date_gmt":"2024-08-15T11:13:55","guid":{"rendered":"https:\/\/lawash.es\/aviso-legal\/"},"modified":"2024-10-18T06:46:54","modified_gmt":"2024-10-18T04:46:54","slug":"aviso-legal","status":"publish","type":"page","link":"https:\/\/lawash.es\/pt-pt\/aviso-legal\/","title":{"rendered":"Aviso legal"},"content":{"rendered":"\t\t<div data-elementor-type=\"wp-page\" data-elementor-id=\"5142\" class=\"elementor elementor-5142 elementor-15\" data-elementor-post-type=\"page\">\n\t\t\t\t\t\t<section class=\"elementor-section elementor-top-section elementor-element elementor-element-c1b19fb elementor-section-boxed elementor-section-height-default elementor-section-height-default\" data-id=\"c1b19fb\" data-element_type=\"section\">\n\t\t\t\t\t\t<div class=\"elementor-container elementor-column-gap-default\">\n\t\t\t\t\t<div class=\"elementor-column elementor-col-100 elementor-top-column elementor-element elementor-element-7640465\" data-id=\"7640465\" data-element_type=\"column\">\n\t\t\t<div class=\"elementor-widget-wrap elementor-element-populated\">\n\t\t\t\t\t\t<div class=\"elementor-element elementor-element-b2d6143 elementor-widget elementor-widget-header_simple_widget\" data-id=\"b2d6143\" data-element_type=\"widget\" data-widget_type=\"header_simple_widget.default\">\n\t\t\t\t<div class=\"elementor-widget-container\">\n\t\t\t\t\t<section class=\"hero-section no-disclaimer hero-section--xs\">\n    <!-- <img decoding=\"async\" alt=\"\" class=\"background-image\" src=\"https:\/\/lawash.es\/wp-content\/themes\/sage\/public\/img\/solicita-tu-factura.96a4ca.jpg\" \/> -->\n    <div style=\"background-color: var(--color3); position: absolute; top: 0; left: 0; bottom: 0; right: 0;\"><\/div>\n\n    <div class=\"background-gradient\"><\/div>\n    <div class=\"lawash-container hero-container\">\n        <div class=\"hero-info hero-info--long-title\">\n                            <div class=\"hero-info__breadcrumbs breadcrumbs\">\n    <a href=\"https:\/\/lawash.es\/pt-pt\/\" title=\"Come\u00e7ar\" class=\"hero-info__breadcrumb-link breadcrumb-link\">Come\u00e7ar<\/a>\n    <span class=\"hero-info__breadcrumb-divider breadcrumb-divider\">&nbsp;-&nbsp;<\/span>\n                        \n                <a title=\"Aviso legal\" href=\"https:\/\/lawash.es\/aviso-legal\/\" class=\"hero-info__breadcrumb-link breadcrumb-link\">Aviso legal<\/a>\n            <\/div>\n            \n            \n            <h1 class=\"hero-info__title title-1 mb-0\">\n                Aviso legal\n            <\/h1>\n\n        <\/div>\n    <\/div>\n<\/section>\t\t\t\t<\/div>\n\t\t\t\t<\/div>\n\t\t\t\t<div class=\"elementor-element elementor-element-8e7082d elementor-widget elementor-widget-text_blocks_widget\" data-id=\"8e7082d\" data-element_type=\"widget\" data-widget_type=\"text_blocks_widget.default\">\n\t\t\t\t<div class=\"elementor-widget-container\">\n\t\t\t\t\t<section class=\"section-2-cols support-section contact-section legal-section\">\n        <div class=\"lawash-container\">\n            <div class=\"lawash-row justify-content-center\">\n                                    <div class=\"lawash-col-12\">       \n                        \n                           \n                            <h2 class=\"title-4\">\n                                Informa\u00e7\u00f5es de Identifica\u00e7\u00e3o\n                            <\/h2>\n                                                <div class=\"w-100\"><\/div>\n\n                        <div><p class=\"\">De acordo com a Lei 34\/2002, de 11 de julho, sobre Servi\u00e7os da Sociedade da Informa\u00e7\u00e3o e Com\u00e9rcio Eletr\u00f4nico (LSSICE) e a Lei Org\u00e2nica 15\/1999, de 13 de dezembro, sobre Prote\u00e7\u00e3o de Dados Pessoais (LOPD), informamos aos usu\u00e1rios que www.lawash.es \u00e9 um dom\u00ednio e portal da web na Internet de propriedade da empresa: <a title=\"lawash.es\" href=\"\/pt-pt\/\">www.lawash.es<\/a> \u00e9 um dom\u00ednio e portal da web na Internet de propriedade da empresa:<\/p><p class=\"\">Global Networks Investments SLU <br \/>B-65445405<\/p><p class=\"\">FREDERIC MOMPOU, 4a, 3\u00ba 2\u00aa 08960 Sant Just Desvern, Barcelona<\/p><p class=\"\"><a title=\"comercial@lawash.es\" href=\"mailto:comercial@lawash.es\">comercial@lawash.es<\/a><\/p><\/div>                    \n                    <\/div>\n                                    <div class=\"lawash-col-12\">       \n                        \n                           \n                            <h2 class=\"title-4\">\n                                Condi\u00e7\u00f5es Gerais de Acesso\n                            <\/h2>\n                                                <div class=\"w-100\"><\/div>\n\n                        <div><p class=\"\">\n                        Por meio deste aviso legal, informamos aos usu\u00e1rios sobre as condi\u00e7\u00f5es gerais para acesso e consulta dos servi\u00e7os oferecidos pelo portal. O propriet\u00e1rio reserva-se o direito de modific\u00e1-las sem aviso pr\u00e9vio.<br>\n                    <\/p>\n                    <p>\n                        O acesso e uso desses servi\u00e7os por visitantes ou usu\u00e1rios implicam a aceita\u00e7\u00e3o plena e sem reservas dessas condi\u00e7\u00f5es gerais.\n                    <\/p><\/div>                    \n                    <\/div>\n                                    <div class=\"lawash-col-12\">       \n                        \n                           \n                            <h2 class=\"title-4\">\n                                Pol\u00edtica de Links\n                            <\/h2>\n                                                <div class=\"w-100\"><\/div>\n\n                        <div><p class=\"\">\n                        O Portal disponibiliza dispositivos t\u00e9cnicos de links aos usu\u00e1rios, permitindo o acesso a sites e p\u00e1ginas da web pertencentes ou gerenciadas por terceiros. A instala\u00e7\u00e3o desses links no Portal tem o objetivo de melhorar o conte\u00fado do site.\n                    <\/p>\n                    <p>\n                        O estabelecimento de um link n\u00e3o implica a exist\u00eancia de qualquer rela\u00e7\u00e3o entre o propriet\u00e1rio e o propriet\u00e1rio do site vinculado, nem implica a aprova\u00e7\u00e3o pelo propriet\u00e1rio de seu conte\u00fado e\/ou servi\u00e7os, sendo o propriet\u00e1rio do site vinculado o \u00fanico respons\u00e1vel por eles.\n                    <\/p>\n                    <p>Portanto, o usu\u00e1rio deve exercer extrema cautela na avalia\u00e7\u00e3o e uso das informa\u00e7\u00f5es, conte\u00fados e servi\u00e7os nos portais vinculados.\n                    <\/p>\n                    <p>\n                        Como resultado, o propriet\u00e1rio n\u00e3o assume nenhuma responsabilidade pelas informa\u00e7\u00f5es e servi\u00e7os que possam ser oferecidos por meio dessas p\u00e1ginas vinculadas.<\/p><\/div>                    \n                    <\/div>\n                                    <div class=\"lawash-col-12\">       \n                        \n                           \n                            <h2 class=\"title-4\">\n                                Direitos de Propriedade Intelectual e Industrial\n                            <\/h2>\n                                                <div class=\"w-100\"><\/div>\n\n                        <div><p class=\"\">Todo o conte\u00fado deste site, incluindo todos os seus elementos, em particular, software, textos, imagens (animadas ou n\u00e3o), conte\u00fado, marcas e logotipos, s\u00e3o propriedade privada e protegidos pelas Leis de Propriedade Intelectual e Industrial.<\/p><p>Em nenhum caso, o acesso ao portal implica ren\u00fancia ou transfer\u00eancia desses direitos, nem concede o direito de uso, reprodu\u00e7\u00e3o, distribui\u00e7\u00e3o, modifica\u00e7\u00e3o ou explora\u00e7\u00e3o sem o consentimento pr\u00e9vio por escrito do propriet\u00e1rio.<\/p><\/div>                    \n                    <\/div>\n                                    <div class=\"lawash-col-12\">       \n                        \n                           \n                            <h2 class=\"title-4\">\n                                Limita\u00e7\u00e3o de Responsabilidade\n                            <\/h2>\n                                                <div class=\"w-100\"><\/div>\n\n                        <div><p class=\"\">O propriet\u00e1rio declina qualquer responsabilidade por danos e preju\u00edzos que possam ser causados ao usu\u00e1rio devido a:<\/p><ul class=\"lawash-ul\"><li>A exist\u00eancia de erros no acesso ao Portal, em seu conte\u00fado ou \u00e0 falta de atualiza\u00e7\u00e3o do mesmo,<\/li><li>A presen\u00e7a de v\u00edrus ou outros elementos no site que possam causar altera\u00e7\u00f5es no sistema de computador do usu\u00e1rio,<\/li><li>A falta de disponibilidade e\/ou continuidade do portal ou dos servi\u00e7os oferecidos nele,<\/li><li>A transmiss\u00e3o de informa\u00e7\u00f5es pela Internet n\u00e3o sendo totalmente segura,<\/li><li>Conting\u00eancias na transmiss\u00e3o de informa\u00e7\u00f5es, como perda de dados ou acesso n\u00e3o autorizado.<\/li><\/ul><\/div>                    \n                    <\/div>\n                                    <div class=\"lawash-col-12\">       \n                        \n                           \n                            <h2 class=\"title-4\">\n                                Seguran\u00e7a\n                            <\/h2>\n                                                <div class=\"w-100\"><\/div>\n\n                        <div><p class=\"\">\n                        O propriet\u00e1rio implementou as medidas f\u00edsicas, t\u00e9cnicas e de gest\u00e3o necess\u00e1rias para manter o n\u00edvel de seguran\u00e7a exigido, de acordo com a natureza dos dados pessoais processados e as circunst\u00e2ncias do tratamento, com o objetivo de evitar, na medida do poss\u00edvel e sempre de acordo com o estado da arte, sua altera\u00e7\u00e3o, perda, processamento ou acesso n\u00e3o autorizado.\n                    <\/p><\/div>                    \n                    <\/div>\n                                    <div class=\"lawash-col-12\">       \n                        \n                           \n                            <h2 class=\"title-4\">\n                                Lei Aplic\u00e1vel. Jurisdi\u00e7\u00e3o Competente\n                            <\/h2>\n                                                <div class=\"w-100\"><\/div>\n\n                        <div><p class=\"\">As condi\u00e7\u00f5es gerais estabelecidas neste documento s\u00e3o regidas pela legisla\u00e7\u00e3o espanhola e est\u00e3o sujeitas \u00e0 jurisdi\u00e7\u00e3o correspondente ao propriet\u00e1rio.<\/p><\/div>                    \n                    <\/div>\n                            <\/div>\n        <\/div>\n<\/section>\n\t\t\t\t<\/div>\n\t\t\t\t<\/div>\n\t\t\t\t<div class=\"elementor-element elementor-element-be2d77e elementor-widget elementor-widget-global elementor-global-7093 elementor-widget-newsletter_widget\" data-id=\"be2d77e\" data-element_type=\"widget\" data-widget_type=\"newsletter_widget.default\">\n\t\t\t\t<div class=\"elementor-widget-container\">\n\t\t\t\t\t<div class=\"newsletter\">\n    <div class=\"lawash-container\">\n        <div class=\"lawash-row\">\n            <div class=\"lawash-col-6\">\n                <div class=\"d-flex flex-wrap align-items-center\">\n                    <h2 class=\"newsletter__title title-3\">Newsletter<\/h2>\n                    <h3 class=\"newsletter__paragraph\">\n                        Receba todas as promo\u00e7\u00f5es e novidades\n                    <\/h3>\n                <\/div>\n            <\/div>\n            <div class=\"lawash-col-6\">\n                <form id=\"js-newsletter-form\" class=\"d-flex flex-wrap align-items-end\">\n                    <input class=\"newsletter__input input-1 js-newsletter-email\" type=\"email\" placeholder=\"\" \/>\n                    <button type=\"submit\" class=\"newsletter__submit button-3\">Inscreva-se<\/button>\n                    <p class=\"newsletter__result newsletter__paragraph js-newsletter-result\"><\/p>\n                <\/form>\n            <\/div>\n        <\/div>\n    <\/div>\n<\/div>\n\t\t\t\t<\/div>\n\t\t\t\t<\/div>\n\t\t\t\t\t<\/div>\n\t\t<\/div>\n\t\t\t\t\t<\/div>\n\t\t<\/section>\n\t\t\t\t<\/div>\n\t\t","protected":false},"excerpt":{"rendered":"<p>Come\u00e7ar &nbsp;&#8211;&nbsp; Aviso legal Aviso legal Informa\u00e7\u00f5es de Identifica\u00e7\u00e3o De acordo com a Lei 34\/2002, de 11 de julho, sobre Servi\u00e7os da Sociedade da Informa\u00e7\u00e3o e Com\u00e9rcio Eletr\u00f4nico (LSSICE) e a Lei Org\u00e2nica 15\/1999, de 13 de dezembro, sobre Prote\u00e7\u00e3o de Dados Pessoais (LOPD), informamos aos usu\u00e1rios que www.lawash.es \u00e9 um dom\u00ednio e portal da &hellip; <a href=\"https:\/\/lawash.es\/pt-pt\/aviso-legal\/\">Continued<\/a><\/p>\n","protected":false},"author":1,"featured_media":0,"parent":0,"menu_order":0,"comment_status":"closed","ping_status":"closed","template":"template-elementor.blade.php","meta":{"_acf_changed":false,"inline_featured_image":false,"footnotes":""},"class_list":["post-5142","page","type-page","status-publish","hentry"],"acf":[],"yoast_head":"<!-- This site is optimized with the Yoast SEO plugin v24.4 - https:\/\/yoast.com\/wordpress\/plugins\/seo\/ -->\n<title>La Wash | Advert\u00eancia jur\u00eddica<\/title>\n<meta name=\"description\" content=\"Consulta as informa\u00e7\u00f5es relativas ao aviso legal da La Wash.\" \/>\n<meta name=\"robots\" content=\"noindex, nofollow\" \/>\n<meta property=\"og:locale\" content=\"pt_PT\" \/>\n<meta property=\"og:type\" content=\"article\" \/>\n<meta property=\"og:title\" content=\"La Wash | Advert\u00eancia jur\u00eddica\" \/>\n<meta property=\"og:description\" content=\"Consulta as informa\u00e7\u00f5es relativas ao aviso legal da La Wash.\" \/>\n<meta property=\"og:url\" content=\"https:\/\/lawash.es\/pt-pt\/aviso-legal\/\" \/>\n<meta property=\"og:site_name\" content=\"La Wash\" \/>\n<meta property=\"article:modified_time\" content=\"2024-10-18T04:46:54+00:00\" \/>\n<meta property=\"og:image\" content=\"https:\/\/lawash.es\/wp-content\/themes\/sage\/public\/img\/solicita-tu-factura.96a4ca.jpg\" \/>\n<meta name=\"twitter:card\" content=\"summary_large_image\" \/>\n<meta name=\"twitter:label1\" content=\"Tempo estimado de leitura\" \/>\n\t<meta name=\"twitter:data1\" content=\"3 minutos\" \/>\n<!-- \/ Yoast SEO plugin. -->","yoast_head_json":{"title":"La Wash | Advert\u00eancia jur\u00eddica","description":"Consulta as informa\u00e7\u00f5es relativas ao aviso legal da La Wash.","robots":{"index":"noindex","follow":"nofollow"},"og_locale":"pt_PT","og_type":"article","og_title":"La Wash | Advert\u00eancia jur\u00eddica","og_description":"Consulta as informa\u00e7\u00f5es relativas ao aviso legal da La Wash.","og_url":"https:\/\/lawash.es\/pt-pt\/aviso-legal\/","og_site_name":"La Wash","article_modified_time":"2024-10-18T04:46:54+00:00","og_image":[{"url":"https:\/\/lawash.es\/wp-content\/themes\/sage\/public\/img\/solicita-tu-factura.96a4ca.jpg","type":"","width":"","height":""}],"twitter_card":"summary_large_image","twitter_misc":{"Tempo estimado de leitura":"3 minutos"},"schema":{"@context":"https:\/\/schema.org","@graph":[{"@type":"WebPage","@id":"https:\/\/lawash.es\/pt-pt\/aviso-legal\/","url":"https:\/\/lawash.es\/pt-pt\/aviso-legal\/","name":"La Wash | Advert\u00eancia jur\u00eddica","isPartOf":{"@id":"https:\/\/lawash.es\/pt-pt\/#website"},"primaryImageOfPage":{"@id":"https:\/\/lawash.es\/pt-pt\/aviso-legal\/#primaryimage"},"image":{"@id":"https:\/\/lawash.es\/pt-pt\/aviso-legal\/#primaryimage"},"thumbnailUrl":"https:\/\/lawash.es\/wp-content\/themes\/sage\/public\/img\/solicita-tu-factura.96a4ca.jpg","datePublished":"2024-08-15T11:13:55+00:00","dateModified":"2024-10-18T04:46:54+00:00","description":"Consulta as informa\u00e7\u00f5es relativas ao aviso legal da La Wash.","breadcrumb":{"@id":"https:\/\/lawash.es\/pt-pt\/aviso-legal\/#breadcrumb"},"inLanguage":"pt-PT","potentialAction":[{"@type":"ReadAction","target":["https:\/\/lawash.es\/pt-pt\/aviso-legal\/"]}]},{"@type":"ImageObject","inLanguage":"pt-PT","@id":"https:\/\/lawash.es\/pt-pt\/aviso-legal\/#primaryimage","url":"https:\/\/lawash.es\/wp-content\/themes\/sage\/public\/img\/solicita-tu-factura.96a4ca.jpg","contentUrl":"https:\/\/lawash.es\/wp-content\/themes\/sage\/public\/img\/solicita-tu-factura.96a4ca.jpg"},{"@type":"BreadcrumbList","@id":"https:\/\/lawash.es\/pt-pt\/aviso-legal\/#breadcrumb","itemListElement":[{"@type":"ListItem","position":1,"name":"Portada","item":"https:\/\/lawash.es\/pt-pt\/"},{"@type":"ListItem","position":2,"name":"Aviso legal"}]},{"@type":"WebSite","@id":"https:\/\/lawash.es\/pt-pt\/#website","url":"https:\/\/lawash.es\/pt-pt\/","name":"La Wash","description":"Franquicia de lavander\u00edas autoservicio","potentialAction":[{"@type":"SearchAction","target":{"@type":"EntryPoint","urlTemplate":"https:\/\/lawash.es\/pt-pt\/?s={search_term_string}"},"query-input":{"@type":"PropertyValueSpecification","valueRequired":true,"valueName":"search_term_string"}}],"inLanguage":"pt-PT"}]}},"_links":{"self":[{"href":"https:\/\/lawash.es\/pt-pt\/wp-json\/wp\/v2\/pages\/5142","targetHints":{"allow":["GET"]}}],"collection":[{"href":"https:\/\/lawash.es\/pt-pt\/wp-json\/wp\/v2\/pages"}],"about":[{"href":"https:\/\/lawash.es\/pt-pt\/wp-json\/wp\/v2\/types\/page"}],"author":[{"embeddable":true,"href":"https:\/\/lawash.es\/pt-pt\/wp-json\/wp\/v2\/users\/1"}],"replies":[{"embeddable":true,"href":"https:\/\/lawash.es\/pt-pt\/wp-json\/wp\/v2\/comments?post=5142"}],"version-history":[{"count":0,"href":"https:\/\/lawash.es\/pt-pt\/wp-json\/wp\/v2\/pages\/5142\/revisions"}],"wp:attachment":[{"href":"https:\/\/lawash.es\/pt-pt\/wp-json\/wp\/v2\/media?parent=5142"}],"curies":[{"name":"wp","href":"https:\/\/api.w.org\/{rel}","templated":true}]}}