{"id":5149,"date":"2024-08-15T13:27:51","date_gmt":"2024-08-15T11:27:51","guid":{"rendered":"https:\/\/lawash.es\/lavandarias-perto-de-mim\/"},"modified":"2025-02-19T23:39:52","modified_gmt":"2025-02-19T22:39:52","slug":"lavandarias-perto-de-mim","status":"publish","type":"page","link":"https:\/\/lawash.es\/pt-pt\/lavanderias-perto-de-voce\/","title":{"rendered":"Lavandarias perto de si"},"content":{"rendered":"","protected":false},"excerpt":{"rendered":"","protected":false},"author":1,"featured_media":0,"parent":0,"menu_order":0,"comment_status":"closed","ping_status":"closed","template":"template-elementor-lavanderias-mapa-buscador.blade.php","meta":{"_acf_changed":false,"inline_featured_image":false,"footnotes":""},"class_list":["post-5149","page","type-page","status-publish","hentry"],"acf":[],"yoast_head":"<!-- This site is optimized with the Yoast SEO plugin v24.4 - https:\/\/yoast.com\/wordpress\/plugins\/seo\/ -->\n<title>Lavandaria perto de mim | Localiza\u00e7\u00f5es La Wash<\/title>\n<meta name=\"description\" content=\"Encontra a lavandaria self-service La Wash mais pr\u00f3xima de ti e desfruta de uma lavagem de roupa r\u00e1pida, econ\u00f3mica e amiga do ambiente.\" \/>\n<meta name=\"robots\" content=\"index, follow, max-snippet:-1, max-image-preview:large, max-video-preview:-1\" \/>\n<link rel=\"canonical\" href=\"https:\/\/lawash.es\/pt-pt\/lavanderias-perto-de-voce\/\" \/>\n<meta property=\"og:locale\" content=\"pt_PT\" \/>\n<meta property=\"og:type\" content=\"article\" \/>\n<meta property=\"og:title\" content=\"Lavandaria perto de mim | Localiza\u00e7\u00f5es La Wash\" \/>\n<meta property=\"og:description\" content=\"Encontra a lavandaria self-service La Wash mais pr\u00f3xima de ti e desfruta de uma lavagem de roupa r\u00e1pida, econ\u00f3mica e amiga do ambiente.\" \/>\n<meta property=\"og:url\" content=\"https:\/\/lawash.es\/pt-pt\/lavanderias-perto-de-voce\/\" \/>\n<meta property=\"og:site_name\" content=\"La Wash\" \/>\n<meta property=\"article:modified_time\" content=\"2025-02-19T22:39:52+00:00\" \/>\n<meta name=\"twitter:card\" content=\"summary_large_image\" \/>\n<!-- \/ Yoast SEO plugin. -->","yoast_head_json":{"title":"Lavandaria perto de mim | Localiza\u00e7\u00f5es La Wash","description":"Encontra a lavandaria self-service La Wash mais pr\u00f3xima de ti e desfruta de uma lavagem de roupa r\u00e1pida, econ\u00f3mica e amiga do ambiente.","robots":{"index":"index","follow":"follow","max-snippet":"max-snippet:-1","max-image-preview":"max-image-preview:large","max-video-preview":"max-video-preview:-1"},"canonical":"https:\/\/lawash.es\/pt-pt\/lavanderias-perto-de-voce\/","og_locale":"pt_PT","og_type":"article","og_title":"Lavandaria perto de mim | Localiza\u00e7\u00f5es La Wash","og_description":"Encontra a lavandaria self-service La Wash mais pr\u00f3xima de ti e desfruta de uma lavagem de roupa r\u00e1pida, econ\u00f3mica e amiga do ambiente.","og_url":"https:\/\/lawash.es\/pt-pt\/lavanderias-perto-de-voce\/","og_site_name":"La Wash","article_modified_time":"2025-02-19T22:39:52+00:00","twitter_card":"summary_large_image","schema":{"@context":"https:\/\/schema.org","@graph":[{"@type":"WebPage","@id":"https:\/\/lawash.es\/pt-pt\/lavanderias-perto-de-voce\/","url":"https:\/\/lawash.es\/pt-pt\/lavanderias-perto-de-voce\/","name":"Lavandaria perto de mim | Localiza\u00e7\u00f5es La Wash","isPartOf":{"@id":"https:\/\/lawash.es\/pt-pt\/#website"},"datePublished":"2024-08-15T11:27:51+00:00","dateModified":"2025-02-19T22:39:52+00:00","description":"Encontra a lavandaria self-service La Wash mais pr\u00f3xima de ti e desfruta de uma lavagem de roupa r\u00e1pida, econ\u00f3mica e amiga do ambiente.","breadcrumb":{"@id":"https:\/\/lawash.es\/pt-pt\/lavanderias-perto-de-voce\/#breadcrumb"},"inLanguage":"pt-PT","potentialAction":[{"@type":"ReadAction","target":["https:\/\/lawash.es\/pt-pt\/lavanderias-perto-de-voce\/"]}]},{"@type":"BreadcrumbList","@id":"https:\/\/lawash.es\/pt-pt\/lavanderias-perto-de-voce\/#breadcrumb","itemListElement":[{"@type":"ListItem","position":1,"name":"Portada","item":"https:\/\/lawash.es\/pt-pt\/"},{"@type":"ListItem","position":2,"name":"Lavandarias perto de si"}]},{"@type":"WebSite","@id":"https:\/\/lawash.es\/pt-pt\/#website","url":"https:\/\/lawash.es\/pt-pt\/","name":"La Wash","description":"Franquicia de lavander\u00edas autoservicio","potentialAction":[{"@type":"SearchAction","target":{"@type":"EntryPoint","urlTemplate":"https:\/\/lawash.es\/pt-pt\/?s={search_term_string}"},"query-input":{"@type":"PropertyValueSpecification","valueRequired":true,"valueName":"search_term_string"}}],"inLanguage":"pt-PT"}]}},"_links":{"self":[{"href":"https:\/\/lawash.es\/pt-pt\/wp-json\/wp\/v2\/pages\/5149","targetHints":{"allow":["GET"]}}],"collection":[{"href":"https:\/\/lawash.es\/pt-pt\/wp-json\/wp\/v2\/pages"}],"about":[{"href":"https:\/\/lawash.es\/pt-pt\/wp-json\/wp\/v2\/types\/page"}],"author":[{"embeddable":true,"href":"https:\/\/lawash.es\/pt-pt\/wp-json\/wp\/v2\/users\/1"}],"replies":[{"embeddable":true,"href":"https:\/\/lawash.es\/pt-pt\/wp-json\/wp\/v2\/comments?post=5149"}],"version-history":[{"count":0,"href":"https:\/\/lawash.es\/pt-pt\/wp-json\/wp\/v2\/pages\/5149\/revisions"}],"wp:attachment":[{"href":"https:\/\/lawash.es\/pt-pt\/wp-json\/wp\/v2\/media?parent=5149"}],"curies":[{"name":"wp","href":"https:\/\/api.w.org\/{rel}","templated":true}]}}