{"id":5151,"date":"2024-08-15T13:23:05","date_gmt":"2024-08-15T11:23:05","guid":{"rendered":"https:\/\/lawash.es\/cria-a-tua-franquia\/franquia-de-lavandaria-modular\/"},"modified":"2025-10-15T12:57:21","modified_gmt":"2025-10-15T10:57:21","slug":"franchising-de-lavandaria-modular","status":"publish","type":"page","link":"https:\/\/lawash.es\/pt-pt\/crie-o-seu-negocio\/la-wash-modular\/","title":{"rendered":"Franchising de lavandaria modular"},"content":{"rendered":"\t\t<div data-elementor-type=\"wp-page\" data-elementor-id=\"5151\" class=\"elementor elementor-5151 elementor-30\" data-elementor-post-type=\"page\">\n\t\t\t\t\t\t<section class=\"elementor-section elementor-top-section elementor-element elementor-element-7defb3b elementor-section-boxed elementor-section-height-default elementor-section-height-default\" data-id=\"7defb3b\" data-element_type=\"section\">\n\t\t\t\t\t\t<div class=\"elementor-container elementor-column-gap-default\">\n\t\t\t\t\t<div class=\"elementor-column elementor-col-100 elementor-top-column elementor-element elementor-element-cf33c61\" data-id=\"cf33c61\" data-element_type=\"column\">\n\t\t\t<div class=\"elementor-widget-wrap elementor-element-populated\">\n\t\t\t\t\t\t<div class=\"elementor-element elementor-element-1da8cd1 elementor-widget elementor-widget-header_widget\" data-id=\"1da8cd1\" data-element_type=\"widget\" data-widget_type=\"header_widget.default\">\n\t\t\t\t<div class=\"elementor-widget-container\">\n\t\t\t\t\t<section class=\"hero-section js-hero-section home  no-disclaimer\">\n    <img decoding=\"async\" alt=\"\" class=\"background-image\" src=\"https:\/\/lawash.es\/wp-content\/uploads\/2024\/10\/lavanderia-go.7eb8ac-1.jpg\" \/>\n    <div class=\"background-gradient\"><\/div>\n        <div class=\"lawash-container hero-container\">\n        <div class=\"hero-info \">\n\n                            <div class=\"hero-info__breadcrumbs breadcrumbs\">\n    <a href=\"https:\/\/lawash.es\/pt-pt\/\" title=\"Come\u00e7ar\" class=\"hero-info__breadcrumb-link breadcrumb-link\">Come\u00e7ar<\/a>\n    <span class=\"hero-info__breadcrumb-divider breadcrumb-divider\">&nbsp;-&nbsp;<\/span>\n                        \n                <a title=\"Abra o seu franchising de lavandaria\" href=\"https:\/\/lawash.es\/franquicia-lavanderia-autoservicio\/\" class=\"hero-info__breadcrumb-link breadcrumb-link\">Abra o seu franchising de lavandaria<\/a>\n                <span class=\"hero-info__breadcrumb-divider breadcrumb-divider\">&nbsp;-&nbsp;<\/span>\n                                \n                <a title=\"Lavandaria GO\" href=\"https:\/\/lawash.es\/franquicia-lavanderia-autoservicio\/go-modular\/\" class=\"hero-info__breadcrumb-link breadcrumb-link\">Lavandaria GO<\/a>\n            <\/div>\n            \n                            <h1 class=\"hero-info__pretitle title-4\">Franchising de lavandaria modular<\/h1>\n                <h2 class=\"hero-info__title title-1\">\n                    <span class=\"custom-text-highlight custom-text-highlight-3\"> Monte uma La Wash GO em<\/span>\n            <span class=\"custom-highlight custom-underline-4\">\n              <img decoding=\"async\" alt=\"\" class=\"custom-highlight__img\" src=\"https:\/\/lawash.es\/wp-content\/themes\/sage\/public\/img\/custom-underline-1.8cb80b.svg\" \/>\n              <span class=\"custom-highlight__text\">qualquer lugar<\/span>\n            <\/span>\n            <span class=\"custom-text-highlight custom-text-highlight-3\"><\/span>\n        \n                <\/h2>\n            \n\n            \n\n            \n                            <div class=\"\">\n                                                                    <a title=\" Descobrir o modelo GO\" class=\"hero-info__button button-1\"\n                            href=\"https:\/\/lawash.es\/pt-pt\/crie-o-seu-negocio\/la-wash-modular\/\"> Descobrir o modelo GO<\/a>\n                                    <\/div>\n                    <\/div>\n    <\/div>\n<\/section>\n\t\t\t\t<\/div>\n\t\t\t\t<\/div>\n\t\t\t\t<div class=\"elementor-element elementor-element-fcc911e elementor-widget elementor-widget-banner_only_text_widget\" data-id=\"fcc911e\" data-element_type=\"widget\" data-widget_type=\"banner_only_text_widget.default\">\n\t\t\t\t<div class=\"elementor-widget-container\">\n\t\t\t\t\t<section\n  class=\"section-centered-cols investors-section background-lightgrey election-section--background-white\"\n\n  >\n  <div class=\"lawash-container\">\n    <div class=\"lawash-row\">\n      <div class=\"lawash-col-12\">\n                  <p class=\"section-auto-cols__pretitle title-4\">\n                          <span class=\"custom-text-highlight custom-text-highlight-5\"> Franchising La Wash<\/span>\n            <span class=\"custom-highlight custom-underline-2\">\n              <img decoding=\"async\" alt=\"\" class=\"custom-highlight__img\" src=\"https:\/\/lawash.es\/wp-content\/themes\/sage\/public\/img\/custom-underline-2.60c284.svg\" \/>\n              <span class=\"custom-highlight__text\">GO<\/span>\n            <\/span>\n            <span class=\"custom-text-highlight custom-text-highlight-5\"><\/span>\n        \n                      <\/p>\n        \n        <h2 class=\"section-auto-cols__title title-2\">\n                      100% self-service\n                  <\/h2>\n      <\/div>\n      <div class=\"lawash-col-auto\">\n        <p class=\"section-auto-cols__paragraph\">\n          A La Wash GO oferece-lhe a possibilidade de instalar m\u00f3dulos de lavandaria em diversas localiza\u00e7\u00f5es. Expanda o seu neg\u00f3cio gradualmente, adicionando m\u00f3dulos sem necessidade de um grande investimento inicial.<br><br>Ideal para locais com grande fluxo de p\u00fablico, como supermercados, centros comerciais ou hipermercados, at\u00e9 locais mais remotos, como postos de combust\u00edvel, portos, esta\u00e7\u00f5es de esqui ou glampings.\n        <\/p>\n\n              <\/div>\n\n\n    <\/div>\n  <\/div>\n<\/section>\n\t\t\t\t<\/div>\n\t\t\t\t<\/div>\n\t\t\t\t<div class=\"elementor-element elementor-element-31d191a elementor-widget elementor-widget-text_boxes_widget\" data-id=\"31d191a\" data-element_type=\"widget\" data-widget_type=\"text_boxes_widget.default\">\n\t\t\t\t<div class=\"elementor-widget-container\">\n\t\t\t\t\t<section class=\"section-centered-cols election-section\">\n  <div class=\"lawash-container\">\n    <div class=\"lawash-row\">\n      <div class=\"lawash-col-12\">\n        <h2 class=\"section-auto-cols__title title-2\">          \n          <span class=\"custom-text-highlight custom-text-highlight-5\"> Vantagens do<br><\/span>\n            <span class=\"custom-highlight custom-underline-1\">\n              <img decoding=\"async\" alt=\"\" class=\"custom-highlight__img\" src=\"https:\/\/lawash.es\/wp-content\/themes\/sage\/public\/img\/custom-underline-4.9ff3ef.svg\" \/>\n              <span class=\"custom-highlight__text\">modelo go<\/span>\n            <\/span>\n            <span class=\"custom-text-highlight custom-text-highlight-5\"><\/span>\n        \n        <\/h2>\n      <\/div>\n          <\/div>\n        <div class=\"lawash-row pill-box-row\">\n              <div class=\"lawash-col-3\">\n  <div class=\"pill-box\">\n    <h3 class=\"pill-box__title title-4\">Flexibilidade e Escalabilidade<\/h3>\n    <p class=\"pill-box__paragraph paragraph-1\">Instala\u00e7\u00e3o r\u00e1pida e expans\u00e3o f\u00e1cil. Os m\u00f3dulos adaptam-se a qualquer espa\u00e7o e crescem com a procura.<\/p>\n  <\/div>\n<\/div>\n              <div class=\"lawash-col-3\">\n  <div class=\"pill-box\">\n    <h3 class=\"pill-box__title title-4\">Gest\u00e3o Simplificada<\/h3>\n    <p class=\"pill-box__paragraph paragraph-1\">Opera\u00e7\u00e3o aut\u00f3noma com controlo remoto. Poupe tempo e ganhe liberdade na gest\u00e3o di\u00e1ria.<\/p>\n  <\/div>\n<\/div>\n              <div class=\"lawash-col-3\">\n  <div class=\"pill-box\">\n    <h3 class=\"pill-box__title title-4\">Investimento Acess\u00edvel<\/h3>\n    <p class=\"pill-box__paragraph paragraph-1\">Entrada com baixo custo inicial e possibilidade de crescimento progressivo conforme os resultados.<\/p>\n  <\/div>\n<\/div>\n              <div class=\"lawash-col-3\">\n  <div class=\"pill-box\">\n    <h3 class=\"pill-box__title title-4\">Sustentabilidade e Modernidade<\/h3>\n    <p class=\"pill-box__paragraph paragraph-1\">Equipamentos eficientes e ecol\u00f3gicos, com baixo consumo e tecnologia de ponta para um futuro mais verde.<\/p>\n  <\/div>\n<\/div>\n          <\/div>\n      <\/div>\n<\/section>\n\t\t\t\t<\/div>\n\t\t\t\t<\/div>\n\t\t\t\t<div class=\"elementor-element elementor-element-eb6f7e4 elementor-widget elementor-widget-title_with_arrow_widget\" data-id=\"eb6f7e4\" data-element_type=\"widget\" data-widget_type=\"title_with_arrow_widget.default\">\n\t\t\t\t<div class=\"elementor-widget-container\">\n\t\t\t\t\t<section class=\"section-centered-cols\">\n  <div class=\"lawash-full-container solution-section pr-2 pl-2\">\n    <div class=\"lawash-row\">\n      <div class=\"lawash-col-12\">\n        <h2 class=\"section-auto-cols__title title-2\">\n          \n            <span class=\"custom-highlight custom-underline-1\">\n              <img decoding=\"async\" alt=\"\" class=\"custom-highlight__img\" src=\"https:\/\/lawash.es\/wp-content\/themes\/sage\/public\/img\/custom-underline-4.9ff3ef.svg\" \/>\n              <span class=\"custom-highlight__text\">Escolha<\/span>\n            <\/span>\n            <span class=\"custom-text-highlight custom-text-highlight-5\">o seu modelo de<br>lavandaria self-service<\/span>\n        \n        <\/h2>\n                  <p class=\"section-auto-cols__paragraph section-auto-cols__paragraph--centered paragraph-3\">\n            Extraia a m\u00e1xima rentabilidade em fun\u00e7\u00e3o da localiza\u00e7\u00e3o e do perfil do cliente.\n          <\/p>\n              <\/div>\n    <\/div>\n    <div class=\"lawash-row\">\n      <div class=\"lawash-col-12\">\n        <div class=\"d-flex justify-content-center arrow-down\">\n          <img decoding=\"async\" alt=\"\" src=\"https:\/\/lawash.es\/wp-content\/themes\/sage\/public\/img\/blue-arrow-down.5dbce7.svg\" \/>\n        <\/div>\n      <\/div>\n    <\/div>\n  <\/div>\n<\/section>\n\t\t\t\t<\/div>\n\t\t\t\t<\/div>\n\t\t\t\t<div class=\"elementor-element elementor-element-d3e6aa1 elementor-widget elementor-widget-image_with_text_widget\" data-id=\"d3e6aa1\" data-element_type=\"widget\" data-widget_type=\"image_with_text_widget.default\">\n\t\t\t\t<div class=\"elementor-widget-container\">\n\t\t\t\t\t<section class=\"section-2-cols section-2-cols--full lawash-modulos-section \">\n\t<img decoding=\"async\" alt=\"\" class=\"section-2-cols__img-background\" src=\"https:\/\/lawash.es\/wp-content\/uploads\/2024\/10\/module-box.f72537-1.jpg\" \/>\n\t<div class=\"lawash-container\">\n\t\t<div class=\"lawash-row\">\n\t\t\t<div class=\"lawash-col-6\">\n\t\t\t\t<div class=\"section-2-cols__info\">\n\n\t\t\t\t\t\t\t\t\t\t\t\t\t\t\t\t\t<h3 class=\"section-2-cols__pretitle title-4\">\n\t\t\t\t\t\t\tGO\n\t\t\t\t\t\t<\/h3>\n\t\t\t\t\t\t\t\t\t\t\t\n\t\t\t\t\t<h2 class=\"section-2-cols__title title-2\">Formato vers\u00e1til que se adapta a qualquer espa\u00e7o.<\/h2>\n\t\t\t\t\t<div class=\"w-100\"><\/div>\n\n\t\t\t\t\t\n\t\t\t\t\t\t\t\t\t\t<div class=\"section-2-cols__buttons\">\n\t\t\t\t\t\t\t\t\t\t\t\t\t\t\t\t\t\t\t\t<a title=\"Solicite informa\u00e7ao\" href=\"https:\/\/lawash.es\/contacto\/\" class=\"button-1\" >\n  Solicite informa\u00e7ao\n<\/a>\n\t\t\t\t\t\t\t\t\t\t\t<\/div>\n\t\t\t\t\t\t\t\t\t<\/div>\n\t\t\t<\/div>\n\t\t<\/div>\n\t<\/div>\n<\/section>\t\t\t\t<\/div>\n\t\t\t\t<\/div>\n\t\t\t\t<div class=\"elementor-element elementor-element-4a09e6e elementor-widget elementor-widget-image_with_text_widget\" data-id=\"4a09e6e\" data-element_type=\"widget\" data-widget_type=\"image_with_text_widget.default\">\n\t\t\t\t<div class=\"elementor-widget-container\">\n\t\t\t\t\t<section class=\"section-2-cols section-2-cols--full lawash-modulos-section section-2-cols--inverse\">\n\t<img decoding=\"async\" alt=\"\" class=\"section-2-cols__img-background\" src=\"https:\/\/lawash.es\/wp-content\/uploads\/2024\/10\/premium-2.285a63-1.jpg\" \/>\n\t<div class=\"lawash-container\">\n\t\t<div class=\"lawash-row\">\n\t\t\t<div class=\"lawash-col-6\">\n\t\t\t\t<div class=\"section-2-cols__info\">\n\n\t\t\t\t\t\t\t\t\t\t\t\t\t\t\t\t\t<h3 class=\"section-2-cols__pretitle title-4\">\n\t\t\t\t\t\t\tGO MAX\n\t\t\t\t\t\t<\/h3>\n\t\t\t\t\t\t\t\t\t\t\t\n\t\t\t\t\t<h2 class=\"section-2-cols__title title-2\">Maior. <br\/> Mais flex\u00edvel.<\/h2>\n\t\t\t\t\t<div class=\"w-100\"><\/div>\n\n\t\t\t\t\t\n\t\t\t\t\t\t\t\t\t\t<div class=\"section-2-cols__buttons\">\n\t\t\t\t\t\t\t\t\t\t\t\t\t\t\t\t\t\t\t\t<a title=\"Solicite informa\u00e7\u00e3o\" href=\"https:\/\/lawash.es\/contacto\/\" class=\"button-1\" >\n  Solicite informa\u00e7\u00e3o\n<\/a>\n\t\t\t\t\t\t\t\t\t\t\t<\/div>\n\t\t\t\t\t\t\t\t\t<\/div>\n\t\t\t<\/div>\n\t\t<\/div>\n\t<\/div>\n<\/section>\t\t\t\t<\/div>\n\t\t\t\t<\/div>\n\t\t\t\t<div class=\"elementor-element elementor-element-805a3e3 elementor-widget elementor-widget-image_with_text_widget\" data-id=\"805a3e3\" data-element_type=\"widget\" data-widget_type=\"image_with_text_widget.default\">\n\t\t\t\t<div class=\"elementor-widget-container\">\n\t\t\t\t\t<section class=\"section-2-cols section-2-cols--full lawash-modulos-section \">\n\t<img decoding=\"async\" alt=\"\" class=\"section-2-cols__img-background\" src=\"https:\/\/lawash.es\/wp-content\/uploads\/2024\/10\/module-box-personalizable.6bb772-1.jpg\" \/>\n\t<div class=\"lawash-container\">\n\t\t<div class=\"lawash-row\">\n\t\t\t<div class=\"lawash-col-6\">\n\t\t\t\t<div class=\"section-2-cols__info\">\n\n\t\t\t\t\t\t\t\t\t\t\t\t\t\t\t\t\t<h3 class=\"section-2-cols__pretitle title-4\">\n\t\t\t\t\t\t\tGO Custom\n\t\t\t\t\t\t<\/h3>\n\t\t\t\t\t\t\t\t\t\t\t\n\t\t\t\t\t<h2 class=\"section-2-cols__title title-2\">Op\u00e7\u00e3o mais <br\/> exclusiva, <br\/> 100% personaliz\u00e1vel<\/h2>\n\t\t\t\t\t<div class=\"w-100\"><\/div>\n\n\t\t\t\t\t\n\t\t\t\t\t\t\t\t\t\t<div class=\"section-2-cols__buttons\">\n\t\t\t\t\t\t\t\t\t\t\t\t\t\t\t\t\t\t\t\t<a title=\"Solicite informa\u00e7\u00e3o\" href=\"https:\/\/lawash.es\/contacto\/\" class=\"button-1\" >\n  Solicite informa\u00e7\u00e3o\n<\/a>\n\t\t\t\t\t\t\t\t\t\t\t<\/div>\n\t\t\t\t\t\t\t\t\t<\/div>\n\t\t\t<\/div>\n\t\t<\/div>\n\t<\/div>\n<\/section>\t\t\t\t<\/div>\n\t\t\t\t<\/div>\n\t\t\t\t<div class=\"elementor-element elementor-element-47b15d1 elementor-widget elementor-widget-banner_title_description_button_widget\" data-id=\"47b15d1\" data-element_type=\"widget\" data-widget_type=\"banner_title_description_button_widget.default\">\n\t\t\t\t<div class=\"elementor-widget-container\">\n\t\t\t\t\t<section class=\"section-centered-cols franquicia-section\">\n    <img decoding=\"async\" alt=\"\" class=\"background-image\" src=\"https:\/\/lawash.es\/wp-content\/uploads\/2024\/10\/crea-tu-franquicia.8bf25b-1.jpg\">\n    <div class=\"lawash-container\">\n        <div class=\"lawash-row\">\n            <div class=\"lawash-col-12\">\n                                <h2 class=\"franquicia-section__title title-1\" >\n                    Pronto para lan\u00e7ar a sua La Wash GO?\n                <\/h2>\n            <\/div>\n                            <div class=\"lawash-col-auto\">\n                    <p class=\"franquicia-section__paragraph paragraph-2\">\n                    Transforme qualquer espa\u00e7o num neg\u00f3cio rent\u00e1vel. N\u00f3s tratamos de tudo consigo.\n                    <\/p>\n                <\/div>\n                        \n                            <div class=\"lawash-col-12\">\n                    <div class=\"section-centered-cols__buttons\">\n                                                                                <a title=\"Quero abrir a minha GO\" href=\"https:\/\/lawash.es\/contacto\/\" class=\"button-1\" >\n  Quero abrir a minha GO\n<\/a>\n                                            <\/div>\n                <\/div>\n                    <\/div>\n    <\/div>\n<\/section>\n\t\t\t\t<\/div>\n\t\t\t\t<\/div>\n\t\t\t\t\t<\/div>\n\t\t<\/div>\n\t\t\t\t\t<\/div>\n\t\t<\/section>\n\t\t\t\t<\/div>\n\t\t","protected":false},"excerpt":{"rendered":"<p>Come\u00e7ar &nbsp;&#8211;&nbsp; Abra o seu franchising de lavandaria &nbsp;&#8211;&nbsp; Lavandaria GO Franchising de lavandaria modular Monte uma La Wash GO em qualquer lugar Descobrir o modelo GO Franchising La Wash GO 100% self-service A La Wash GO oferece-lhe a possibilidade de instalar m\u00f3dulos de lavandaria em diversas localiza\u00e7\u00f5es. Expanda o seu neg\u00f3cio gradualmente, adicionando m\u00f3dulos &hellip; <a href=\"https:\/\/lawash.es\/pt-pt\/crie-o-seu-negocio\/la-wash-modular\/\">Continued<\/a><\/p>\n","protected":false},"author":1,"featured_media":0,"parent":5150,"menu_order":0,"comment_status":"closed","ping_status":"closed","template":"template-elementor.blade.php","meta":{"_acf_changed":false,"inline_featured_image":false,"footnotes":""},"class_list":["post-5151","page","type-page","status-publish","hentry"],"acf":[],"yoast_head":"<!-- This site is optimized with the Yoast SEO plugin v24.4 - https:\/\/yoast.com\/wordpress\/plugins\/seo\/ -->\n<title>Abre uma lavandaria self-service | La Wash Modular Franchise<\/title>\n<meta name=\"description\" content=\"Come\u00e7a o teu neg\u00f3cio com o franchising Modular La Wash. Flexibilidade e efici\u00eancia em lavandarias self-service inovadoras.\" \/>\n<meta name=\"robots\" content=\"index, follow, max-snippet:-1, max-image-preview:large, max-video-preview:-1\" \/>\n<link rel=\"canonical\" href=\"https:\/\/lawash.es\/pt-pt\/crie-o-seu-negocio\/la-wash-modular\/\" \/>\n<meta property=\"og:locale\" content=\"pt_PT\" \/>\n<meta property=\"og:type\" content=\"article\" \/>\n<meta property=\"og:title\" content=\"Abre uma lavandaria self-service | La Wash Modular Franchise\" \/>\n<meta property=\"og:description\" content=\"Come\u00e7a o teu neg\u00f3cio com o franchising Modular La Wash. Flexibilidade e efici\u00eancia em lavandarias self-service inovadoras.\" \/>\n<meta property=\"og:url\" content=\"https:\/\/lawash.es\/pt-pt\/crie-o-seu-negocio\/la-wash-modular\/\" \/>\n<meta property=\"og:site_name\" content=\"La Wash\" \/>\n<meta property=\"article:modified_time\" content=\"2025-10-15T10:57:21+00:00\" \/>\n<meta property=\"og:image\" content=\"https:\/\/lawash.es\/wp-content\/uploads\/2024\/10\/lavanderia-go.7eb8ac-1.jpg\" \/>\n<meta name=\"twitter:card\" content=\"summary_large_image\" \/>\n<meta name=\"twitter:label1\" content=\"Tempo estimado de leitura\" \/>\n\t<meta name=\"twitter:data1\" content=\"4 minutos\" \/>\n<!-- \/ Yoast SEO plugin. -->","yoast_head_json":{"title":"Abre uma lavandaria self-service | La Wash Modular Franchise","description":"Come\u00e7a o teu neg\u00f3cio com o franchising Modular La Wash. Flexibilidade e efici\u00eancia em lavandarias self-service inovadoras.","robots":{"index":"index","follow":"follow","max-snippet":"max-snippet:-1","max-image-preview":"max-image-preview:large","max-video-preview":"max-video-preview:-1"},"canonical":"https:\/\/lawash.es\/pt-pt\/crie-o-seu-negocio\/la-wash-modular\/","og_locale":"pt_PT","og_type":"article","og_title":"Abre uma lavandaria self-service | La Wash Modular Franchise","og_description":"Come\u00e7a o teu neg\u00f3cio com o franchising Modular La Wash. Flexibilidade e efici\u00eancia em lavandarias self-service inovadoras.","og_url":"https:\/\/lawash.es\/pt-pt\/crie-o-seu-negocio\/la-wash-modular\/","og_site_name":"La Wash","article_modified_time":"2025-10-15T10:57:21+00:00","og_image":[{"url":"https:\/\/lawash.es\/wp-content\/uploads\/2024\/10\/lavanderia-go.7eb8ac-1.jpg","type":"","width":"","height":""}],"twitter_card":"summary_large_image","twitter_misc":{"Tempo estimado de leitura":"4 minutos"},"schema":{"@context":"https:\/\/schema.org","@graph":[{"@type":"WebPage","@id":"https:\/\/lawash.es\/pt-pt\/crie-o-seu-negocio\/la-wash-modular\/","url":"https:\/\/lawash.es\/pt-pt\/crie-o-seu-negocio\/la-wash-modular\/","name":"Abre uma lavandaria self-service | La Wash Modular Franchise","isPartOf":{"@id":"https:\/\/lawash.es\/pt-pt\/#website"},"primaryImageOfPage":{"@id":"https:\/\/lawash.es\/pt-pt\/crie-o-seu-negocio\/la-wash-modular\/#primaryimage"},"image":{"@id":"https:\/\/lawash.es\/pt-pt\/crie-o-seu-negocio\/la-wash-modular\/#primaryimage"},"thumbnailUrl":"https:\/\/lawash.es\/wp-content\/uploads\/2024\/10\/lavanderia-go.7eb8ac-1.jpg","datePublished":"2024-08-15T11:23:05+00:00","dateModified":"2025-10-15T10:57:21+00:00","description":"Come\u00e7a o teu neg\u00f3cio com o franchising Modular La Wash. Flexibilidade e efici\u00eancia em lavandarias self-service inovadoras.","breadcrumb":{"@id":"https:\/\/lawash.es\/pt-pt\/crie-o-seu-negocio\/la-wash-modular\/#breadcrumb"},"inLanguage":"pt-PT","potentialAction":[{"@type":"ReadAction","target":["https:\/\/lawash.es\/pt-pt\/crie-o-seu-negocio\/la-wash-modular\/"]}]},{"@type":"ImageObject","inLanguage":"pt-PT","@id":"https:\/\/lawash.es\/pt-pt\/crie-o-seu-negocio\/la-wash-modular\/#primaryimage","url":"https:\/\/lawash.es\/wp-content\/uploads\/2024\/10\/lavanderia-go.7eb8ac-1.jpg","contentUrl":"https:\/\/lawash.es\/wp-content\/uploads\/2024\/10\/lavanderia-go.7eb8ac-1.jpg"},{"@type":"BreadcrumbList","@id":"https:\/\/lawash.es\/pt-pt\/crie-o-seu-negocio\/la-wash-modular\/#breadcrumb","itemListElement":[{"@type":"ListItem","position":1,"name":"Portada","item":"https:\/\/lawash.es\/pt-pt\/"},{"@type":"ListItem","position":2,"name":"Abra a sua lavandaria La Wash","item":"https:\/\/lawash.es\/pt-pt\/crie-o-seu-negocio\/"},{"@type":"ListItem","position":3,"name":"Franchising de lavandaria modular"}]},{"@type":"WebSite","@id":"https:\/\/lawash.es\/pt-pt\/#website","url":"https:\/\/lawash.es\/pt-pt\/","name":"La Wash","description":"Franquicia de lavander\u00edas autoservicio","potentialAction":[{"@type":"SearchAction","target":{"@type":"EntryPoint","urlTemplate":"https:\/\/lawash.es\/pt-pt\/?s={search_term_string}"},"query-input":{"@type":"PropertyValueSpecification","valueRequired":true,"valueName":"search_term_string"}}],"inLanguage":"pt-PT"}]}},"_links":{"self":[{"href":"https:\/\/lawash.es\/pt-pt\/wp-json\/wp\/v2\/pages\/5151","targetHints":{"allow":["GET"]}}],"collection":[{"href":"https:\/\/lawash.es\/pt-pt\/wp-json\/wp\/v2\/pages"}],"about":[{"href":"https:\/\/lawash.es\/pt-pt\/wp-json\/wp\/v2\/types\/page"}],"author":[{"embeddable":true,"href":"https:\/\/lawash.es\/pt-pt\/wp-json\/wp\/v2\/users\/1"}],"replies":[{"embeddable":true,"href":"https:\/\/lawash.es\/pt-pt\/wp-json\/wp\/v2\/comments?post=5151"}],"version-history":[{"count":0,"href":"https:\/\/lawash.es\/pt-pt\/wp-json\/wp\/v2\/pages\/5151\/revisions"}],"up":[{"embeddable":true,"href":"https:\/\/lawash.es\/pt-pt\/wp-json\/wp\/v2\/pages\/5150"}],"wp:attachment":[{"href":"https:\/\/lawash.es\/pt-pt\/wp-json\/wp\/v2\/media?parent=5151"}],"curies":[{"name":"wp","href":"https:\/\/api.w.org\/{rel}","templated":true}]}}