{"id":5152,"date":"2024-08-15T13:26:51","date_gmt":"2024-08-15T11:26:51","guid":{"rendered":"https:\/\/lawash.es\/cria-a-tua-franquia\/lavanderia-core\/"},"modified":"2025-10-15T19:42:27","modified_gmt":"2025-10-15T17:42:27","slug":"lavandaria-core","status":"publish","type":"page","link":"https:\/\/lawash.es\/pt-pt\/crie-o-seu-negocio\/lavandaria-core\/","title":{"rendered":"Lavandaria Core"},"content":{"rendered":"\t\t<div data-elementor-type=\"wp-page\" data-elementor-id=\"5152\" class=\"elementor elementor-5152 elementor-45\" data-elementor-post-type=\"page\">\n\t\t\t\t\t\t<section class=\"elementor-section elementor-top-section elementor-element elementor-element-4144e9b elementor-section-boxed elementor-section-height-default elementor-section-height-default\" data-id=\"4144e9b\" data-element_type=\"section\">\n\t\t\t\t\t\t<div class=\"elementor-container elementor-column-gap-default\">\n\t\t\t\t\t<div class=\"elementor-column elementor-col-100 elementor-top-column elementor-element elementor-element-a842301\" data-id=\"a842301\" data-element_type=\"column\">\n\t\t\t<div class=\"elementor-widget-wrap elementor-element-populated\">\n\t\t\t\t\t\t<div class=\"elementor-element elementor-element-3cb9429 elementor-widget elementor-widget-header_widget\" data-id=\"3cb9429\" data-element_type=\"widget\" data-widget_type=\"header_widget.default\">\n\t\t\t\t<div class=\"elementor-widget-container\">\n\t\t\t\t\t<section class=\"hero-section js-hero-section home  no-disclaimer\">\n    <img decoding=\"async\" alt=\"\" class=\"background-image\" src=\"https:\/\/lawash.es\/wp-content\/uploads\/2024\/10\/lavanderia-core.b15659-1-1.jpg\" \/>\n    <div class=\"background-gradient\"><\/div>\n        <div class=\"lawash-container hero-container\">\n        <div class=\"hero-info hero-info--extralong-title\">\n\n                            <div class=\"hero-info__breadcrumbs breadcrumbs\">\n    <a href=\"https:\/\/lawash.es\/pt-pt\/\" title=\"Come\u00e7ar\" class=\"hero-info__breadcrumb-link breadcrumb-link\">Come\u00e7ar<\/a>\n    <span class=\"hero-info__breadcrumb-divider breadcrumb-divider\">&nbsp;-&nbsp;<\/span>\n                        \n                <a title=\"Abra o seu franchising\" href=\"https:\/\/lawash.es\/franquicia-lavanderia-autoservicio\/\" class=\"hero-info__breadcrumb-link breadcrumb-link\">Abra o seu franchising<\/a>\n                <span class=\"hero-info__breadcrumb-divider breadcrumb-divider\">&nbsp;-&nbsp;<\/span>\n                                \n                <a title=\"Lavandaria core\" href=\"https:\/\/lawash.es\/pt-pt\/crie-o-seu-negocio\/lavandaria-core\/\" class=\"hero-info__breadcrumb-link breadcrumb-link\">Lavandaria core<\/a>\n            <\/div>\n            \n                            <h1 class=\"hero-info__pretitle title-4\">Franchising de lavandaria Core<\/h1>\n                <h2 class=\"hero-info__title title-1\">\n                    UM NEG\u00d3CIO <br>REVOLUCION\u00c1RIO E <br>ALTAMENTE  RENT\u00c1VEL\n                <\/h2>\n            \n\n            \n\n            \n                            <div class=\"\">\n                                                                    <a title=\"Quero abrir a minha CORE\" class=\"hero-info__button button-1\"\n                            href=\"https:\/\/lawash.es\/contacto\/\">Quero abrir a minha CORE<\/a>\n                                    <\/div>\n                    <\/div>\n    <\/div>\n<\/section>\n\t\t\t\t<\/div>\n\t\t\t\t<\/div>\n\t\t\t\t<div class=\"elementor-element elementor-element-71cf7dc elementor-widget elementor-widget-banner_only_text_widget\" data-id=\"71cf7dc\" data-element_type=\"widget\" data-widget_type=\"banner_only_text_widget.default\">\n\t\t\t\t<div class=\"elementor-widget-container\">\n\t\t\t\t\t<section\n  class=\"section-centered-cols investors-section background-lightgrey election-section--background-white\"\n\n  >\n  <div class=\"lawash-container\">\n    <div class=\"lawash-row\">\n      <div class=\"lawash-col-12\">\n                  <p class=\"section-auto-cols__pretitle title-4\">\n                          <span class=\"custom-text-highlight custom-text-highlight-5\"> Franchising La Wash<\/span>\n            <span class=\"custom-highlight custom-underline-2\">\n              <img decoding=\"async\" alt=\"\" class=\"custom-highlight__img\" src=\"https:\/\/lawash.es\/wp-content\/themes\/sage\/public\/img\/custom-underline-2.60c284.svg\" \/>\n              <span class=\"custom-highlight__text\">CORE<\/span>\n            <\/span>\n            <span class=\"custom-text-highlight custom-text-highlight-5\"><\/span>\n        \n                      <\/p>\n        \n        <h2 class=\"section-auto-cols__title title-1 max-w-850\">\n                      F\u00d3RMULA DE SUCESSO <br\/>PARA A LAVAGEM DO DIA A DIA \n                  <\/h2>\n      <\/div>\n      <div class=\"lawash-col-auto\">\n        <p class=\"section-auto-cols__paragraph\">\n          O modelo Core da La Wash \u00e9 mais do que uma lavandaria \u2014 \u00e9 uma f\u00f3rmula de sucesso comprovada no mercado.<br><br>Pensado para responder \u00e0s necessidades di\u00e1rias dos clientes modernos, o Core combina efici\u00eancia e tecnologia com uma rentabilidade elevada.<br><br>Com opera\u00e7\u00e3o otimizada e procura constante, \u00e9 a escolha preferida de empreendedores que procuram um neg\u00f3cio seguro, lucrativo e sustent\u00e1vel a longo prazo.\n        <\/p>\n\n              <\/div>\n\n\n    <\/div>\n  <\/div>\n<\/section>\n\t\t\t\t<\/div>\n\t\t\t\t<\/div>\n\t\t\t\t<div class=\"elementor-element elementor-element-c0dd231 elementor-widget elementor-widget-only_banner_image_widget\" data-id=\"c0dd231\" data-element_type=\"widget\" data-widget_type=\"only_banner_image_widget.default\">\n\t\t\t\t<div class=\"elementor-widget-container\">\n\t\t\t\t\t<section class=\"section-centered-cols investors-section--white-background pb-0 investors-core-section\">\n<div class=\"lawash-full-container mb-0\">\n    <div class=\"lawash-row\">\n        <div class=\"lawash-col-12\">\n                <img decoding=\"async\" alt=\"\" class=\"lawash-img\" src=\"https:\/\/lawash.es\/wp-content\/uploads\/2024\/10\/LaWash_Core._Lavanderia_Urbana.8f536d-1-1.png\" \/>\n            <\/div>\n        <\/div>\n    <\/div>\n<\/div>\n<\/section>\n\t\t\t\t<\/div>\n\t\t\t\t<\/div>\n\t\t\t\t<div class=\"elementor-element elementor-element-5ace87d elementor-widget elementor-widget-services_widget\" data-id=\"5ace87d\" data-element_type=\"widget\" data-widget_type=\"services_widget.default\">\n\t\t\t\t<div class=\"elementor-widget-container\">\n\t\t\t\t\t<section class=\"section-centered-cols services-section\">\n  <div class=\"lawash-container\">\n    <div class=\"lawash-row\">\n      <div class=\"lawash-col-12\">\n        <h2 class=\"services-section__title title-2 mb-8\">\n          CARACTER\u00cdSTICAS DESTACADAS <br> DO CORE\n        <\/h2>\n\n              <\/div>\n    <\/div>\n        <div class=\"lawash-row\">\n\n\t\t\t\t\t<div class=\"lawash-col-auto\">\n  <div class=\"services-list\">\n    <div class=\"services-section__img\">\n      <img decoding=\"async\" alt=\"Inversi\u00f3n Accesible\" class=\"\" src=\"https:\/\/lawash.es\/wp-content\/uploads\/2024\/10\/inversion-accesible.8cfba8-1-1.svg\" \/>\n    <\/div>\n    <h3 class=\"services-section__service-title title-4\">\n      Investimento Acess\u00edvel\n    <\/h3>\n    <p class=\"services-section__service-paragraph paragraph-1\">\n      Baixo investimento inicial com retorno r\u00e1pido.\n    <\/p>\n  <\/div>\n<\/div>\n\t\t\t\t\t<div class=\"lawash-col-auto\">\n  <div class=\"services-list\">\n    <div class=\"services-section__img\">\n      <img decoding=\"async\" alt=\"Alta Rentabilidad\" class=\"\" src=\"https:\/\/lawash.es\/wp-content\/uploads\/2024\/10\/alta-rentabilidad.395c5b-1-1.svg\" \/>\n    <\/div>\n    <h3 class=\"services-section__service-title title-4\">\n      Alta Rentabilidade\n    <\/h3>\n    <p class=\"services-section__service-paragraph paragraph-1\">\n      Modelo de neg\u00f3cio testado com elevada procura.\n    <\/p>\n  <\/div>\n<\/div>\n\t\t\t\t\t<div class=\"lawash-col-auto\">\n  <div class=\"services-list\">\n    <div class=\"services-section__img\">\n      <img decoding=\"async\" alt=\"Tecnolog\u00eda Avanzada\" class=\"\" src=\"https:\/\/lawash.es\/wp-content\/uploads\/2024\/10\/calidad-superior.c0799c-1-1.svg\" \/>\n    <\/div>\n    <h3 class=\"services-section__service-title title-4\">\n      Tecnologia Avan\u00e7ada\n    <\/h3>\n    <p class=\"services-section__service-paragraph paragraph-1\">\n      Equipamentos de \u00faltima gera\u00e7\u00e3o que poupam \u00e1gua e energia.\n    <\/p>\n  <\/div>\n<\/div>\n\t\t\t\t\t<div class=\"lawash-col-auto\">\n  <div class=\"services-list\">\n    <div class=\"services-section__img\">\n      <img decoding=\"async\" alt=\"Personalizable\" class=\"\" src=\"https:\/\/lawash.es\/wp-content\/uploads\/2024\/10\/personalizable.a5b193-2-1.svg\" \/>\n    <\/div>\n    <h3 class=\"services-section__service-title title-4\">\n      Personaliz\u00e1vel\n    <\/h3>\n    <p class=\"services-section__service-paragraph paragraph-1\">\n      Adaptamos cada lavandaria \u00e0s necessidades do espa\u00e7o.\n    <\/p>\n  <\/div>\n<\/div>\n\t\t\t\t\t<div class=\"lawash-col-auto\">\n  <div class=\"services-list\">\n    <div class=\"services-section__img\">\n      <img decoding=\"async\" alt=\"Siempre activa\" class=\"\" src=\"https:\/\/lawash.es\/wp-content\/uploads\/2024\/10\/autoservicio-completo.d93596-1-1.svg\" \/>\n    <\/div>\n    <h3 class=\"services-section__service-title title-4\">\n      Funciona sempre\n    <\/h3>\n    <p class=\"services-section__service-paragraph paragraph-1\">\n      Opera\u00e7\u00e3o cont\u00ednua, sem necessidade de funcion\u00e1rios.\n    <\/p>\n  <\/div>\n<\/div>\n\t\t\t\t\t<div class=\"lawash-col-auto\">\n  <div class=\"services-list\">\n    <div class=\"services-section__img\">\n      <img decoding=\"async\" alt=\"SOSTENIBLE\" class=\"\" src=\"https:\/\/lawash.es\/wp-content\/uploads\/2024\/10\/sostenible.65363c-1-1-1.svg\" \/>\n    <\/div>\n    <h3 class=\"services-section__service-title title-4\">\n      Sustent\u00e1vel\n    <\/h3>\n    <p class=\"services-section__service-paragraph paragraph-1\">\n      Solu\u00e7\u00f5es ecol\u00f3gicas que respeitam o meio ambiente.\n    <\/p>\n  <\/div>\n<\/div>\n\t\t   \n     \n    <\/div>\n      <\/div>\n<\/section>\n\t\t\t\t<\/div>\n\t\t\t\t<\/div>\n\t\t\t\t<div class=\"elementor-element elementor-element-d37ff69 elementor-widget elementor-widget-tech_widget\" data-id=\"d37ff69\" data-element_type=\"widget\" data-widget_type=\"tech_widget.default\">\n\t\t\t\t<div class=\"elementor-widget-container\">\n\t\t\t\t\t<section class=\"section-2-cols-padded tech-section \">\n\n\t<div class=\"lawash-container\">\n\t\t<div class=\"lawash-row\">\n\t\t\t<div class=\"lawash-col-6\">\n\t\t\t\t<div class=\"section-2-cols-padded__info\">\n\n\t\t\t\t\t<h2 class=\"section-2-cols-padded__title title-2\">\n\t\t\t\t\t\t<span class=\"custom-text-highlight custom-text-highlight-4\"> BENEF\u00cdCIOS PARA SI E PARA OS SEUS FUTUROS<\/span>\n            <span class=\"custom-highlight custom-highlight-5\">\n              <img decoding=\"async\" alt=\"\" class=\"custom-highlight__img\" src=\"https:\/\/lawash.es\/wp-content\/themes\/sage\/public\/img\/custom-highlight-5.7cc778.svg\" \/>\n              <span class=\"custom-highlight__text\">CLIENTES<\/span>\n            <\/span>\n            <span class=\"custom-text-highlight custom-text-highlight-4\"><\/span>\n        \n\t\t\t\t\t<\/h2>\n\n\t\t\t\t\t\t\t\t\t\t<p class=\"section-2-cols-padded__paragraph\">\n\t\t\t\t\t\tA origem de uma grande marca de lavandarias self-service. A hist\u00f3ria da La Wash nasce do desejo de liberdade, autonomia e inova\u00e7\u00e3o.\n\t\t\t\t\t<\/p>\n\n\t\t\t\t\t\t\t\t\t<\/div>\n\t\t\t<\/div>\n\t\t\t<div class=\"lawash-col-6\">\n\t\t\t\t\t\t\t\t<div class=\"section-2-cols-padded__list\">\n\t\t\t\t\t\t\t\t\t\t\t<div class=\"section-2-cols-padded__list-item\">\n  <div class=\"section-2-cols-padded__list-item__img\">\n    <img decoding=\"async\" alt=\"\" src=\"https:\/\/lawash.es\/wp-content\/uploads\/2024\/10\/instalacion-rapida.3ff68f-1-1.svg\" \/>\n  <\/div>\n  <div class=\"section-2-cols-padded__list-item__info\">\n    <h3 class=\"section-2-cols-padded__list-item__title title-4\">\n       Instala\u00e7\u00e3o R\u00e1pida\n    <\/h3>\n    <p class=\"section-2-cols-padded__list-item__paragraph paragraph-1\">\n      As nossas lavandarias podem estar em funcionamento em pouco tempo, reduzindo ao m\u00ednimo o impacto na sua rotina.\n    <\/p>\n  <\/div>\n<\/div>\n\t\t\t\t\t\t\t\t\t\t\t<div class=\"section-2-cols-padded__list-item\">\n  <div class=\"section-2-cols-padded__list-item__img\">\n    <img decoding=\"async\" alt=\"Eficiencia y Rapidez\" src=\"https:\/\/lawash.es\/wp-content\/uploads\/2024\/10\/eficiencia.74b82d-1-1.svg\" \/>\n  <\/div>\n  <div class=\"section-2-cols-padded__list-item__info\">\n    <h3 class=\"section-2-cols-padded__list-item__title title-4\">\n      Efici\u00eancia e Rapidez\n    <\/h3>\n    <p class=\"section-2-cols-padded__list-item__paragraph paragraph-1\">\n      Lave e seque a roupa em menos de uma hora.\n    <\/p>\n  <\/div>\n<\/div>\n\t\t\t\t\t\t\t\t\t\t\t<div class=\"section-2-cols-padded__list-item\">\n  <div class=\"section-2-cols-padded__list-item__img\">\n    <img decoding=\"async\" alt=\"Calidad Superior\" src=\"https:\/\/lawash.es\/wp-content\/uploads\/2024\/10\/tecnologia-avanzada.406bca-1-1.svg\" \/>\n  <\/div>\n  <div class=\"section-2-cols-padded__list-item__info\">\n    <h3 class=\"section-2-cols-padded__list-item__title title-4\">\n      Qualidade Superior\n    <\/h3>\n    <p class=\"section-2-cols-padded__list-item__paragraph paragraph-1\">\n      Equipamentos com descalcificadores para melhor cuidado das roupas..\n    <\/p>\n  <\/div>\n<\/div>\n\t\t\t\t\t\t\t\t\t\t\t<div class=\"section-2-cols-padded__list-item\">\n  <div class=\"section-2-cols-padded__list-item__img\">\n    <img decoding=\"async\" alt=\"Capacidad y Flexibilidad\" src=\"https:\/\/lawash.es\/wp-content\/uploads\/2024\/10\/capacidad-y-flexibilidad.319827-1-1.svg\" \/>\n  <\/div>\n  <div class=\"section-2-cols-padded__list-item__info\">\n    <h3 class=\"section-2-cols-padded__list-item__title title-4\">\n       Capacidade e Flexibilidade\n    <\/h3>\n    <p class=\"section-2-cols-padded__list-item__paragraph paragraph-1\">\n      Permite lavar pe\u00e7as grandes como edred\u00f5es e cobertores.\n    <\/p>\n  <\/div>\n<\/div>\n\t\t\t\t\t\t\t\t\t<\/div>\n\t\t\t\t\t\t\t<\/div>\n\t\t<\/div>\n\t<\/div>\n<\/section>\t\t\t\t<\/div>\n\t\t\t\t<\/div>\n\t\t\t\t<div class=\"elementor-element elementor-element-c25dfef elementor-widget elementor-widget-text_boxes_widget\" data-id=\"c25dfef\" data-element_type=\"widget\" data-widget_type=\"text_boxes_widget.default\">\n\t\t\t\t<div class=\"elementor-widget-container\">\n\t\t\t\t\t<section class=\"section-centered-cols election-section\">\n  <div class=\"lawash-container\">\n    <div class=\"lawash-row\">\n      <div class=\"lawash-col-12\">\n        <h2 class=\"section-auto-cols__title title-2\">          \n          <span class=\"custom-text-highlight custom-text-highlight-5\"> Servi\u00e7os<\/span>\n            <span class=\"custom-highlight custom-underline-1\">\n              <img decoding=\"async\" alt=\"\" class=\"custom-highlight__img\" src=\"https:\/\/lawash.es\/wp-content\/themes\/sage\/public\/img\/custom-underline-4.9ff3ef.svg\" \/>\n              <span class=\"custom-highlight__text\"> inclu\u00eddos<\/span>\n            <\/span>\n            <span class=\"custom-text-highlight custom-text-highlight-5\"><br>para o Franchisado<\/span>\n        \n        <\/h2>\n      <\/div>\n              <div class=\"lawash-col-auto\">\n          <p class=\"section-auto-cols__paragraph paragraph-3\">\n            Acompanhamos o crescimento do seu neg\u00f3cio de lavandaria La Wash\n          <\/p>\n        <\/div>\n          <\/div>\n        <div class=\"lawash-row pill-box-row\">\n              <div class=\"lawash-col-3\">\n  <div class=\"pill-box\">\n    <h3 class=\"pill-box__title title-4\">La Wash Nexa<\/h3>\n    <p class=\"pill-box__paragraph paragraph-1\">Controle total do seu neg\u00f3cio numa \u00fanica plataforma. Aceda a dados em tempo real, acompanhe vendas, automatize a manuten\u00e7\u00e3o e receba suporte t\u00e9cnico \u2014 tudo num s\u00f3 lugar.<\/p>\n  <\/div>\n<\/div>\n              <div class=\"lawash-col-3\">\n  <div class=\"pill-box\">\n    <h3 class=\"pill-box__title title-4\">Marketing e Publicidade<\/h3>\n    <p class=\"pill-box__paragraph paragraph-1\">Damos-lhe as ferramentas para atrair mais clientes. Estrat\u00e9gias digitais eficazes para dar visibilidade \u00e0 sua lavandaria e garantir resultados.<\/p>\n  <\/div>\n<\/div>\n              <div class=\"lawash-col-3\">\n  <div class=\"pill-box\">\n    <h3 class=\"pill-box__title title-4\">Forma\u00e7\u00e3o e Suporte<\/h3>\n    <p class=\"pill-box__paragraph paragraph-1\">N\u00e3o vai estar sozinho. Receba forma\u00e7\u00e3o completa e acompanhamento cont\u00ednuo para gerir a sua La Wash com confian\u00e7a e efici\u00eancia desde o primeiro dia.<\/p>\n  <\/div>\n<\/div>\n              <div class=\"lawash-col-3\">\n  <div class=\"pill-box\">\n    <h3 class=\"pill-box__title title-4\">Financiamento<\/h3>\n    <p class=\"pill-box__paragraph paragraph-1\">Invista com mais tranquilidade. Oferecemos solu\u00e7\u00f5es de leasing e renting para lan\u00e7ar o seu neg\u00f3cio sem comprometer o seu capital.<\/p>\n  <\/div>\n<\/div>\n          <\/div>\n      <\/div>\n<\/section>\n\t\t\t\t<\/div>\n\t\t\t\t<\/div>\n\t\t\t\t<div class=\"elementor-element elementor-element-57b7fdf elementor-widget elementor-widget-box_with_frame_widget\" data-id=\"57b7fdf\" data-element_type=\"widget\" data-widget_type=\"box_with_frame_widget.default\">\n\t\t\t\t<div class=\"elementor-widget-container\">\n\t\t\t\t\t<section class=\"section-centered-cols title-box-section\">\n  <div class=\"lawash-container\">\n    <div class=\"lawash-row\">\n      <div class=\"lawash-col-12\">\n        <h4 class=\"oportunity-section__title title-5 title-box-1\">\n          <img decoding=\"async\" alt=\"\" class=\"title-box__border\" src=\"https:\/\/lawash.es\/wp-content\/themes\/sage\/public\/img\/title-box-border-1.1d0e69.svg\" \/>\n          \u201cA La Wash mudou por completo a forma como gerimos o nosso neg\u00f3cio. A tecnologia, aliada a um apoio constante, permitiu-nos crescer com rapidez e conquistar a confian\u00e7a dos nossos clientes.\u201d\n        <\/h4>\n        <p class=\"oportunity-section__paragraph title-box__extra-text\">\n          Franchisado La Wash\n        <\/p>\n      <\/div>\n    <\/div>\n  <\/div>\n<\/section>\n\t\t\t\t<\/div>\n\t\t\t\t<\/div>\n\t\t\t\t<div class=\"elementor-element elementor-element-7b7a0fd elementor-widget elementor-widget-banner_title_description_button_widget\" data-id=\"7b7a0fd\" data-element_type=\"widget\" data-widget_type=\"banner_title_description_button_widget.default\">\n\t\t\t\t<div class=\"elementor-widget-container\">\n\t\t\t\t\t<section class=\"section-centered-cols franquicia-section\">\n    <img decoding=\"async\" alt=\"\" class=\"background-image\" src=\"https:\/\/lawash.es\/wp-content\/uploads\/2024\/10\/crea-tu-franquicia.8bf25b-1-1.jpg\">\n    <div class=\"lawash-container\">\n        <div class=\"lawash-row\">\n            <div class=\"lawash-col-12\">\n                                <h2 class=\"franquicia-section__title title-1\" >\n                    PRONTO PARA CONSTRUIR UM NOVO FUTURO <br\/>COM O SEU NEG\u00d3CIO DE LAVANDARIA? \n                <\/h2>\n            <\/div>\n                            <div class=\"lawash-col-auto\">\n                    <p class=\"franquicia-section__paragraph paragraph-2\">\n                    N\u00e3o deixe escapar esta oportunidade.\n                    <\/p>\n                <\/div>\n                        \n                            <div class=\"lawash-col-12\">\n                    <div class=\"section-centered-cols__buttons\">\n                                                                                <a title=\"Fale connosco agora\" href=\"https:\/\/lawash.es\/contacto\/\" class=\"button-1\" >\n  Fale connosco agora\n<\/a>\n                                            <\/div>\n                <\/div>\n                    <\/div>\n    <\/div>\n<\/section>\n\t\t\t\t<\/div>\n\t\t\t\t<\/div>\n\t\t\t\t\t<\/div>\n\t\t<\/div>\n\t\t\t\t\t<\/div>\n\t\t<\/section>\n\t\t\t\t<\/div>\n\t\t","protected":false},"excerpt":{"rendered":"<p>Come\u00e7ar &nbsp;&#8211;&nbsp; Abra o seu franchising &nbsp;&#8211;&nbsp; Lavandaria core Franchising de lavandaria Core UM NEG\u00d3CIO REVOLUCION\u00c1RIO E ALTAMENTE RENT\u00c1VEL Quero abrir a minha CORE Franchising La Wash CORE F\u00d3RMULA DE SUCESSO PARA A LAVAGEM DO DIA A DIA O modelo Core da La Wash \u00e9 mais do que uma lavandaria \u2014 \u00e9 uma f\u00f3rmula de &hellip; <a href=\"https:\/\/lawash.es\/pt-pt\/crie-o-seu-negocio\/lavandaria-core\/\">Continued<\/a><\/p>\n","protected":false},"author":1,"featured_media":0,"parent":5150,"menu_order":0,"comment_status":"closed","ping_status":"closed","template":"template-elementor.blade.php","meta":{"_acf_changed":false,"inline_featured_image":false,"footnotes":""},"class_list":["post-5152","page","type-page","status-publish","hentry"],"acf":[],"yoast_head":"<!-- This site is optimized with the Yoast SEO plugin v24.4 - https:\/\/yoast.com\/wordpress\/plugins\/seo\/ -->\n<title>Gere uma lavandaria self-service : Classic La Wash Franchise<\/title>\n<meta name=\"description\" content=\"Opta pelo franchising Classic La Wash e cria uma lavandaria self-service. Um modelo comprovado e de sucesso para os empres\u00e1rios.\" \/>\n<meta name=\"robots\" content=\"index, follow, max-snippet:-1, max-image-preview:large, max-video-preview:-1\" \/>\n<link rel=\"canonical\" href=\"https:\/\/lawash.es\/pt-pt\/crie-o-seu-negocio\/lavandaria-core\/\" \/>\n<meta property=\"og:locale\" content=\"pt_PT\" \/>\n<meta property=\"og:type\" content=\"article\" \/>\n<meta property=\"og:title\" content=\"Gere uma lavandaria self-service : Classic La Wash Franchise\" \/>\n<meta property=\"og:description\" content=\"Opta pelo franchising Classic La Wash e cria uma lavandaria self-service. Um modelo comprovado e de sucesso para os empres\u00e1rios.\" \/>\n<meta property=\"og:url\" content=\"https:\/\/lawash.es\/pt-pt\/crie-o-seu-negocio\/lavandaria-core\/\" \/>\n<meta property=\"og:site_name\" content=\"La Wash\" \/>\n<meta property=\"article:modified_time\" content=\"2025-10-15T17:42:27+00:00\" \/>\n<meta property=\"og:image\" content=\"https:\/\/lawash.es\/wp-content\/uploads\/2024\/10\/lavanderia-core.b15659-1-1.jpg\" \/>\n<meta name=\"twitter:card\" content=\"summary_large_image\" \/>\n<meta name=\"twitter:label1\" content=\"Tempo estimado de leitura\" \/>\n\t<meta name=\"twitter:data1\" content=\"6 minutos\" \/>\n<!-- \/ Yoast SEO plugin. -->","yoast_head_json":{"title":"Gere uma lavandaria self-service : Classic La Wash Franchise","description":"Opta pelo franchising Classic La Wash e cria uma lavandaria self-service. Um modelo comprovado e de sucesso para os empres\u00e1rios.","robots":{"index":"index","follow":"follow","max-snippet":"max-snippet:-1","max-image-preview":"max-image-preview:large","max-video-preview":"max-video-preview:-1"},"canonical":"https:\/\/lawash.es\/pt-pt\/crie-o-seu-negocio\/lavandaria-core\/","og_locale":"pt_PT","og_type":"article","og_title":"Gere uma lavandaria self-service : Classic La Wash Franchise","og_description":"Opta pelo franchising Classic La Wash e cria uma lavandaria self-service. Um modelo comprovado e de sucesso para os empres\u00e1rios.","og_url":"https:\/\/lawash.es\/pt-pt\/crie-o-seu-negocio\/lavandaria-core\/","og_site_name":"La Wash","article_modified_time":"2025-10-15T17:42:27+00:00","og_image":[{"url":"https:\/\/lawash.es\/wp-content\/uploads\/2024\/10\/lavanderia-core.b15659-1-1.jpg","type":"","width":"","height":""}],"twitter_card":"summary_large_image","twitter_misc":{"Tempo estimado de leitura":"6 minutos"},"schema":{"@context":"https:\/\/schema.org","@graph":[{"@type":"WebPage","@id":"https:\/\/lawash.es\/pt-pt\/crie-o-seu-negocio\/lavandaria-core\/","url":"https:\/\/lawash.es\/pt-pt\/crie-o-seu-negocio\/lavandaria-core\/","name":"Gere uma lavandaria self-service : Classic La Wash Franchise","isPartOf":{"@id":"https:\/\/lawash.es\/pt-pt\/#website"},"primaryImageOfPage":{"@id":"https:\/\/lawash.es\/pt-pt\/crie-o-seu-negocio\/lavandaria-core\/#primaryimage"},"image":{"@id":"https:\/\/lawash.es\/pt-pt\/crie-o-seu-negocio\/lavandaria-core\/#primaryimage"},"thumbnailUrl":"https:\/\/lawash.es\/wp-content\/uploads\/2024\/10\/lavanderia-core.b15659-1-1.jpg","datePublished":"2024-08-15T11:26:51+00:00","dateModified":"2025-10-15T17:42:27+00:00","description":"Opta pelo franchising Classic La Wash e cria uma lavandaria self-service. Um modelo comprovado e de sucesso para os empres\u00e1rios.","breadcrumb":{"@id":"https:\/\/lawash.es\/pt-pt\/crie-o-seu-negocio\/lavandaria-core\/#breadcrumb"},"inLanguage":"pt-PT","potentialAction":[{"@type":"ReadAction","target":["https:\/\/lawash.es\/pt-pt\/crie-o-seu-negocio\/lavandaria-core\/"]}]},{"@type":"ImageObject","inLanguage":"pt-PT","@id":"https:\/\/lawash.es\/pt-pt\/crie-o-seu-negocio\/lavandaria-core\/#primaryimage","url":"https:\/\/lawash.es\/wp-content\/uploads\/2024\/10\/lavanderia-core.b15659-1-1.jpg","contentUrl":"https:\/\/lawash.es\/wp-content\/uploads\/2024\/10\/lavanderia-core.b15659-1-1.jpg"},{"@type":"BreadcrumbList","@id":"https:\/\/lawash.es\/pt-pt\/crie-o-seu-negocio\/lavandaria-core\/#breadcrumb","itemListElement":[{"@type":"ListItem","position":1,"name":"Portada","item":"https:\/\/lawash.es\/pt-pt\/"},{"@type":"ListItem","position":2,"name":"Abra a sua lavandaria La Wash","item":"https:\/\/lawash.es\/pt-pt\/crie-o-seu-negocio\/"},{"@type":"ListItem","position":3,"name":"Lavandaria Core"}]},{"@type":"WebSite","@id":"https:\/\/lawash.es\/pt-pt\/#website","url":"https:\/\/lawash.es\/pt-pt\/","name":"La Wash","description":"Franquicia de lavander\u00edas autoservicio","potentialAction":[{"@type":"SearchAction","target":{"@type":"EntryPoint","urlTemplate":"https:\/\/lawash.es\/pt-pt\/?s={search_term_string}"},"query-input":{"@type":"PropertyValueSpecification","valueRequired":true,"valueName":"search_term_string"}}],"inLanguage":"pt-PT"}]}},"_links":{"self":[{"href":"https:\/\/lawash.es\/pt-pt\/wp-json\/wp\/v2\/pages\/5152","targetHints":{"allow":["GET"]}}],"collection":[{"href":"https:\/\/lawash.es\/pt-pt\/wp-json\/wp\/v2\/pages"}],"about":[{"href":"https:\/\/lawash.es\/pt-pt\/wp-json\/wp\/v2\/types\/page"}],"author":[{"embeddable":true,"href":"https:\/\/lawash.es\/pt-pt\/wp-json\/wp\/v2\/users\/1"}],"replies":[{"embeddable":true,"href":"https:\/\/lawash.es\/pt-pt\/wp-json\/wp\/v2\/comments?post=5152"}],"version-history":[{"count":0,"href":"https:\/\/lawash.es\/pt-pt\/wp-json\/wp\/v2\/pages\/5152\/revisions"}],"up":[{"embeddable":true,"href":"https:\/\/lawash.es\/pt-pt\/wp-json\/wp\/v2\/pages\/5150"}],"wp:attachment":[{"href":"https:\/\/lawash.es\/pt-pt\/wp-json\/wp\/v2\/media?parent=5152"}],"curies":[{"name":"wp","href":"https:\/\/api.w.org\/{rel}","templated":true}]}}