{"id":9321,"date":"2024-11-12T09:35:17","date_gmt":"2024-11-12T08:35:17","guid":{"rendered":"https:\/\/lawash.es\/?page_id=9321"},"modified":"2026-03-11T17:43:38","modified_gmt":"2026-03-11T16:43:38","slug":"contato-la-wash","status":"publish","type":"page","link":"https:\/\/lawash.es\/pt-pt\/contato-la-wash\/","title":{"rendered":"Contato La Wash"},"content":{"rendered":"\t\t<div data-elementor-type=\"wp-page\" data-elementor-id=\"9321\" class=\"elementor elementor-9321 elementor-9318\" data-elementor-post-type=\"page\">\n\t\t\t\t\t\t<section class=\"elementor-section elementor-top-section elementor-element elementor-element-4134d96 elementor-section-boxed elementor-section-height-default elementor-section-height-default\" data-id=\"4134d96\" data-element_type=\"section\">\n\t\t\t\t\t\t<div class=\"elementor-container elementor-column-gap-default\">\n\t\t\t\t\t<div class=\"elementor-column elementor-col-100 elementor-top-column elementor-element elementor-element-309450f\" data-id=\"309450f\" data-element_type=\"column\">\n\t\t\t<div class=\"elementor-widget-wrap elementor-element-populated\">\n\t\t\t\t\t\t<div class=\"elementor-element elementor-element-a5df59c elementor-widget elementor-widget-header_widget\" data-id=\"a5df59c\" data-element_type=\"widget\" data-widget_type=\"header_widget.default\">\n\t\t\t\t<div class=\"elementor-widget-container\">\n\t\t\t\t\t<section class=\"hero-section js-hero-section home hero-section--small noSize \">\n    <img decoding=\"async\" alt=\"\" class=\"background-image\" src=\"https:\/\/lawash.es\/wp-content\/uploads\/2024\/10\/contacto.911681.jpg\" \/>\n    <div class=\"background-gradient\"><\/div>\n        <div class=\"lawash-container hero-container\">\n        <div class=\"hero-info \">\n\n                            <div class=\"hero-info__breadcrumbs breadcrumbs\">\n    <a href=\"https:\/\/lawash.es\/pt-pt\/\" title=\"Come\u00e7ar\" class=\"hero-info__breadcrumb-link breadcrumb-link\">Come\u00e7ar<\/a>\n    <span class=\"hero-info__breadcrumb-divider breadcrumb-divider\">&nbsp;-&nbsp;<\/span>\n                        \n                <a title=\"Contato La Wash\" href=\"https:\/\/lawash.es\/contacto\/\" class=\"hero-info__breadcrumb-link breadcrumb-link\">Contato La Wash<\/a>\n            <\/div>\n            \n                            <h1 class=\"hero-info__pretitle title-4\">Contato La Wash<\/h1>\n                <h2 class=\"hero-info__title title-1\">\n                    \n            <span class=\"custom-highlight custom-highlight-3\">\n              <img decoding=\"async\" alt=\"\" class=\"custom-highlight__img\" src=\"https:\/\/lawash.es\/wp-content\/themes\/sage\/public\/img\/custom-highlight-3.e911b8.svg\" \/>\n              <span class=\"custom-highlight__text\">USA AS NOSSAS LAVANDARIAS <\/span>\n            <\/span>\n            <span class=\"custom-text-highlight custom-text-highlight-3\">E TEM ALGUMA D\u00daVIDA?<\/span>\n        \n                <\/h2>\n            \n\n            \n\n            \n                    <\/div>\n    <\/div>\n<\/section>\n\t\t\t\t<\/div>\n\t\t\t\t<\/div>\n\t\t\t\t<div class=\"elementor-element elementor-element-445ba57 elementor-widget elementor-widget-form_widget\" data-id=\"445ba57\" data-element_type=\"widget\" data-widget_type=\"form_widget.default\">\n\t\t\t\t<div class=\"elementor-widget-container\">\n\t\t\t\t\t<section class=\"section-2-cols support-section contact-section\">\n    <div class=\"lawash-container\">\n        <div class=\"lawash-row\">\n            <div class=\"lawash-col-auto\">\n                <div class=\"section-2-cols__info align-content-between\">\n                    <div>\n                        <h2 class=\"section-2-cols__title title-2\">\n                            <span class=\"custom-text-highlight custom-text-highlight-6\"> FALE COM A<\/span>\n            <span class=\"custom-highlight custom-highlight-2\">\n              <img decoding=\"async\" alt=\"\" class=\"custom-highlight__img\" src=\"https:\/\/lawash.es\/wp-content\/themes\/sage\/public\/img\/custom-highlight-2.db55de.svg\" \/>\n              <span class=\"custom-highlight__text\">LA WASH<\/span>\n            <\/span>\n            <span class=\"custom-text-highlight custom-text-highlight-6\"><\/span>\n        \n\n                        <\/h2>\n                        <div class=\"w-100\"><\/div>\n\n                        <p class=\"section-2-cols__paragraph\">\n                            D\u00favidas, sugest\u00f5es ou incid\u00eancias \u2014 estamos aqui para ajudar.<br><br>Se precisa de apoio sobre o funcionamento das nossas lavandarias, informa\u00e7\u00f5es sobre os servi\u00e7os, localiza\u00e7\u00f5es ou se quiser enviar-nos um coment\u00e1rio, preencha este formul\u00e1rio e responderemos o mais breve poss\u00edvel.<br><br>\ud83d\udc49 Este formul\u00e1rio \u00e9 exclusivo para clientes e utilizadores das lavandarias La Wash.\n                        <\/p>\n\n                                            <\/div>\n                <\/div>\n            <\/div>\n            <div class=\"lawash-col\">\n                                <div id=\"hubspot-form-12559\">\n                    <script charset=\"utf-8\" type=\"text\/javascript\" src=\"\/\/js.hsforms.net\/forms\/v2.js\"><\/script>\n                    <script>\n                      hbspt.forms.create({\n                          region: \"eu1\",\n                          portalId: \"25252882\",\n                          formId: \"3ed1219f-f222-4ed5-8ec9-dc24bcd602a9\"\n                      });\n                    <\/script>\n                <\/div>\n                            <\/div>\n\n        <\/div>\n    <\/div>\n<\/section>\n\t\t\t\t<\/div>\n\t\t\t\t<\/div>\n\t\t\t\t<div class=\"elementor-element elementor-element-cf7f5ba elementor-widget elementor-widget-nearest_laundry_widget\" data-id=\"cf7f5ba\" data-element_type=\"widget\" data-widget_type=\"nearest_laundry_widget.default\">\n\t\t\t\t<div class=\"elementor-widget-container\">\n\t\t\t\t\t<section class=\"section-2-cols section-2-cols--full map-cols-2-section\"\n        id=\"container-map\"\n        data-iconhere=\"https:\/\/lawash.es\/wp-content\/themes\/sage\/public\/img\/googlemaps\/AreYouHere.c50996.svg\",\n        data-iconmarker=\"https:\/\/lawash.es\/wp-content\/themes\/sage\/public\/img\/googlemaps\/googlemaps-marker.b9f9bb.png\",\n        data-iconplaceholder=\"https:\/\/lawash.es\/wp-content\/themes\/sage\/public\/img\/googlemaps\/placeholder.99a98a.svg\",\n        data-icongroup=\"https:\/\/lawash.es\/wp-content\/themes\/sage\/public\/img\/googlemaps\/grupo-markers.f61b8b.svg\",\n        data-yourlocation=\"A sua localiza\u00e7\u00e3o\"\n        data-here=\"Est\u00e1s aqu\u00ed\"\n        data-show=\"Ver lavandaria\"\n        data-howText=\"Como l\u00e1 chegar\"\n        data-distance=\"Distancia\">\n        <div class=\"lawash-row fullback-row\">\n            <div class=\"lawash-col-6 pr-0\">\n                <div class=\"section-2-cols__map map\">\n                                      <iframe\n                        class=\"map-iframe\"\n                        width=\"100%\"\n                        height=\"100%\"\n                        style=\"border:0\"\n                        loading=\"lazy\" ,\n                        allowfullscreen,\n                        title=\"Casteth 10, Vielha\"\n                        aria-label=\"Casteth 10, Vielha\"\n                        referrerpolicy=\"no-referrer-when-downgrade\" ,\n                        src=\"https:\/\/maps.google.com\/maps?q=La+Wash+Casteth+10%2C+Vielha+Vielha+Catalu%C3%B1a+Espanha&#038;t=m&#038;z=16&#038;output=embed&#038;iwloc=near\"><\/iframe>\n                                    <\/div>\n            <\/div>\n            <div class=\"lawash-col-6\">\n                <div class=\"background-2\"><\/div>\n            <\/div>\n\n        <\/div>\n        <div class=\"lawash-container background-2-mobile\">\n            <div class=\"lawash-row\">\n                <div class=\"lawash-col-6\"><\/div>\n                <div class=\"lawash-col-6\">\n                    <div class=\"section-2-cols__info\">\n                        <h2 class=\"section-2-cols__title title-2\">\n                                                        Encontre a lavandaria <br>mais pr\u00f3xima\n                                                    <\/h2>\n                        <div class=\"w-100\"><\/div>\n                                                <h3 class=\"section-2-cols__subtitle title-4 js-nearest-laundry\">\n                            Casteth 10, Vielha\n                        <\/h3>\n                        <div class=\"section-2-cols__buttons\">\n                            <a title=\"Ver lavandaria\"\n                                href=\"https:\/\/lawash.es\/pt-pt\/lavanderia\/casteth-10-vielha\/\"\n                                class=\"button-1 js-nearest-laundry-link\">Ver lavandaria<\/a>\n                            <a title=\"Ver todas as lavandarias\" href=\"\/pt-pt\/lavanderias-perto-de-voce#lavanderias-autoservicio-por-ubicaciones#lavanderias-autoservicio-por-ubicaciones\" class=\"smooth-scroll button-2\">Ver todas as lavandarias<\/a>\n                        <\/div>\n                                            <\/div>\n                <\/div>\n            <\/div>\n        <\/div>\n    <\/section>\n    \t\t\t\t<\/div>\n\t\t\t\t<\/div>\n\t\t\t\t<div class=\"elementor-element elementor-element-62c5de8 elementor-widget elementor-widget-banner_title_description_button_widget\" data-id=\"62c5de8\" data-element_type=\"widget\" data-widget_type=\"banner_title_description_button_widget.default\">\n\t\t\t\t<div class=\"elementor-widget-container\">\n\t\t\t\t\t<section class=\"section-centered-cols franquicia-section\">\n    <img decoding=\"async\" alt=\"\" class=\"background-image\" src=\"https:\/\/lawash.es\/wp-content\/uploads\/2024\/10\/crea-tu-franquicia.8bf25b.jpg\">\n    <div class=\"lawash-container\">\n        <div class=\"lawash-row\">\n            <div class=\"lawash-col-12\">\n                                <h2 class=\"franquicia-section__title title-1\" >\n                    Quer fazer parte da La Wash?\n                <\/h2>\n            <\/div>\n                            <div class=\"lawash-col-auto\">\n                    <p class=\"franquicia-section__paragraph paragraph-2\">\n                    Junte-se \u00e0 La Wash e aproveite a oportunidade de investimento que o setor de lavanderias self-service oferece.\n                    <\/p>\n                <\/div>\n                        \n                            <div class=\"lawash-col-12\">\n                    <div class=\"section-centered-cols__buttons\">\n                                                                                <a title=\"Monte sua franquia\" href=\"https:\/\/lawash.es\/franquicia-lavanderia-autoservicio\/\" class=\"button-1\" >\n  Monte sua franquia\n<\/a>\n                                            <\/div>\n                <\/div>\n                    <\/div>\n    <\/div>\n<\/section>\n\t\t\t\t<\/div>\n\t\t\t\t<\/div>\n\t\t\t\t<div class=\"elementor-element elementor-element-67c8afb elementor-widget elementor-widget-template\" data-id=\"67c8afb\" data-element_type=\"widget\" data-widget_type=\"template.default\">\n\t\t\t\t<div class=\"elementor-widget-container\">\n\t\t\t\t\t\t\t<div class=\"elementor-template\">\n\t\t\t\t\t<div data-elementor-type=\"section\" data-elementor-id=\"7088\" class=\"elementor elementor-7088 elementor-6863\" data-elementor-post-type=\"elementor_library\">\n\t\t\t\t\t<section class=\"elementor-section elementor-top-section elementor-element elementor-element-8f101d3 elementor-section-boxed elementor-section-height-default elementor-section-height-default\" data-id=\"8f101d3\" data-element_type=\"section\">\n\t\t\t\t\t\t<div class=\"elementor-container elementor-column-gap-default\">\n\t\t\t\t\t<div class=\"elementor-column elementor-col-100 elementor-top-column elementor-element elementor-element-79da86b\" data-id=\"79da86b\" data-element_type=\"column\">\n\t\t\t<div class=\"elementor-widget-wrap elementor-element-populated\">\n\t\t\t\t\t\t<div class=\"elementor-element elementor-element-fadffb8 elementor-widget elementor-widget-global elementor-global-6872 elementor-widget-banner_apps_widget\" data-id=\"fadffb8\" data-element_type=\"widget\" data-widget_type=\"banner_apps_widget.default\">\n\t\t\t\t<div class=\"elementor-widget-container\">\n\t\t\t\t\t<section class=\"apps-section\">\n  <div class=\"lawash-container\">\n    <div class=\"lawash-row\">\n      <div class=\"lawash-col first-col\">\n        <div class=\"apps-section__container\">\n          <div class=\"d-flex flex-wrap align-items-center\">\n            <h2 class=\"apps-section__title title-3\">Desc\u00e1rgate la APP<\/h2>\n            <h3 class=\"apps-section__paragraph\">Aprovecha los descuentos y ventajas de entrar en el Club La Wash<\/h3>\n          <\/div>\n        <\/div>\n      <\/div>\n      <div class=\"lawash-col-auto second-col\">\n                <div class=\"apps-section__apps\">\n                                      \n              <a title=\"App Store\" class=\"apps-section__app-logo\" href=\"https:\/\/apps.apple.com\/es\/app\/lawash\/id1160184056\" target=\"_blank\">\n  <img decoding=\"async\" alt=\"App Store\" class=\"apps-section__app-img\" src=\"https:\/\/lawash.es\/wp-content\/uploads\/2024\/10\/app-store.5c0ed0.svg\" \/>\n<\/a>\n                                      \n              <a title=\"Google Play\" class=\"apps-section__app-logo\" href=\"https:\/\/play.google.com\/store\/apps\/details?id=lawash.com.lawash&amp;hl=en\" target=\"_blank\">\n  <img decoding=\"async\" alt=\"Google Play\" class=\"apps-section__app-img\" src=\"https:\/\/lawash.es\/wp-content\/uploads\/2024\/10\/google-play.c58f6e.svg\" \/>\n<\/a>\n                  <\/div>\n              <\/div>\n    <\/div>\n  <\/div>\n<\/section>\n\t\t\t\t<\/div>\n\t\t\t\t<\/div>\n\t\t\t\t<div class=\"elementor-element elementor-element-9e436c0 elementor-widget elementor-widget-global elementor-global-6875 elementor-widget-newsletter_widget\" data-id=\"9e436c0\" data-element_type=\"widget\" data-widget_type=\"newsletter_widget.default\">\n\t\t\t\t<div class=\"elementor-widget-container\">\n\t\t\t\t\t<div class=\"newsletter\">\n    <div class=\"lawash-container\">\n        <div class=\"lawash-row\">\n            <div class=\"lawash-col-6\">\n                <div class=\"d-flex flex-wrap align-items-center\">\n                    <h2 class=\"newsletter__title title-3\">Newsletter<\/h2>\n                    <h3 class=\"newsletter__paragraph\">\n                        Reciba todas las promociones y novedades\n                    <\/h3>\n                <\/div>\n            <\/div>\n            <div class=\"lawash-col-6\">\n                <form id=\"js-newsletter-form\" class=\"d-flex flex-wrap align-items-end\">\n                    <input class=\"newsletter__input input-1 js-newsletter-email\" type=\"email\" placeholder=\"\" \/>\n                    <button type=\"submit\" class=\"newsletter__submit button-3\">Inscr\u00edbite<\/button>\n                    <p class=\"newsletter__result newsletter__paragraph js-newsletter-result\"><\/p>\n                <\/form>\n            <\/div>\n        <\/div>\n    <\/div>\n<\/div>\n\t\t\t\t<\/div>\n\t\t\t\t<\/div>\n\t\t\t\t\t<\/div>\n\t\t<\/div>\n\t\t\t\t\t<\/div>\n\t\t<\/section>\n\t\t\t\t<\/div>\n\t\t\t\t<\/div>\n\t\t\t\t\t\t<\/div>\n\t\t\t\t<\/div>\n\t\t\t\t\t<\/div>\n\t\t<\/div>\n\t\t\t\t\t<\/div>\n\t\t<\/section>\n\t\t\t\t<\/div>\n\t\t","protected":false},"excerpt":{"rendered":"<p>Come\u00e7ar &nbsp;&#8211;&nbsp; Contato La Wash Contato La Wash USA AS NOSSAS LAVANDARIAS E TEM ALGUMA D\u00daVIDA? FALE COM A LA WASH D\u00favidas, sugest\u00f5es ou incid\u00eancias \u2014 estamos aqui para ajudar. Se precisa de apoio sobre o funcionamento das nossas lavandarias, informa\u00e7\u00f5es sobre os servi\u00e7os, localiza\u00e7\u00f5es ou se quiser enviar-nos um coment\u00e1rio, preencha este formul\u00e1rio e &hellip; <a href=\"https:\/\/lawash.es\/pt-pt\/contato-la-wash\/\">Continued<\/a><\/p>\n","protected":false},"author":3,"featured_media":0,"parent":0,"menu_order":0,"comment_status":"closed","ping_status":"closed","template":"template-elementor.blade.php","meta":{"_acf_changed":false,"inline_featured_image":false,"footnotes":""},"class_list":["post-9321","page","type-page","status-publish","hentry"],"acf":[],"yoast_head":"<!-- This site is optimized with the Yoast SEO plugin v24.4 - https:\/\/yoast.com\/wordpress\/plugins\/seo\/ -->\n<title>Entre em contacto com a La Wash | Lavandarias self-service<\/title>\n<meta name=\"description\" content=\"Entre em contacto com a La Wash para esclarecer as suas d\u00favidas e encontrar a lavandaria self-service mais pr\u00f3xima.\" \/>\n<meta name=\"robots\" content=\"index, follow, max-snippet:-1, max-image-preview:large, max-video-preview:-1\" \/>\n<link rel=\"canonical\" href=\"https:\/\/lawash.es\/pt-pt\/contato-la-wash\/\" \/>\n<meta property=\"og:locale\" content=\"pt_PT\" \/>\n<meta property=\"og:type\" content=\"article\" \/>\n<meta property=\"og:title\" content=\"Entre em contacto com a La Wash | Lavandarias self-service\" \/>\n<meta property=\"og:description\" content=\"Entre em contacto com a La Wash para esclarecer as suas d\u00favidas e encontrar a lavandaria self-service mais pr\u00f3xima.\" \/>\n<meta property=\"og:url\" content=\"https:\/\/lawash.es\/pt-pt\/contato-la-wash\/\" \/>\n<meta property=\"og:site_name\" content=\"La Wash\" \/>\n<meta property=\"article:modified_time\" content=\"2026-03-11T16:43:38+00:00\" \/>\n<meta property=\"og:image\" content=\"https:\/\/lawash.es\/wp-content\/uploads\/2024\/10\/contacto.911681.jpg\" \/>\n<meta name=\"twitter:card\" content=\"summary_large_image\" \/>\n<meta name=\"twitter:label1\" content=\"Tempo estimado de leitura\" \/>\n\t<meta name=\"twitter:data1\" content=\"3 minutos\" \/>\n<!-- \/ Yoast SEO plugin. -->","yoast_head_json":{"title":"Entre em contacto com a La Wash | Lavandarias self-service","description":"Entre em contacto com a La Wash para esclarecer as suas d\u00favidas e encontrar a lavandaria self-service mais pr\u00f3xima.","robots":{"index":"index","follow":"follow","max-snippet":"max-snippet:-1","max-image-preview":"max-image-preview:large","max-video-preview":"max-video-preview:-1"},"canonical":"https:\/\/lawash.es\/pt-pt\/contato-la-wash\/","og_locale":"pt_PT","og_type":"article","og_title":"Entre em contacto com a La Wash | Lavandarias self-service","og_description":"Entre em contacto com a La Wash para esclarecer as suas d\u00favidas e encontrar a lavandaria self-service mais pr\u00f3xima.","og_url":"https:\/\/lawash.es\/pt-pt\/contato-la-wash\/","og_site_name":"La Wash","article_modified_time":"2026-03-11T16:43:38+00:00","og_image":[{"url":"https:\/\/lawash.es\/wp-content\/uploads\/2024\/10\/contacto.911681.jpg","type":"","width":"","height":""}],"twitter_card":"summary_large_image","twitter_misc":{"Tempo estimado de leitura":"3 minutos"},"schema":{"@context":"https:\/\/schema.org","@graph":[{"@type":"WebPage","@id":"https:\/\/lawash.es\/pt-pt\/contato-la-wash\/","url":"https:\/\/lawash.es\/pt-pt\/contato-la-wash\/","name":"Entre em contacto com a La Wash | Lavandarias self-service","isPartOf":{"@id":"https:\/\/lawash.es\/pt-pt\/#website"},"primaryImageOfPage":{"@id":"https:\/\/lawash.es\/pt-pt\/contato-la-wash\/#primaryimage"},"image":{"@id":"https:\/\/lawash.es\/pt-pt\/contato-la-wash\/#primaryimage"},"thumbnailUrl":"https:\/\/lawash.es\/wp-content\/uploads\/2024\/10\/contacto.911681.jpg","datePublished":"2024-11-12T08:35:17+00:00","dateModified":"2026-03-11T16:43:38+00:00","description":"Entre em contacto com a La Wash para esclarecer as suas d\u00favidas e encontrar a lavandaria self-service mais pr\u00f3xima.","breadcrumb":{"@id":"https:\/\/lawash.es\/pt-pt\/contato-la-wash\/#breadcrumb"},"inLanguage":"pt-PT","potentialAction":[{"@type":"ReadAction","target":["https:\/\/lawash.es\/pt-pt\/contato-la-wash\/"]}]},{"@type":"ImageObject","inLanguage":"pt-PT","@id":"https:\/\/lawash.es\/pt-pt\/contato-la-wash\/#primaryimage","url":"https:\/\/lawash.es\/wp-content\/uploads\/2024\/10\/contacto.911681.jpg","contentUrl":"https:\/\/lawash.es\/wp-content\/uploads\/2024\/10\/contacto.911681.jpg"},{"@type":"BreadcrumbList","@id":"https:\/\/lawash.es\/pt-pt\/contato-la-wash\/#breadcrumb","itemListElement":[{"@type":"ListItem","position":1,"name":"Portada","item":"https:\/\/lawash.es\/pt-pt\/"},{"@type":"ListItem","position":2,"name":"Contato La Wash"}]},{"@type":"WebSite","@id":"https:\/\/lawash.es\/pt-pt\/#website","url":"https:\/\/lawash.es\/pt-pt\/","name":"La Wash","description":"Franquicia de lavander\u00edas autoservicio","potentialAction":[{"@type":"SearchAction","target":{"@type":"EntryPoint","urlTemplate":"https:\/\/lawash.es\/pt-pt\/?s={search_term_string}"},"query-input":{"@type":"PropertyValueSpecification","valueRequired":true,"valueName":"search_term_string"}}],"inLanguage":"pt-PT"}]}},"_links":{"self":[{"href":"https:\/\/lawash.es\/pt-pt\/wp-json\/wp\/v2\/pages\/9321","targetHints":{"allow":["GET"]}}],"collection":[{"href":"https:\/\/lawash.es\/pt-pt\/wp-json\/wp\/v2\/pages"}],"about":[{"href":"https:\/\/lawash.es\/pt-pt\/wp-json\/wp\/v2\/types\/page"}],"author":[{"embeddable":true,"href":"https:\/\/lawash.es\/pt-pt\/wp-json\/wp\/v2\/users\/3"}],"replies":[{"embeddable":true,"href":"https:\/\/lawash.es\/pt-pt\/wp-json\/wp\/v2\/comments?post=9321"}],"version-history":[{"count":0,"href":"https:\/\/lawash.es\/pt-pt\/wp-json\/wp\/v2\/pages\/9321\/revisions"}],"wp:attachment":[{"href":"https:\/\/lawash.es\/pt-pt\/wp-json\/wp\/v2\/media?parent=9321"}],"curies":[{"name":"wp","href":"https:\/\/api.w.org\/{rel}","templated":true}]}}